{"id":2163,"date":"2022-12-15T12:20:03","date_gmt":"2022-12-15T11:20:03","guid":{"rendered":"https:\/\/team4jc.de\/biezaca-pomoc\/"},"modified":"2024-02-21T13:19:15","modified_gmt":"2024-02-21T12:19:15","slug":"biezaca-pomoc","status":"publish","type":"page","link":"https:\/\/team4jc.de\/pl\/biezaca-pomoc\/","title":{"rendered":"Pomoc 2023"},"content":{"rendered":"<h1 class=\"animate from-top wp-block-post-title\">Pomoc 2023<\/h1>\n<figure class=\"wp-block-gallery has-nested-images columns-default is-cropped wp-block-gallery-1 is-layout-flex wp-block-gallery-is-layout-flex\">\n<figure class=\"wp-block-image size-full animate from-left\"><img loading=\"lazy\" decoding=\"async\" width=\"906\" height=\"1280\" data-id=\"2280\" src=\"https:\/\/team4jc.de\/wp-content\/uploads\/2023\/02\/IMG_6154.jpg\" alt=\"\" class=\"wp-image-2280\" srcset=\"https:\/\/team4jc.de\/wp-content\/uploads\/2023\/02\/IMG_6154.jpg 906w, https:\/\/team4jc.de\/wp-content\/uploads\/2023\/02\/IMG_6154-212x300.jpg 212w, https:\/\/team4jc.de\/wp-content\/uploads\/2023\/02\/IMG_6154-725x1024.jpg 725w, https:\/\/team4jc.de\/wp-content\/uploads\/2023\/02\/IMG_6154-768x1085.jpg 768w\" sizes=\"auto, (max-width: 906px) 100vw, 906px\" \/><\/figure>\n<\/figure>\n\n<h2 class=\"wp-block-heading animate from-top\"><strong>Pomoc dla Ukrainy<\/strong><\/h2>\n\n<p class=\"animate from-top has-large-font-size\"><strong><a href=\"#hilfsg%C3%BCtersammlung\">25\/26 lutego 2023 r. &#8211; Zbi\u00f3rka artyku\u0142\u00f3w pierwszej potrzeby<\/a><\/strong><\/p>\n\n<p class=\"animate from-top has-large-font-size\"><strong><a href=\"#ukraine_fahrt1\">27.02. &#8211; 01.03.2023 &#8211; Podr\u00f3\u017c na Ukrain\u0119<\/a><\/strong><\/p>\n\n<p class=\"has-large-font-size\"><strong><a href=\"#lkw\">Marzec 2023 &#8211; Naczepa pe\u0142na materia\u0142\u00f3w pomocowych<\/a><\/strong><\/p>\n\n<p class=\"has-large-font-size\"><strong><a href=\"https:\/\/team4jc.de\/de\/hilfsaktion-dezember\/\">18\/19 grudnia 2022 r. &#8211; operacja pomocowa na Ukrainie<\/a><\/strong><\/p>\n\n<h3 class=\"wp-block-heading animate from-top\"><strong>Pomoc ukierunkowana. Teraz.<\/strong><\/h3>\n\n<figure class=\"wp-block-gallery has-nested-images columns-default is-cropped wp-block-gallery-2 is-layout-flex wp-block-gallery-is-layout-flex\">\n<figure class=\"wp-block-image size-large animate from-left\"><img loading=\"lazy\" decoding=\"async\" width=\"1024\" height=\"576\" data-id=\"2455\" src=\"https:\/\/team4jc.de\/wp-content\/uploads\/2023\/03\/IMG_4856-edited-1024x576.jpg\" alt=\"\" class=\"wp-image-2455\" srcset=\"https:\/\/team4jc.de\/wp-content\/uploads\/2023\/03\/IMG_4856-edited-1024x576.jpg 1024w, https:\/\/team4jc.de\/wp-content\/uploads\/2023\/03\/IMG_4856-edited-300x169.jpg 300w, https:\/\/team4jc.de\/wp-content\/uploads\/2023\/03\/IMG_4856-edited-768x432.jpg 768w, https:\/\/team4jc.de\/wp-content\/uploads\/2023\/03\/IMG_4856-edited-1536x864.jpg 1536w, https:\/\/team4jc.de\/wp-content\/uploads\/2023\/03\/IMG_4856-edited-1980x1113.jpg 1980w\" sizes=\"auto, (max-width: 1024px) 100vw, 1024px\" \/><\/figure>\n<\/figure>\n\n<h4 class=\"wp-block-heading animate from-top\"><strong>Pomoc z Steinbergkirche i Flensburga dla os\u00f3b, kt\u00f3re potrzebuj\u0105 pomocy dzisiaj:<\/strong><\/h4>\n\n<h3 class=\"wp-block-heading animate from-top\" id=\"hilfsg&#xFC;tersammlung\">Zbieranie pomocy<br\/>25\/26 lutego 2023 r.<\/h3>\n\n<p class=\"animate from-bottom\">Podobnie jak zbi\u00f3rka pomocy w grudniu 2022 roku, nasza zbi\u00f3rka pomocy w dniach 25\/26 lutego 2023 roku w Steinbergkirche na parkingu przed domami towarowymi STOLZ i jednocze\u015bnie we Flensburgu we wsp\u00f3\u0142pracy z lekarzem okaza\u0142a si\u0119 wielkim sukcesem!  <\/p>\n\n<figure class=\"wp-block-gallery has-nested-images columns-default is-cropped animate from-left wp-block-gallery-3 is-layout-flex wp-block-gallery-is-layout-flex\">\n<figure class=\"wp-block-image size-full\"><img loading=\"lazy\" decoding=\"async\" width=\"768\" height=\"1024\" data-id=\"2435\" src=\"https:\/\/team4jc.de\/wp-content\/uploads\/2023\/03\/PHOTO-2023-02-25-20-35-46-1.jpg\" alt=\"\" class=\"wp-image-2435\" srcset=\"https:\/\/team4jc.de\/wp-content\/uploads\/2023\/03\/PHOTO-2023-02-25-20-35-46-1.jpg 768w, https:\/\/team4jc.de\/wp-content\/uploads\/2023\/03\/PHOTO-2023-02-25-20-35-46-1-225x300.jpg 225w\" sizes=\"auto, (max-width: 768px) 100vw, 768px\" \/><\/figure>\n<\/figure>\n\n<h3 class=\"wp-block-heading animate from-top\" id=\"ukraine_fahrt1\">27-29 lutego 2023 r. Podr\u00f3\u017c na Ukrain\u0119<\/h3>\n\n<p class=\"animate from-bottom\">Zebra\u0142a si\u0119 niewyobra\u017calna ilo\u015b\u0107 pomocy, kt\u00f3ra przeros\u0142a nas wszystkich! Wieczorem tego dnia dostarczyli\u015bmy pierwsz\u0105 cz\u0119\u015b\u0107 z 46 m\u00b3 artyku\u0142\u00f3w pomocowych. 26 lutego, za\u0142adowali\u015bmy si\u0119 do 4 du\u017cych van\u00f3w i przygotowali\u015bmy si\u0119 w 9-osobowym zespole do wyjazdu w poniedzia\u0142ek rano. 27 lutego w kierunku Ukrainy!  <\/p>\n\n<p class=\"animate from-bottom\">Wczesnym rankiem w poniedzia\u0142ek 27 lutego, dzie\u0144 po zako\u0144czeniu akcji zbi\u00f3rki, wyruszyli\u015bmy ze Steinbergkirche w kierunku granicy z Ukrain\u0105 czterema w pe\u0142ni za\u0142adowanymi furgonetkami.  <\/p>\n\n<p class=\"animate from-bottom\">Dzi\u0119ki temu, \u017ce w pojazdach jest po dw\u00f3ch kierowc\u00f3w, mogli\u015bmy je\u017adzi\u0107 na zmian\u0119, wi\u0119c do hotelu na granicy z Ukrain\u0105 dotarli\u015bmy po oko\u0142o 15 godzinach jazdy.  <\/p>\n\n<figure class=\"wp-block-gallery has-nested-images columns-default is-cropped wp-block-gallery-4 is-layout-flex wp-block-gallery-is-layout-flex\">\n<figure class=\"wp-block-image size-large animate from-left\"><img loading=\"lazy\" decoding=\"async\" width=\"1024\" height=\"768\" data-id=\"2344\" src=\"https:\/\/team4jc.de\/wp-content\/uploads\/2023\/03\/IMG_1244-1024x768.jpg\" alt=\"\" class=\"wp-image-2344\" srcset=\"https:\/\/team4jc.de\/wp-content\/uploads\/2023\/03\/IMG_1244-1024x768.jpg 1024w, https:\/\/team4jc.de\/wp-content\/uploads\/2023\/03\/IMG_1244-300x225.jpg 300w, https:\/\/team4jc.de\/wp-content\/uploads\/2023\/03\/IMG_1244-768x576.jpg 768w, https:\/\/team4jc.de\/wp-content\/uploads\/2023\/03\/IMG_1244-1536x1151.jpg 1536w, https:\/\/team4jc.de\/wp-content\/uploads\/2023\/03\/IMG_1244-1980x1484.jpg 1980w\" sizes=\"auto, (max-width: 1024px) 100vw, 1024px\" \/><\/figure>\n<\/figure>\n\n<p class=\"animate from-bottom\">We wtorek rano wyruszyli\u015bmy w stron\u0119 granicy. Z czterema furgonetkami i 46 m3 zapas\u00f3w uda\u0142o nam si\u0119 przejecha\u0107! Wsp\u00f3lnie, jako zesp\u00f3\u0142, przekazali\u015bmy 46 m\u00b3 \u017cywno\u015bci, odzie\u017cy, artyku\u0142\u00f3w higienicznych i medycznych Ukrai\u0144com na Ukrainie, kt\u00f3rych wcze\u015bniej poznali\u015bmy osobi\u015bcie.  <\/p>\n\n<figure class=\"wp-block-gallery has-nested-images columns-default is-cropped wp-block-gallery-5 is-layout-flex wp-block-gallery-is-layout-flex\">\n<figure class=\"wp-block-image size-full animate from-left\"><img loading=\"lazy\" decoding=\"async\" width=\"2731\" height=\"1536\" data-id=\"2349\" src=\"https:\/\/team4jc.de\/wp-content\/uploads\/2023\/03\/A2DE83FE-0B7D-4B87-BC5F-C1C12D0138C6.jpg\" alt=\"\" class=\"wp-image-2349\" srcset=\"https:\/\/team4jc.de\/wp-content\/uploads\/2023\/03\/A2DE83FE-0B7D-4B87-BC5F-C1C12D0138C6.jpg 2731w, https:\/\/team4jc.de\/wp-content\/uploads\/2023\/03\/A2DE83FE-0B7D-4B87-BC5F-C1C12D0138C6-300x169.jpg 300w, https:\/\/team4jc.de\/wp-content\/uploads\/2023\/03\/A2DE83FE-0B7D-4B87-BC5F-C1C12D0138C6-1024x576.jpg 1024w, https:\/\/team4jc.de\/wp-content\/uploads\/2023\/03\/A2DE83FE-0B7D-4B87-BC5F-C1C12D0138C6-768x432.jpg 768w, https:\/\/team4jc.de\/wp-content\/uploads\/2023\/03\/A2DE83FE-0B7D-4B87-BC5F-C1C12D0138C6-1536x864.jpg 1536w, https:\/\/team4jc.de\/wp-content\/uploads\/2023\/03\/A2DE83FE-0B7D-4B87-BC5F-C1C12D0138C6-2048x1152.jpg 2048w, https:\/\/team4jc.de\/wp-content\/uploads\/2023\/03\/A2DE83FE-0B7D-4B87-BC5F-C1C12D0138C6-1980x1114.jpg 1980w\" sizes=\"auto, (max-width: 2731px) 100vw, 2731px\" \/><\/figure>\n<\/figure>\n\n<p class=\"animate from-bottom\">W kr\u00f3tkim czasie wszystkie towary mog\u0142y zosta\u0107 przeniesione z 4 transporter\u00f3w do ukrai\u0144skiej ci\u0119\u017car\u00f3wki.  <\/p>\n\n<figure class=\"wp-block-gallery has-nested-images columns-default is-cropped animate from-left wp-block-gallery-6 is-layout-flex wp-block-gallery-is-layout-flex\">\n<figure class=\"wp-block-image size-full\"><img loading=\"lazy\" decoding=\"async\" width=\"1536\" height=\"2049\" data-id=\"2354\" src=\"https:\/\/team4jc.de\/wp-content\/uploads\/2023\/03\/IMG_1208.jpg\" alt=\"\" class=\"wp-image-2354\" srcset=\"https:\/\/team4jc.de\/wp-content\/uploads\/2023\/03\/IMG_1208.jpg 1536w, https:\/\/team4jc.de\/wp-content\/uploads\/2023\/03\/IMG_1208-225x300.jpg 225w, https:\/\/team4jc.de\/wp-content\/uploads\/2023\/03\/IMG_1208-768x1025.jpg 768w, https:\/\/team4jc.de\/wp-content\/uploads\/2023\/03\/IMG_1208-1151x1536.jpg 1151w\" sizes=\"auto, (max-width: 1536px) 100vw, 1536px\" \/><\/figure>\n\n\n\n<figure class=\"wp-block-image size-full\"><img loading=\"lazy\" decoding=\"async\" width=\"1536\" height=\"2049\" data-id=\"2359\" src=\"https:\/\/team4jc.de\/wp-content\/uploads\/2023\/03\/IMG_1271.jpg\" alt=\"\" class=\"wp-image-2359\" srcset=\"https:\/\/team4jc.de\/wp-content\/uploads\/2023\/03\/IMG_1271.jpg 1536w, https:\/\/team4jc.de\/wp-content\/uploads\/2023\/03\/IMG_1271-225x300.jpg 225w, https:\/\/team4jc.de\/wp-content\/uploads\/2023\/03\/IMG_1271-768x1025.jpg 768w, https:\/\/team4jc.de\/wp-content\/uploads\/2023\/03\/IMG_1271-1151x1536.jpg 1151w\" sizes=\"auto, (max-width: 1536px) 100vw, 1536px\" \/><\/figure>\n\n\n\n<figure class=\"wp-block-image size-full\"><img loading=\"lazy\" decoding=\"async\" width=\"2049\" height=\"1536\" data-id=\"2364\" src=\"https:\/\/team4jc.de\/wp-content\/uploads\/2023\/03\/IMG_1134.jpg\" alt=\"\" class=\"wp-image-2364\" srcset=\"https:\/\/team4jc.de\/wp-content\/uploads\/2023\/03\/IMG_1134.jpg 2049w, https:\/\/team4jc.de\/wp-content\/uploads\/2023\/03\/IMG_1134-300x225.jpg 300w, https:\/\/team4jc.de\/wp-content\/uploads\/2023\/03\/IMG_1134-1024x768.jpg 1024w, https:\/\/team4jc.de\/wp-content\/uploads\/2023\/03\/IMG_1134-768x576.jpg 768w, https:\/\/team4jc.de\/wp-content\/uploads\/2023\/03\/IMG_1134-1536x1151.jpg 1536w, https:\/\/team4jc.de\/wp-content\/uploads\/2023\/03\/IMG_1134-1980x1484.jpg 1980w\" sizes=\"auto, (max-width: 2049px) 100vw, 2049px\" \/><\/figure>\n<\/figure>\n\n<p class=\"animate from-bottom\">Nast\u0119pnie Ukrai\u0144cy zawie\u017ali wszystkie te materia\u0142y pomocowe bezpo\u015brednio na wsch\u00f3d kraju, gdzie zosta\u0142y one rozdane w \u015bci\u015ble okre\u015blony spos\u00f3b.  <\/p>\n\n<figure class=\"wp-block-gallery has-nested-images columns-default is-cropped animate from-left wp-block-gallery-7 is-layout-flex wp-block-gallery-is-layout-flex\">\n<figure class=\"wp-block-image size-full\"><img loading=\"lazy\" decoding=\"async\" width=\"714\" height=\"1290\" data-id=\"2369\" src=\"https:\/\/team4jc.de\/wp-content\/uploads\/2023\/03\/IMG_2631.jpg\" alt=\"\" class=\"wp-image-2369\" srcset=\"https:\/\/team4jc.de\/wp-content\/uploads\/2023\/03\/IMG_2631.jpg 714w, https:\/\/team4jc.de\/wp-content\/uploads\/2023\/03\/IMG_2631-166x300.jpg 166w, https:\/\/team4jc.de\/wp-content\/uploads\/2023\/03\/IMG_2631-567x1024.jpg 567w\" sizes=\"auto, (max-width: 714px) 100vw, 714px\" \/><\/figure>\n\n\n\n<figure class=\"wp-block-image size-full\"><img loading=\"lazy\" decoding=\"async\" width=\"712\" height=\"1290\" data-id=\"2374\" src=\"https:\/\/team4jc.de\/wp-content\/uploads\/2023\/03\/IMG_2628.jpg\" alt=\"\" class=\"wp-image-2374\" srcset=\"https:\/\/team4jc.de\/wp-content\/uploads\/2023\/03\/IMG_2628.jpg 712w, https:\/\/team4jc.de\/wp-content\/uploads\/2023\/03\/IMG_2628-166x300.jpg 166w, https:\/\/team4jc.de\/wp-content\/uploads\/2023\/03\/IMG_2628-565x1024.jpg 565w\" sizes=\"auto, (max-width: 712px) 100vw, 712px\" \/><\/figure>\n<\/figure>\n\n<p class=\"animate from-bottom\">Nast\u0119pnie wr\u00f3cili\u015bmy do Polski przez granic\u0119. Po po\u0142udniu, 28 lutego, wszyscy dobrze spali i ruszyli\u015bmy w drog\u0119 powrotn\u0105 do p\u00f3\u0142nocnych Niemiec. Wyczerpani, ale szcz\u0119\u015bliwi, dotarli\u015bmy do domu w \u015brod\u0119 rano! Trasa po raz kolejny poruszy\u0142a nas jako dru\u017cyn\u0119, ka\u017cdego z nas, poniewa\u017c wiemy, jak bardzo pomaga ka\u017cda sztuka odzie\u017cy i co robi ka\u017cde pude\u0142ko z \u017cywno\u015bci\u0105, &#8230;i pomimo ca\u0142ej tej troski i wszystkich wyzwa\u0144, by\u0142a to tak\u017ce dla nas jako dru\u017cyny prawdziwa zabawa, kt\u00f3ra pozwoli\u0142a nam rozwin\u0105\u0107 si\u0119 jako grupie! Dzi\u0119ki Bogu, w ko\u0144cu wszystko si\u0119 uda\u0142o!  <\/p>\n\n<p class=\"animate from-bottom\">Bardzo dzi\u0119kuj\u0119 wszystkim, kt\u00f3rzy tak gor\u0105co wsparli akcj\u0119 w Steinbergkirche i we Flensburgu, aby i tym razem ta niezb\u0119dna pomoc mog\u0142a dotrze\u0107 do ludzi na Ukrainie w spos\u00f3b ukierunkowany!<\/p>\n\n<figure class=\"wp-block-gallery has-nested-images columns-default is-cropped animate from-left wp-block-gallery-8 is-layout-flex wp-block-gallery-is-layout-flex\">\n<figure class=\"wp-block-image size-large\"><img loading=\"lazy\" decoding=\"async\" width=\"1024\" height=\"768\" data-id=\"2465\" src=\"https:\/\/team4jc.de\/wp-content\/uploads\/2023\/03\/IMG_5004-1024x768.jpg\" alt=\"\" class=\"wp-image-2465\" srcset=\"https:\/\/team4jc.de\/wp-content\/uploads\/2023\/03\/IMG_5004-1024x768.jpg 1024w, https:\/\/team4jc.de\/wp-content\/uploads\/2023\/03\/IMG_5004-300x225.jpg 300w, https:\/\/team4jc.de\/wp-content\/uploads\/2023\/03\/IMG_5004-768x576.jpg 768w, https:\/\/team4jc.de\/wp-content\/uploads\/2023\/03\/IMG_5004-1536x1151.jpg 1536w, https:\/\/team4jc.de\/wp-content\/uploads\/2023\/03\/IMG_5004-1980x1484.jpg 1980w\" sizes=\"auto, (max-width: 1024px) 100vw, 1024px\" \/><\/figure>\n\n\n\n<figure class=\"wp-block-image size-full\"><img loading=\"lazy\" decoding=\"async\" width=\"2731\" height=\"1536\" data-id=\"2389\" src=\"https:\/\/team4jc.de\/wp-content\/uploads\/2023\/03\/IMG_5168-2.jpg\" alt=\"\" class=\"wp-image-2389\" srcset=\"https:\/\/team4jc.de\/wp-content\/uploads\/2023\/03\/IMG_5168-2.jpg 2731w, https:\/\/team4jc.de\/wp-content\/uploads\/2023\/03\/IMG_5168-2-300x169.jpg 300w, https:\/\/team4jc.de\/wp-content\/uploads\/2023\/03\/IMG_5168-2-1024x576.jpg 1024w, https:\/\/team4jc.de\/wp-content\/uploads\/2023\/03\/IMG_5168-2-768x432.jpg 768w, https:\/\/team4jc.de\/wp-content\/uploads\/2023\/03\/IMG_5168-2-1536x864.jpg 1536w, https:\/\/team4jc.de\/wp-content\/uploads\/2023\/03\/IMG_5168-2-2048x1152.jpg 2048w, https:\/\/team4jc.de\/wp-content\/uploads\/2023\/03\/IMG_5168-2-1980x1114.jpg 1980w\" sizes=\"auto, (max-width: 2731px) 100vw, 2731px\" \/><\/figure>\n<\/figure>\n\n<h2 class=\"wp-block-heading animate from-top\" id=\"lkw\">Ci\u0105gnik siod\u0142owy z kolejnymi 85 m\u00b3 materia\u0142\u00f3w pomocowych<\/h2>\n\n<p class=\"animate from-bottom\">Dla pozosta\u0142ych zebranych towar\u00f3w szybko sta\u0142o si\u0119 jasne: opr\u00f3cz 4 transporter\u00f3w potrzebujemy jeszcze 40-tonowej ci\u0119\u017car\u00f3wki przegubowej!  <\/p>\n\n<figure class=\"wp-block-gallery has-nested-images columns-default is-cropped animate from-left wp-block-gallery-9 is-layout-flex wp-block-gallery-is-layout-flex\">\n<figure class=\"wp-block-image size-large\"><img loading=\"lazy\" decoding=\"async\" width=\"820\" height=\"1024\" data-id=\"2399\" src=\"https:\/\/team4jc.de\/wp-content\/uploads\/2023\/03\/IMG_1054-e1679590898644-820x1024.jpg\" alt=\"\" class=\"wp-image-2399\" srcset=\"https:\/\/team4jc.de\/wp-content\/uploads\/2023\/03\/IMG_1054-e1679590898644-820x1024.jpg 820w, https:\/\/team4jc.de\/wp-content\/uploads\/2023\/03\/IMG_1054-e1679590898644-240x300.jpg 240w, https:\/\/team4jc.de\/wp-content\/uploads\/2023\/03\/IMG_1054-e1679590898644-768x959.jpg 768w, https:\/\/team4jc.de\/wp-content\/uploads\/2023\/03\/IMG_1054-e1679590898644-1230x1536.jpg 1230w, https:\/\/team4jc.de\/wp-content\/uploads\/2023\/03\/IMG_1054-e1679590898644.jpg 1234w\" sizes=\"auto, (max-width: 820px) 100vw, 820px\" \/><\/figure>\n<\/figure>\n\n<p class=\"animate from-bottom\">Pr\u0119dzej powiedziane ni\u017c zrobione! W marcu w hali w Steinbergkirche posortowano towary pomocowe, zorganizowano 40-tonow\u0105 ci\u0119\u017car\u00f3wk\u0119 o obj\u0119to\u015bci \u0142adunkowej 85 m\u00b3, a pod koniec marca spodziewany jest transport na Ukrain\u0119. Dzi\u0119ki tej ogromnej ilo\u015bci ofiarowanej pomocy dostarczamy \u017cywno\u015b\u0107, odzie\u017c, artyku\u0142y higieniczne, produkty medyczne i sprz\u0119t techniczny bezpo\u015brednio na Ukrain\u0119, do tych rejon\u00f3w kraju, gdzie pomoc jest pilnie i centralnie potrzebna. Bardzo dzi\u0119kuj\u0119 wszystkim, kt\u00f3rzy wzi\u0119li udzia\u0142 w konkursie!<\/p>\n\n<p class=\"animate from-bottom\">Wkr\u00f3tce ruszymy dalej. Informacje o kolejnej trasie i tym, co aktualnie jest potrzebne, pojawi\u0105 si\u0119 wkr\u00f3tce tutaj w sieci oraz na Instagramie <a rel=\"noreferrer noopener\" href=\"https:\/\/www.instagram.com\/team4jc\/\" target=\"_blank\">@team4jc<\/a>.  <\/p>\n\n<p class=\"animate from-bottom\">Bardzo dzi\u0119kuj\u0119 za ch\u0119ci! Tw\u00f3j Team4JC<\/p>\n\n<div class=\"wp-block-cover alignfull has-parallax\" style=\"min-height:80vh;aspect-ratio:unset;\"><span aria-hidden=\"true\" class=\"wp-block-cover__background has-background-dim-0 has-background-dim\"><\/span><div role=\"img\" class=\"wp-block-cover__image-background wp-image-1025 has-parallax\" style=\"background-position:50% 50%;background-image:url(https:\/\/team4jc.de\/wp-content\/uploads\/2022\/12\/Unbenannt-3.png)\"><\/div><div class=\"wp-block-cover__inner-container is-layout-flow wp-block-cover-is-layout-flow\">\n<p class=\"has-text-align-center has-large-font-size\"><\/p>\n<\/div><\/div>\n","protected":false},"excerpt":{"rendered":"<p>Pomoc dla Ukrainy 25\/26 lutego 2023 r. &#8211; Zbi\u00f3rka artyku\u0142\u00f3w pierwszej potrzeby 27.02. &#8211; 01.03.2023 &#8211; Podr\u00f3\u017c na Ukrain\u0119 Marzec 2023 &#8211; Naczepa pe\u0142na materia\u0142\u00f3w pomocowych 18\/19 grudnia 2022 r. &#8211; operacja pomocowa na Ukrainie Pomoc ukierunkowana. Teraz. Pomoc z Steinbergkirche i Flensburga dla os\u00f3b, kt\u00f3re potrzebuj\u0105 pomocy dzisiaj: Zbieranie pomocy25\/26 lutego 2023 r. Podobnie [&hellip;]<\/p>\n","protected":false},"author":1,"featured_media":1859,"parent":0,"menu_order":0,"comment_status":"closed","ping_status":"closed","template":"","meta":{"_eb_attr":"","footnotes":""},"class_list":["post-2163","page","type-page","status-publish","has-post-thumbnail","hentry"],"_links":{"self":[{"href":"https:\/\/team4jc.de\/pl\/wp-json\/wp\/v2\/pages\/2163","targetHints":{"allow":["GET"]}}],"collection":[{"href":"https:\/\/team4jc.de\/pl\/wp-json\/wp\/v2\/pages"}],"about":[{"href":"https:\/\/team4jc.de\/pl\/wp-json\/wp\/v2\/types\/page"}],"author":[{"embeddable":true,"href":"https:\/\/team4jc.de\/pl\/wp-json\/wp\/v2\/users\/1"}],"replies":[{"embeddable":true,"href":"https:\/\/team4jc.de\/pl\/wp-json\/wp\/v2\/comments?post=2163"}],"version-history":[{"count":14,"href":"https:\/\/team4jc.de\/pl\/wp-json\/wp\/v2\/pages\/2163\/revisions"}],"predecessor-version":[{"id":2528,"href":"https:\/\/team4jc.de\/pl\/wp-json\/wp\/v2\/pages\/2163\/revisions\/2528"}],"wp:featuredmedia":[{"embeddable":true,"href":"https:\/\/team4jc.de\/pl\/wp-json\/wp\/v2\/media\/1859"}],"wp:attachment":[{"href":"https:\/\/team4jc.de\/pl\/wp-json\/wp\/v2\/media?parent=2163"}],"curies":[{"name":"wp","href":"https:\/\/api.w.org\/{rel}","templated":true}]}}