{"id":2125,"date":"2022-09-13T16:41:40","date_gmt":"2022-09-13T14:41:40","guid":{"rendered":"https:\/\/team4jc.de\/szkoly\/"},"modified":"2023-01-24T17:21:01","modified_gmt":"2023-01-24T16:21:01","slug":"szkoly","status":"publish","type":"page","link":"https:\/\/team4jc.de\/pl\/dzialania-i-daty\/szkoly\/","title":{"rendered":"Szko\u0142y"},"content":{"rendered":"<h1 class=\"animate from-top wp-block-post-title\">Szko\u0142y<\/h1>\n<div class=\"wp-block-group is-vertical is-layout-flex wp-container-core-group-is-layout-8cf370e7 wp-block-group-is-layout-flex\">\n<p class=\"animate from-bottom has-large-font-size\"><strong>W ramach przygotowania do roku szkolnego 2023\/2024 w szko\u0142ach i plac\u00f3wkach o\u015bwiatowych<\/strong><\/p>\n\n\n\n<p class=\"animate from-bottom\"><br\/>We wsp\u00f3\u0142pracy z krajobrazem edukacyjnym GELTINGER BUCHT  <\/p>\n\n\n\n<figure class=\"wp-block-image size-large animate from-bottom\"><a href=\"https:\/\/www.bildungslandschaft-geltinger-bucht.de\/\" target=\"_blank\" rel=\"noreferrer noopener\"><img loading=\"lazy\" decoding=\"async\" width=\"1024\" height=\"410\" src=\"https:\/\/team4jc.de\/wp-content\/uploads\/2022\/01\/Bildungslandschaft-1024x410.png\" alt=\"\" class=\"wp-image-771\" srcset=\"https:\/\/team4jc.de\/wp-content\/uploads\/2022\/01\/Bildungslandschaft-1024x410.png 1024w, https:\/\/team4jc.de\/wp-content\/uploads\/2022\/01\/Bildungslandschaft-300x120.png 300w, https:\/\/team4jc.de\/wp-content\/uploads\/2022\/01\/Bildungslandschaft-768x307.png 768w, https:\/\/team4jc.de\/wp-content\/uploads\/2022\/01\/Bildungslandschaft-1536x614.png 1536w, https:\/\/team4jc.de\/wp-content\/uploads\/2022\/01\/Bildungslandschaft-2048x819.png 2048w, https:\/\/team4jc.de\/wp-content\/uploads\/2022\/01\/Bildungslandschaft-1980x792.png 1980w\" sizes=\"auto, (max-width: 1024px) 100vw, 1024px\" \/><\/a><\/figure>\n\n\n\n<p class=\"animate from-bottom\">i innymi do\u015bwiadczonymi stowarzyszeniami i federacjami sponsoruj\u0105cymi, jak r\u00f3wnie\u017c z r\u00f3\u017cnymi artystami, muzykami i pedagogami, opracowujemy koncepcje zorientowanych na praktyk\u0119 dzia\u0142a\u0144 w szko\u0142ach i instytucjach edukacyjnych dla docelowej grupy m\u0142odzie\u017cy. Skupiamy si\u0119 tutaj na praktyce. Koncepcyjnie, opr\u00f3cz przekazywania warto\u015bci, s\u0142u\u017cymy dw\u00f3m obszarom, kt\u00f3re s\u0105 dla nas bardzo wa\u017cne: z jednej strony praca profilaktyczna (zapobieganie przemocy i substancjom uzale\u017cniaj\u0105cym) w\u015br\u00f3d m\u0142odzie\u017cy, ale tak\u017ce praktyka muzyczna dla dzieci i m\u0142odzie\u017cy oraz ich rado\u015b\u0107 z rapowania. W praktycznych zadaniach wraz z do\u015bwiadczonymi muzykami, nacisk k\u0142adziony jest na rapowanie, rozpoznawanie talent\u00f3w muzycznych i praktyczne porady dotycz\u0105ce rozwoju talentu s\u0105 cz\u0119\u015bci\u0105 pakietu.<\/p>\n\n\n\n<p class=\"animate from-bottom\"><br\/>Profilaktyka w zakresie zachowa\u0144 agresywnych i uzale\u017cnie\u0144 to nic innego jak teoria, dlatego w praktycznej realizacji tej pracy towarzysz\u0105 nam ludzie, kt\u00f3rzy relacjonuj\u0105 z w\u0142asnego \u017cycia to, co sami przeszli. Relacjonuj\u0105, jak dostali si\u0119 w zale\u017cno\u015bci i co to znaczy by\u0107 w takich zale\u017cno\u015bciach. Przedstawiaj\u0105 bardzo praktyczne relacje z tego, co zrobili, aby uwolni\u0107 si\u0119 od tych uzale\u017cnie\u0144.<\/p>\n\n\n\n<p class=\"animate from-bottom\"><br\/>Wielu z was poradzi\u0142o sobie z tym dzi\u0119ki pomocy i wsparciu z zewn\u0105trz, pokazano im drogi wyj\u015bcia, postanowili\u015bcie dzia\u0142a\u0107. Wielu z nich odzyska\u0142o szanse \u017cyciowe, kt\u00f3re uwa\u017cali za stracone&#8230; Dotyczy to r\u00f3wnie\u017c m\u0142odych ludzi, kt\u00f3rzy wykorzystali te szanse na nowy pocz\u0105tek, pozostawiaj\u0105c za sob\u0105 przywi\u0105zania. Ludzie ci opowiadaj\u0105 o swoim \u017cyciu, o tym jak radzili sobie z tymi problemami w codziennym \u017cyciu, &#8230;i jak radz\u0105 sobie z nimi dzisiaj.<\/p>\n\n\n\n<p class=\"animate from-bottom\"><br\/>Jednym z element\u00f3w tej pracy w szko\u0142ach i plac\u00f3wkach o\u015bwiatowych jest nasz klubowy autobus, na kt\u00f3rym wypr\u00f3bowali\u015bmy ju\u017c sporo muzycznych wyj\u015b\u0107 rapowych wsp\u00f3lnie z m\u0142odzie\u017c\u0105, a tak\u017ce uczestniczyli\u015bmy w imprezach.<\/p>\n\n\n\n<p class=\"animate from-bottom\"><br\/>Tw\u00f3j Team4JC<\/p>\n<\/div>\n","protected":false},"excerpt":{"rendered":"<p>W ramach przygotowania do roku szkolnego 2023\/2024 w szko\u0142ach i plac\u00f3wkach o\u015bwiatowych We wsp\u00f3\u0142pracy z krajobrazem edukacyjnym GELTINGER BUCHT i innymi do\u015bwiadczonymi stowarzyszeniami i federacjami sponsoruj\u0105cymi, jak r\u00f3wnie\u017c z r\u00f3\u017cnymi artystami, muzykami i pedagogami, opracowujemy koncepcje zorientowanych na praktyk\u0119 dzia\u0142a\u0144 w szko\u0142ach i instytucjach edukacyjnych dla docelowej grupy m\u0142odzie\u017cy. Skupiamy si\u0119 tutaj na praktyce. Koncepcyjnie, [&hellip;]<\/p>\n","protected":false},"author":1,"featured_media":0,"parent":2149,"menu_order":2,"comment_status":"closed","ping_status":"closed","template":"","meta":{"_eb_attr":"","footnotes":""},"class_list":["post-2125","page","type-page","status-publish","hentry"],"_links":{"self":[{"href":"https:\/\/team4jc.de\/pl\/wp-json\/wp\/v2\/pages\/2125","targetHints":{"allow":["GET"]}}],"collection":[{"href":"https:\/\/team4jc.de\/pl\/wp-json\/wp\/v2\/pages"}],"about":[{"href":"https:\/\/team4jc.de\/pl\/wp-json\/wp\/v2\/types\/page"}],"author":[{"embeddable":true,"href":"https:\/\/team4jc.de\/pl\/wp-json\/wp\/v2\/users\/1"}],"replies":[{"embeddable":true,"href":"https:\/\/team4jc.de\/pl\/wp-json\/wp\/v2\/comments?post=2125"}],"version-history":[{"count":1,"href":"https:\/\/team4jc.de\/pl\/wp-json\/wp\/v2\/pages\/2125\/revisions"}],"predecessor-version":[{"id":2131,"href":"https:\/\/team4jc.de\/pl\/wp-json\/wp\/v2\/pages\/2125\/revisions\/2131"}],"up":[{"embeddable":true,"href":"https:\/\/team4jc.de\/pl\/wp-json\/wp\/v2\/pages\/2149"}],"wp:attachment":[{"href":"https:\/\/team4jc.de\/pl\/wp-json\/wp\/v2\/media?parent=2125"}],"curies":[{"name":"wp","href":"https:\/\/api.w.org\/{rel}","templated":true}]}}