{"id":2109,"date":"2022-09-13T17:59:23","date_gmt":"2022-09-13T15:59:23","guid":{"rendered":"https:\/\/team4jc.de\/partnerstwa-i-sponsorzy\/"},"modified":"2023-01-24T17:21:00","modified_gmt":"2023-01-24T16:21:00","slug":"partnerstwa-i-sponsorzy","status":"publish","type":"page","link":"https:\/\/team4jc.de\/pl\/partnerstwa-i-sponsorzy\/","title":{"rendered":"Partnerstwa i sponsorzy"},"content":{"rendered":"<h1 style=\"font-size:70px;\" class=\"has-text-align-center animate from-bottom wp-block-post-title\">Partnerstwa i sponsorzy<\/h1>\n<div class=\"wp-block-group is-vertical is-layout-flex wp-container-core-group-is-layout-8cf370e7 wp-block-group-is-layout-flex\">\n<p class=\"has-text-align-left animate from-bottom has-large-font-size\">W tej chwili jeste\u015bmy w trakcie zak\u0142adania stowarzyszenia (cel stowarzyszenia z naciskiem na prac\u0119 z m\u0142odzie\u017c\u0105 non-profit).<\/p>\n\n\n\n<p class=\"animate from-bottom\">Dalsze informacje pojawi\u0105 si\u0119 po zako\u0144czeniu prac nad za\u0142o\u017ceniem stowarzyszenia.<\/p>\n<\/div>\n","protected":false},"excerpt":{"rendered":"<p>W tej chwili jeste\u015bmy w trakcie zak\u0142adania stowarzyszenia (cel stowarzyszenia z naciskiem na prac\u0119 z m\u0142odzie\u017c\u0105 non-profit). Dalsze informacje pojawi\u0105 si\u0119 po zako\u0144czeniu prac nad za\u0142o\u017ceniem stowarzyszenia.<\/p>\n","protected":false},"author":1,"featured_media":0,"parent":0,"menu_order":3,"comment_status":"closed","ping_status":"closed","template":"","meta":{"_eb_attr":"","footnotes":""},"class_list":["post-2109","page","type-page","status-publish","hentry"],"_links":{"self":[{"href":"https:\/\/team4jc.de\/pl\/wp-json\/wp\/v2\/pages\/2109","targetHints":{"allow":["GET"]}}],"collection":[{"href":"https:\/\/team4jc.de\/pl\/wp-json\/wp\/v2\/pages"}],"about":[{"href":"https:\/\/team4jc.de\/pl\/wp-json\/wp\/v2\/types\/page"}],"author":[{"embeddable":true,"href":"https:\/\/team4jc.de\/pl\/wp-json\/wp\/v2\/users\/1"}],"replies":[{"embeddable":true,"href":"https:\/\/team4jc.de\/pl\/wp-json\/wp\/v2\/comments?post=2109"}],"version-history":[{"count":1,"href":"https:\/\/team4jc.de\/pl\/wp-json\/wp\/v2\/pages\/2109\/revisions"}],"predecessor-version":[{"id":2116,"href":"https:\/\/team4jc.de\/pl\/wp-json\/wp\/v2\/pages\/2109\/revisions\/2116"}],"wp:attachment":[{"href":"https:\/\/team4jc.de\/pl\/wp-json\/wp\/v2\/media?parent=2109"}],"curies":[{"name":"wp","href":"https:\/\/api.w.org\/{rel}","templated":true}]}}