{"id":2097,"date":"2022-09-13T16:39:45","date_gmt":"2022-09-13T14:39:45","guid":{"rendered":"https:\/\/team4jc.de\/klubowy-autobus\/ekspansja\/"},"modified":"2023-01-24T17:20:57","modified_gmt":"2023-01-24T16:20:57","slug":"ekspansja","status":"publish","type":"page","link":"https:\/\/team4jc.de\/pl\/klubowy-autobus\/ekspansja\/","title":{"rendered":"Ekspansja"},"content":{"rendered":"<h1 class=\"animate from-top wp-block-post-title\">Ekspansja<\/h1>\n<p class=\"animate from-bottom\">Przerabiamy autobus na zdatny do ruchu drogowego autobus klubowy, wyposa\u017cony w:<\/p>\n\n<ul class=\"animate from-right wp-block-list\"><li>kuchni\u0119,<\/li><li>zesp\u00f3\u0142-u. Wsp\u00f3lny pok\u00f3j,<\/li><li>pomieszczenie techniczne oraz<\/li><li>Miejsce do przechowywania sprz\u0119tu.<\/li><\/ul>\n\n<p class=\"animate from-bottom\">Konwersja jest wykonywana przez nas i innych m\u0142odych ludzi oraz fachowych pomocnik\u00f3w i jest cz\u0119\u015bci\u0105 naszej pracy projektowej dla m\u0142odzie\u017cy. Bardem za to jest w Steinbergkirche, gdzie na sucho zaparkowa\u0142 nasz autobus! Ju\u017c teraz jeste\u015bmy bardzo podekscytowani i podekscytowani, \u017ce mo\u017cemy rozpocz\u0105\u0107 crafting z Wami, m\u0142odymi lud\u017ami!<\/p>\n","protected":false},"excerpt":{"rendered":"<p>Przerabiamy autobus na zdatny do ruchu drogowego autobus klubowy, wyposa\u017cony w: kuchni\u0119, zesp\u00f3\u0142-u. Wsp\u00f3lny pok\u00f3j, pomieszczenie techniczne oraz Miejsce do przechowywania sprz\u0119tu. Konwersja jest wykonywana przez nas i innych m\u0142odych ludzi oraz fachowych pomocnik\u00f3w i jest cz\u0119\u015bci\u0105 naszej pracy projektowej dla m\u0142odzie\u017cy. Bardem za to jest w Steinbergkirche, gdzie na sucho zaparkowa\u0142 nasz autobus! Ju\u017c [&hellip;]<\/p>\n","protected":false},"author":1,"featured_media":0,"parent":2060,"menu_order":0,"comment_status":"closed","ping_status":"closed","template":"","meta":{"_eb_attr":"","footnotes":""},"class_list":["post-2097","page","type-page","status-publish","hentry"],"_links":{"self":[{"href":"https:\/\/team4jc.de\/pl\/wp-json\/wp\/v2\/pages\/2097","targetHints":{"allow":["GET"]}}],"collection":[{"href":"https:\/\/team4jc.de\/pl\/wp-json\/wp\/v2\/pages"}],"about":[{"href":"https:\/\/team4jc.de\/pl\/wp-json\/wp\/v2\/types\/page"}],"author":[{"embeddable":true,"href":"https:\/\/team4jc.de\/pl\/wp-json\/wp\/v2\/users\/1"}],"replies":[{"embeddable":true,"href":"https:\/\/team4jc.de\/pl\/wp-json\/wp\/v2\/comments?post=2097"}],"version-history":[{"count":1,"href":"https:\/\/team4jc.de\/pl\/wp-json\/wp\/v2\/pages\/2097\/revisions"}],"predecessor-version":[{"id":2104,"href":"https:\/\/team4jc.de\/pl\/wp-json\/wp\/v2\/pages\/2097\/revisions\/2104"}],"up":[{"embeddable":true,"href":"https:\/\/team4jc.de\/pl\/wp-json\/wp\/v2\/pages\/2060"}],"wp:attachment":[{"href":"https:\/\/team4jc.de\/pl\/wp-json\/wp\/v2\/media?parent=2097"}],"curies":[{"name":"wp","href":"https:\/\/api.w.org\/{rel}","templated":true}]}}