{"id":2094,"date":"2022-09-13T17:59:51","date_gmt":"2022-09-13T15:59:51","guid":{"rendered":"https:\/\/team4jc.de\/darowizny\/"},"modified":"2023-01-24T17:20:57","modified_gmt":"2023-01-24T16:20:57","slug":"darowizny","status":"publish","type":"page","link":"https:\/\/team4jc.de\/pl\/darowizny\/","title":{"rendered":"Darowizny"},"content":{"rendered":"<h1 class=\"animate from-bottom wp-block-post-title\">Darowizny<\/h1>\n<p class=\"animate from-bottom\">Obecnie jeste\u015bmy w trakcie zak\u0142adania stowarzyszenia. Je\u015bli chcia\u0142by\u015b nas wesprze\u0107 ju\u017c dzi\u015b, skontaktuj si\u0119 z nami.<\/p>\n","protected":false},"excerpt":{"rendered":"<p>Obecnie jeste\u015bmy w trakcie zak\u0142adania stowarzyszenia. Je\u015bli chcia\u0142by\u015b nas wesprze\u0107 ju\u017c dzi\u015b, skontaktuj si\u0119 z nami.<\/p>\n","protected":false},"author":1,"featured_media":0,"parent":0,"menu_order":4,"comment_status":"closed","ping_status":"closed","template":"","meta":{"_eb_attr":"","footnotes":""},"class_list":["post-2094","page","type-page","status-publish","hentry"],"_links":{"self":[{"href":"https:\/\/team4jc.de\/pl\/wp-json\/wp\/v2\/pages\/2094","targetHints":{"allow":["GET"]}}],"collection":[{"href":"https:\/\/team4jc.de\/pl\/wp-json\/wp\/v2\/pages"}],"about":[{"href":"https:\/\/team4jc.de\/pl\/wp-json\/wp\/v2\/types\/page"}],"author":[{"embeddable":true,"href":"https:\/\/team4jc.de\/pl\/wp-json\/wp\/v2\/users\/1"}],"replies":[{"embeddable":true,"href":"https:\/\/team4jc.de\/pl\/wp-json\/wp\/v2\/comments?post=2094"}],"version-history":[{"count":1,"href":"https:\/\/team4jc.de\/pl\/wp-json\/wp\/v2\/pages\/2094\/revisions"}],"predecessor-version":[{"id":2101,"href":"https:\/\/team4jc.de\/pl\/wp-json\/wp\/v2\/pages\/2094\/revisions\/2101"}],"wp:attachment":[{"href":"https:\/\/team4jc.de\/pl\/wp-json\/wp\/v2\/media?parent=2094"}],"curies":[{"name":"wp","href":"https:\/\/api.w.org\/{rel}","templated":true}]}}