{"id":2060,"date":"2022-08-30T20:45:50","date_gmt":"2022-08-30T18:45:50","guid":{"rendered":"https:\/\/team4jc.de\/klubowy-autobus\/"},"modified":"2023-01-24T17:19:32","modified_gmt":"2023-01-24T16:19:32","slug":"klubowy-autobus","status":"publish","type":"page","link":"https:\/\/team4jc.de\/pl\/klubowy-autobus\/","title":{"rendered":"Klubowy autobus"},"content":{"rendered":"\n<h2 class=\"alignfull has-text-align-center animate from-bottom wp-block-heading\">Autobus przerobiony na potrzeby m\u0142odzie\u017cy i imprez m\u0142odzie\u017cowych<\/h2>\n<h1 class=\"animate from-top wp-block-post-title\">Klubowy autobus<\/h1>\n<h3 class=\"alignwide has-text-align-center animate from-top wp-block-heading\"><br\/>Jako platforma do dzielenia si\u0119 swoj\u0105 histori\u0105,<br\/>Bawi\u0107 si\u0119 i \u017cy\u0107<\/h3>\n\n<p class=\"animate from-bottom\">Klubobus zrodzi\u0142 si\u0119 z idei mobilnej bazy klubowej. Mobilne, bo nie chcemy trzyma\u0107 si\u0119 sami, ale chcemy wyj\u015b\u0107 mi\u0119dzy ludzi. Gdzie mo\u017cemy nie\u015b\u0107 nadziej\u0119 i przyja\u017a\u0144. Dlatego przerabiamy autobus na zdatny do jazdy autobus klubowy, wyposa\u017cony w kuchni\u0119, pok\u00f3j dla dru\u017cyny i spo\u0142eczno\u015bci, pomieszczenie techniczne i miejsce do przechowywania sprz\u0119tu.<\/p>\n\n<p class=\"animate from-bottom\">Konwersja jest wykonywana przez nas i innych m\u0142odych ludzi oraz fachowych pomocnik\u00f3w i jest cz\u0119\u015bci\u0105 naszej pracy projektowej dla m\u0142odzie\u017cy. Bardem za to jest w Steinbergkirche, gdzie na sucho zaparkowa\u0142 nasz autobus! Ju\u017c teraz jeste\u015bmy bardzo podekscytowani i podekscytowani, \u017ce mo\u017cemy rozpocz\u0105\u0107 crafting z Wami, m\u0142odymi lud\u017ami!<\/p>\n\n<figure class=\"wp-block-gallery has-nested-images columns-2 is-cropped animate from-bottom wp-block-gallery-1 is-layout-flex wp-block-gallery-is-layout-flex\">\n<figure class=\"wp-block-image size-full\"><a href=\"https:\/\/team4jc.de\/wp-content\/uploads\/2022\/09\/IMG_2476-scaled.jpg\"><img loading=\"lazy\" decoding=\"async\" width=\"2560\" height=\"2287\" data-id=\"137\" src=\"https:\/\/team4jc.de\/wp-content\/uploads\/2022\/09\/IMG_2476-scaled.jpg\" alt=\"\" class=\"wp-image-137\" srcset=\"https:\/\/team4jc.de\/wp-content\/uploads\/2022\/09\/IMG_2476-scaled.jpg 2560w, https:\/\/team4jc.de\/wp-content\/uploads\/2022\/09\/IMG_2476-300x268.jpg 300w, https:\/\/team4jc.de\/wp-content\/uploads\/2022\/09\/IMG_2476-1024x915.jpg 1024w, https:\/\/team4jc.de\/wp-content\/uploads\/2022\/09\/IMG_2476-768x686.jpg 768w, https:\/\/team4jc.de\/wp-content\/uploads\/2022\/09\/IMG_2476-1536x1372.jpg 1536w, https:\/\/team4jc.de\/wp-content\/uploads\/2022\/09\/IMG_2476-2048x1830.jpg 2048w, https:\/\/team4jc.de\/wp-content\/uploads\/2022\/09\/IMG_2476-918x820.jpg 918w, https:\/\/team4jc.de\/wp-content\/uploads\/2022\/09\/IMG_2476-1980x1769.jpg 1980w\" sizes=\"auto, (max-width: 2560px) 100vw, 2560px\" \/><\/a><\/figure>\n\n\n\n<figure class=\"wp-block-image size-full\"><a href=\"https:\/\/team4jc.de\/wp-content\/uploads\/2022\/09\/IMG_2477-scaled.jpg\"><img decoding=\"async\" data-id=\"136\" src=\"https:\/\/team4jc.de\/wp-content\/uploads\/2022\/09\/IMG_2477-scaled.jpg\" alt=\"\" class=\"wp-image-136\"\/><\/a><\/figure>\n\n\n\n<figure class=\"wp-block-image size-full\"><a href=\"https:\/\/team4jc.de\/wp-content\/uploads\/2022\/09\/IMG_2478-scaled.jpg\"><img loading=\"lazy\" decoding=\"async\" width=\"2560\" height=\"1335\" data-id=\"135\" src=\"https:\/\/team4jc.de\/wp-content\/uploads\/2022\/09\/IMG_2478-scaled.jpg\" alt=\"\" class=\"wp-image-135\" srcset=\"https:\/\/team4jc.de\/wp-content\/uploads\/2022\/09\/IMG_2478-scaled.jpg 2560w, https:\/\/team4jc.de\/wp-content\/uploads\/2022\/09\/IMG_2478-300x156.jpg 300w, https:\/\/team4jc.de\/wp-content\/uploads\/2022\/09\/IMG_2478-1024x534.jpg 1024w, https:\/\/team4jc.de\/wp-content\/uploads\/2022\/09\/IMG_2478-768x401.jpg 768w, https:\/\/team4jc.de\/wp-content\/uploads\/2022\/09\/IMG_2478-1536x801.jpg 1536w, https:\/\/team4jc.de\/wp-content\/uploads\/2022\/09\/IMG_2478-2048x1068.jpg 2048w, https:\/\/team4jc.de\/wp-content\/uploads\/2022\/09\/IMG_2478-1458x760.jpg 1458w, https:\/\/team4jc.de\/wp-content\/uploads\/2022\/09\/IMG_2478-1980x1033.jpg 1980w\" sizes=\"auto, (max-width: 2560px) 100vw, 2560px\" \/><\/a><\/figure>\n\n\n\n<figure class=\"wp-block-image size-full\"><a href=\"https:\/\/team4jc.de\/wp-content\/uploads\/2022\/09\/0031-scaled.jpg\"><img loading=\"lazy\" decoding=\"async\" width=\"2560\" height=\"1514\" data-id=\"139\" src=\"https:\/\/team4jc.de\/wp-content\/uploads\/2022\/09\/0031-scaled.jpg\" alt=\"\" class=\"wp-image-139\" srcset=\"https:\/\/team4jc.de\/wp-content\/uploads\/2022\/09\/0031-scaled.jpg 2560w, https:\/\/team4jc.de\/wp-content\/uploads\/2022\/09\/0031-300x177.jpg 300w, https:\/\/team4jc.de\/wp-content\/uploads\/2022\/09\/0031-1024x605.jpg 1024w, https:\/\/team4jc.de\/wp-content\/uploads\/2022\/09\/0031-768x454.jpg 768w, https:\/\/team4jc.de\/wp-content\/uploads\/2022\/09\/0031-1536x908.jpg 1536w, https:\/\/team4jc.de\/wp-content\/uploads\/2022\/09\/0031-2048x1211.jpg 2048w, https:\/\/team4jc.de\/wp-content\/uploads\/2022\/09\/0031-1387x820.jpg 1387w, https:\/\/team4jc.de\/wp-content\/uploads\/2022\/09\/0031-1980x1171.jpg 1980w\" sizes=\"auto, (max-width: 2560px) 100vw, 2560px\" \/><\/a><\/figure>\n<\/figure>\n\n<div class=\"wp-block-columns animate from-bottom is-layout-flex wp-container-core-columns-is-layout-9d6595d7 wp-block-columns-is-layout-flex\">\n<div class=\"wp-block-column is-layout-flow wp-block-column-is-layout-flow\" style=\"flex-basis:100%\">\n<div class=\"wp-block-group\"><div class=\"wp-block-group__inner-container is-layout-flow wp-block-group-is-layout-flow\">\n<figure class=\"wp-block-video\"><video height=\"720\" style=\"aspect-ratio: 1280 \/ 720;\" width=\"1280\" controls=\"\" src=\"https:\/\/team4jc.de\/wp-content\/uploads\/2022\/05\/Web-Galerie-Der-Club-Bus-20220909-C2114-3.m4v\"><\/video><\/figure>\n<\/div><\/div>\n<\/div>\n<\/div>\n\n<figure class=\"wp-block-gallery has-nested-images columns-2 is-cropped animate from-bottom wp-block-gallery-2 is-layout-flex wp-block-gallery-is-layout-flex\">\n<figure class=\"wp-block-image size-large\"><a href=\"https:\/\/team4jc.de\/wp-content\/uploads\/2022\/09\/web-Galerie-DER-CLUB-BUS-20220201-DSC00827-2-neu20220909.jpg\"><img loading=\"lazy\" decoding=\"async\" width=\"1024\" height=\"684\" data-id=\"256\" src=\"https:\/\/team4jc.de\/wp-content\/uploads\/2022\/09\/web-Galerie-DER-CLUB-BUS-20220201-DSC00827-2-neu20220909-1024x684.jpg\" alt=\"\" class=\"wp-image-256\" srcset=\"https:\/\/team4jc.de\/wp-content\/uploads\/2022\/09\/web-Galerie-DER-CLUB-BUS-20220201-DSC00827-2-neu20220909-1024x684.jpg 1024w, https:\/\/team4jc.de\/wp-content\/uploads\/2022\/09\/web-Galerie-DER-CLUB-BUS-20220201-DSC00827-2-neu20220909-300x200.jpg 300w, https:\/\/team4jc.de\/wp-content\/uploads\/2022\/09\/web-Galerie-DER-CLUB-BUS-20220201-DSC00827-2-neu20220909-768x513.jpg 768w, https:\/\/team4jc.de\/wp-content\/uploads\/2022\/09\/web-Galerie-DER-CLUB-BUS-20220201-DSC00827-2-neu20220909-1536x1026.jpg 1536w, https:\/\/team4jc.de\/wp-content\/uploads\/2022\/09\/web-Galerie-DER-CLUB-BUS-20220201-DSC00827-2-neu20220909-2048x1368.jpg 2048w, https:\/\/team4jc.de\/wp-content\/uploads\/2022\/09\/web-Galerie-DER-CLUB-BUS-20220201-DSC00827-2-neu20220909-1980x1322.jpg 1980w\" sizes=\"auto, (max-width: 1024px) 100vw, 1024px\" \/><\/a><\/figure>\n<\/figure>\n\n<h3 class=\"animate from-top wp-block-heading\">Dzia\u0142alno\u015b\u0107<\/h3>\n\n<p class=\"animate from-bottom\">Kiedy pogoda dopisuje, wsp\u00f3lnie z innymi pasjonatami planujemy ekscytuj\u0105ce i zabawne zaj\u0119cia, takie jak impreza na pla\u017cy, wieczory kina plenerowego z atmosfer\u0105 ogniska i wiele innych, kt\u00f3re przyprawiaj\u0105 o szybsze bicie serca.<\/p>\n\n<figure class=\"wp-block-gallery has-nested-images columns-4 is-cropped animate from-bottom wp-block-gallery-3 is-layout-flex wp-block-gallery-is-layout-flex\">\n<figure class=\"wp-block-image size-full\"><a href=\"https:\/\/team4jc.de\/wp-content\/uploads\/2022\/09\/DER-CLUB-BUS-Galerie-II-DSC01409.jpg\"><img loading=\"lazy\" decoding=\"async\" width=\"4240\" height=\"3117\" data-id=\"263\" src=\"https:\/\/team4jc.de\/wp-content\/uploads\/2022\/09\/DER-CLUB-BUS-Galerie-II-DSC01409.jpg\" alt=\"\" class=\"wp-image-263\" srcset=\"https:\/\/team4jc.de\/wp-content\/uploads\/2022\/09\/DER-CLUB-BUS-Galerie-II-DSC01409.jpg 4240w, https:\/\/team4jc.de\/wp-content\/uploads\/2022\/09\/DER-CLUB-BUS-Galerie-II-DSC01409-300x221.jpg 300w, https:\/\/team4jc.de\/wp-content\/uploads\/2022\/09\/DER-CLUB-BUS-Galerie-II-DSC01409-1024x753.jpg 1024w, https:\/\/team4jc.de\/wp-content\/uploads\/2022\/09\/DER-CLUB-BUS-Galerie-II-DSC01409-768x565.jpg 768w, https:\/\/team4jc.de\/wp-content\/uploads\/2022\/09\/DER-CLUB-BUS-Galerie-II-DSC01409-1536x1129.jpg 1536w, https:\/\/team4jc.de\/wp-content\/uploads\/2022\/09\/DER-CLUB-BUS-Galerie-II-DSC01409-2048x1506.jpg 2048w, https:\/\/team4jc.de\/wp-content\/uploads\/2022\/09\/DER-CLUB-BUS-Galerie-II-DSC01409-1980x1456.jpg 1980w\" sizes=\"auto, (max-width: 4240px) 100vw, 4240px\" \/><\/a><\/figure>\n\n\n\n<figure class=\"wp-block-image size-full\"><a href=\"https:\/\/team4jc.de\/wp-content\/uploads\/2022\/09\/DER-CLUB-BUS-Galerie-II-20211228_102820.jpg\"><img loading=\"lazy\" decoding=\"async\" width=\"1458\" height=\"2592\" data-id=\"262\" src=\"https:\/\/team4jc.de\/wp-content\/uploads\/2022\/09\/DER-CLUB-BUS-Galerie-II-20211228_102820.jpg\" alt=\"\" class=\"wp-image-262\" srcset=\"https:\/\/team4jc.de\/wp-content\/uploads\/2022\/09\/DER-CLUB-BUS-Galerie-II-20211228_102820.jpg 1458w, https:\/\/team4jc.de\/wp-content\/uploads\/2022\/09\/DER-CLUB-BUS-Galerie-II-20211228_102820-169x300.jpg 169w, https:\/\/team4jc.de\/wp-content\/uploads\/2022\/09\/DER-CLUB-BUS-Galerie-II-20211228_102820-576x1024.jpg 576w, https:\/\/team4jc.de\/wp-content\/uploads\/2022\/09\/DER-CLUB-BUS-Galerie-II-20211228_102820-768x1365.jpg 768w, https:\/\/team4jc.de\/wp-content\/uploads\/2022\/09\/DER-CLUB-BUS-Galerie-II-20211228_102820-864x1536.jpg 864w, https:\/\/team4jc.de\/wp-content\/uploads\/2022\/09\/DER-CLUB-BUS-Galerie-II-20211228_102820-1152x2048.jpg 1152w\" sizes=\"auto, (max-width: 1458px) 100vw, 1458px\" \/><\/a><\/figure>\n\n\n\n<figure class=\"wp-block-image size-full\"><a href=\"https:\/\/team4jc.de\/wp-content\/uploads\/2022\/09\/DER-CLUB-BUS-Galerie-II-IMG_0101.jpg\"><img loading=\"lazy\" decoding=\"async\" width=\"2544\" height=\"3633\" data-id=\"261\" src=\"https:\/\/team4jc.de\/wp-content\/uploads\/2022\/09\/DER-CLUB-BUS-Galerie-II-IMG_0101.jpg\" alt=\"\" class=\"wp-image-261\" srcset=\"https:\/\/team4jc.de\/wp-content\/uploads\/2022\/09\/DER-CLUB-BUS-Galerie-II-IMG_0101.jpg 2544w, https:\/\/team4jc.de\/wp-content\/uploads\/2022\/09\/DER-CLUB-BUS-Galerie-II-IMG_0101-210x300.jpg 210w, https:\/\/team4jc.de\/wp-content\/uploads\/2022\/09\/DER-CLUB-BUS-Galerie-II-IMG_0101-717x1024.jpg 717w, https:\/\/team4jc.de\/wp-content\/uploads\/2022\/09\/DER-CLUB-BUS-Galerie-II-IMG_0101-768x1097.jpg 768w, https:\/\/team4jc.de\/wp-content\/uploads\/2022\/09\/DER-CLUB-BUS-Galerie-II-IMG_0101-1076x1536.jpg 1076w, https:\/\/team4jc.de\/wp-content\/uploads\/2022\/09\/DER-CLUB-BUS-Galerie-II-IMG_0101-1434x2048.jpg 1434w, https:\/\/team4jc.de\/wp-content\/uploads\/2022\/09\/DER-CLUB-BUS-Galerie-II-IMG_0101-1980x2828.jpg 1980w\" sizes=\"auto, (max-width: 2544px) 100vw, 2544px\" \/><\/a><\/figure>\n\n\n\n<figure class=\"wp-block-image size-full\"><a href=\"https:\/\/team4jc.de\/wp-content\/uploads\/2022\/09\/DER-CLUB-BUS-Galerie-II-IMG_1348.jpg\"><img loading=\"lazy\" decoding=\"async\" width=\"3672\" height=\"2066\" data-id=\"260\" src=\"https:\/\/team4jc.de\/wp-content\/uploads\/2022\/09\/DER-CLUB-BUS-Galerie-II-IMG_1348.jpg\" alt=\"\" class=\"wp-image-260\" srcset=\"https:\/\/team4jc.de\/wp-content\/uploads\/2022\/09\/DER-CLUB-BUS-Galerie-II-IMG_1348.jpg 3672w, https:\/\/team4jc.de\/wp-content\/uploads\/2022\/09\/DER-CLUB-BUS-Galerie-II-IMG_1348-300x169.jpg 300w, https:\/\/team4jc.de\/wp-content\/uploads\/2022\/09\/DER-CLUB-BUS-Galerie-II-IMG_1348-1024x576.jpg 1024w, https:\/\/team4jc.de\/wp-content\/uploads\/2022\/09\/DER-CLUB-BUS-Galerie-II-IMG_1348-768x432.jpg 768w, https:\/\/team4jc.de\/wp-content\/uploads\/2022\/09\/DER-CLUB-BUS-Galerie-II-IMG_1348-1536x864.jpg 1536w, https:\/\/team4jc.de\/wp-content\/uploads\/2022\/09\/DER-CLUB-BUS-Galerie-II-IMG_1348-2048x1152.jpg 2048w, https:\/\/team4jc.de\/wp-content\/uploads\/2022\/09\/DER-CLUB-BUS-Galerie-II-IMG_1348-1980x1114.jpg 1980w\" sizes=\"auto, (max-width: 3672px) 100vw, 3672px\" \/><\/a><\/figure>\n<\/figure>\n\n<p class=\"animate from-bottom\">Planowane s\u0105 r\u00f3wnie\u017c spotkania w szko\u0142ach.<\/p>\n\n<p class=\"animate from-bottom\">Godziny na konwersatorium, na spotkania, a tak\u017ce inne aktywno\u015bci znajdziecie na Instagramie &#8222;team4jc&#8221;, tutaj oraz na stronie Bildungslandschaft Amt Geltinger Bucht.<\/p>\n\n<div class=\"wp-block-cover alignfull is-light has-parallax\" style=\"background-image:url(https:\/\/team4jc.de\/wp-content\/uploads\/2022\/09\/Der-Club-Bus-Unterseite-Slight-IMG_1959_3.jpg);min-height:80vh;aspect-ratio:unset;\"><span aria-hidden=\"true\" class=\"wp-block-cover__background has-background-dim-0 has-background-dim\"><\/span><div class=\"wp-block-cover__inner-container is-layout-flow wp-block-cover-is-layout-flow\">\n<p class=\"has-text-align-center has-large-font-size\"><\/p>\n<\/div><\/div>\n","protected":false},"excerpt":{"rendered":"<p>Autobus przerobiony na potrzeby m\u0142odzie\u017cy i imprez m\u0142odzie\u017cowych Jako platforma do dzielenia si\u0119 swoj\u0105 histori\u0105,Bawi\u0107 si\u0119 i \u017cy\u0107 Klubobus zrodzi\u0142 si\u0119 z idei mobilnej bazy klubowej. Mobilne, bo nie chcemy trzyma\u0107 si\u0119 sami, ale chcemy wyj\u015b\u0107 mi\u0119dzy ludzi. Gdzie mo\u017cemy nie\u015b\u0107 nadziej\u0119 i przyja\u017a\u0144. Dlatego przerabiamy autobus na zdatny do jazdy autobus klubowy, wyposa\u017cony w [&hellip;]<\/p>\n","protected":false},"author":1,"featured_media":1279,"parent":0,"menu_order":3,"comment_status":"closed","ping_status":"closed","template":"","meta":{"_eb_attr":"","footnotes":""},"class_list":["post-2060","page","type-page","status-publish","has-post-thumbnail","hentry"],"_links":{"self":[{"href":"https:\/\/team4jc.de\/pl\/wp-json\/wp\/v2\/pages\/2060","targetHints":{"allow":["GET"]}}],"collection":[{"href":"https:\/\/team4jc.de\/pl\/wp-json\/wp\/v2\/pages"}],"about":[{"href":"https:\/\/team4jc.de\/pl\/wp-json\/wp\/v2\/types\/page"}],"author":[{"embeddable":true,"href":"https:\/\/team4jc.de\/pl\/wp-json\/wp\/v2\/users\/1"}],"replies":[{"embeddable":true,"href":"https:\/\/team4jc.de\/pl\/wp-json\/wp\/v2\/comments?post=2060"}],"version-history":[{"count":1,"href":"https:\/\/team4jc.de\/pl\/wp-json\/wp\/v2\/pages\/2060\/revisions"}],"predecessor-version":[{"id":2067,"href":"https:\/\/team4jc.de\/pl\/wp-json\/wp\/v2\/pages\/2060\/revisions\/2067"}],"wp:featuredmedia":[{"embeddable":true,"href":"https:\/\/team4jc.de\/pl\/wp-json\/wp\/v2\/media\/1279"}],"wp:attachment":[{"href":"https:\/\/team4jc.de\/pl\/wp-json\/wp\/v2\/media?parent=2060"}],"curies":[{"name":"wp","href":"https:\/\/api.w.org\/{rel}","templated":true}]}}