{"id":2055,"date":"2022-07-28T17:05:01","date_gmt":"2022-07-28T15:05:01","guid":{"rendered":"https:\/\/team4jc.de\/nadruk\/"},"modified":"2023-01-24T17:19:30","modified_gmt":"2023-01-24T16:19:30","slug":"nadruk","status":"publish","type":"page","link":"https:\/\/team4jc.de\/pl\/nadruk\/","title":{"rendered":"Nadruk"},"content":{"rendered":"\n<h2 class=\"animate from-top wp-block-heading\">Informacje zgodnie z \u00a7 5 TMG<\/h2>\n\n<p class=\"animate from-bottom\">Nico Lange<br\/>Pole m\u0142y\u0144skie 20<br\/>24972 Steinbergkirche<\/p>\n\n<p class=\"animate from-bottom\">Christian Reich<br\/>Pole m\u0142y\u0144skie 20<br\/>24972 Steinbergkirche<\/p>\n\n<h3 class=\"animate from-top wp-block-heading\">Kontakt<\/h3>\n\n<p class=\"animate from-bottom\">Telefon: <a href=\"tel:+4946328765902\" data-type=\"tel\" data-id=\"tel:+4946328765902\">+49 (0) 4632 8765902<\/a><br\/>E-mail: <a href=\"mailto:info@team4jc.de\">info@team4jc.de<\/a><\/p>\n","protected":false},"excerpt":{"rendered":"<p>Informacje zgodnie z \u00a7 5 TMG Nico LangePole m\u0142y\u0144skie 2024972 Steinbergkirche Christian ReichPole m\u0142y\u0144skie 2024972 Steinbergkirche Kontakt Telefon: +49 (0) 4632 8765902E-mail: info@team4jc.de<\/p>\n","protected":false},"author":1,"featured_media":0,"parent":0,"menu_order":21,"comment_status":"closed","ping_status":"closed","template":"","meta":{"_eb_attr":"","footnotes":""},"class_list":["post-2055","page","type-page","status-publish","hentry"],"_links":{"self":[{"href":"https:\/\/team4jc.de\/pl\/wp-json\/wp\/v2\/pages\/2055","targetHints":{"allow":["GET"]}}],"collection":[{"href":"https:\/\/team4jc.de\/pl\/wp-json\/wp\/v2\/pages"}],"about":[{"href":"https:\/\/team4jc.de\/pl\/wp-json\/wp\/v2\/types\/page"}],"author":[{"embeddable":true,"href":"https:\/\/team4jc.de\/pl\/wp-json\/wp\/v2\/users\/1"}],"replies":[{"embeddable":true,"href":"https:\/\/team4jc.de\/pl\/wp-json\/wp\/v2\/comments?post=2055"}],"version-history":[{"count":1,"href":"https:\/\/team4jc.de\/pl\/wp-json\/wp\/v2\/pages\/2055\/revisions"}],"predecessor-version":[{"id":2062,"href":"https:\/\/team4jc.de\/pl\/wp-json\/wp\/v2\/pages\/2055\/revisions\/2062"}],"wp:attachment":[{"href":"https:\/\/team4jc.de\/pl\/wp-json\/wp\/v2\/media?parent=2055"}],"curies":[{"name":"wp","href":"https:\/\/api.w.org\/{rel}","templated":true}]}}