{"id":2046,"date":"2022-08-30T20:44:49","date_gmt":"2022-08-30T18:44:49","guid":{"rendered":"https:\/\/team4jc.de\/wizja\/"},"modified":"2023-01-24T17:19:26","modified_gmt":"2023-01-24T16:19:26","slug":"wizja","status":"publish","type":"page","link":"https:\/\/team4jc.de\/pl\/wizja\/","title":{"rendered":"Wizja"},"content":{"rendered":"<h1 class=\"animate from-top wp-block-post-title\">Wizja<\/h1>\n<p class=\"animate from-bottom\">Chcemy pomaga\u0107 m\u0142odym ludziom w wykorzystywaniu szans, rozpoznawaniu w\u0142asnych talent\u00f3w i ich promocji. W bardzo praktyczny spos\u00f3b, tak\u017ce poprzez wsp\u00f3lne projekty rzemie\u015blnicze, jak to ma miejsce obecnie w przypadku rozbudowy klubowego autobusu. Albo czasem zupe\u0142nie indywidualnie, tak aby mo\u017cna by\u0142o znale\u017a\u0107 czas dla danej osoby.<\/p>\n\n<figure class=\"wp-block-image size-full animate from-bottom\"><img loading=\"lazy\" decoding=\"async\" width=\"2817\" height=\"1585\" src=\"https:\/\/team4jc.de\/wp-content\/uploads\/2022\/12\/O530G-Sonnenreflektion-edited.jpg\" alt=\"\" class=\"wp-image-963\" srcset=\"https:\/\/team4jc.de\/wp-content\/uploads\/2022\/12\/O530G-Sonnenreflektion-edited.jpg 2817w, https:\/\/team4jc.de\/wp-content\/uploads\/2022\/12\/O530G-Sonnenreflektion-edited-300x169.jpg 300w, https:\/\/team4jc.de\/wp-content\/uploads\/2022\/12\/O530G-Sonnenreflektion-edited-1024x576.jpg 1024w, https:\/\/team4jc.de\/wp-content\/uploads\/2022\/12\/O530G-Sonnenreflektion-edited-768x432.jpg 768w, https:\/\/team4jc.de\/wp-content\/uploads\/2022\/12\/O530G-Sonnenreflektion-edited-1536x864.jpg 1536w, https:\/\/team4jc.de\/wp-content\/uploads\/2022\/12\/O530G-Sonnenreflektion-edited-2048x1152.jpg 2048w, https:\/\/team4jc.de\/wp-content\/uploads\/2022\/12\/O530G-Sonnenreflektion-edited-1980x1114.jpg 1980w\" sizes=\"auto, (max-width: 2817px) 100vw, 2817px\" \/><\/figure>\n\n<p class=\"animate from-bottom\">Chcemy stworzy\u0107 miejsce dla wsp\u00f3lnoty m\u0142odzie\u017cowej, w kt\u00f3rej m\u0142odzi ludzie b\u0119d\u0105 mogli czu\u0107 si\u0119 akceptowani, doceniani, chronieni, a tak\u017ce kochani. Miejsce, w kt\u00f3rym mog\u0105 podzieli\u0107 si\u0119 swoj\u0105 histori\u0105 i odwa\u017cy\u0107 si\u0119 by\u0107 tym, kim s\u0105, ze wszystkimi swoimi mocnymi i s\u0142abymi stronami.<\/p>\n\n<p class=\"animate from-bottom\">Chcemy przekaza\u0107, \u017ce bycie prawdziwym i posiadanie przyja\u017ani ma pozytywny wp\u0142yw na Ciebie i Twoje otoczenie. Prowadzi to r\u00f3wnie\u017c do tego, by m\u00f3c marzy\u0107 i realizowa\u0107 marzenia zbiorowo. Do\u015bwiadczenie tego i wsp\u00f3lne budowanie na tym jest naszym motywem: da\u0107 pocz\u0105tek nowej nadziei, oczywi\u015bcie nie tylko dla nas samych, ale tak\u017ce dla innych.<\/p>\n\n<div class=\"wp-block-cover alignfull is-light has-parallax\" style=\"min-height:80vh;aspect-ratio:unset;\"><span aria-hidden=\"true\" class=\"wp-block-cover__background has-background-dim-0 has-background-dim\"><\/span><div role=\"img\" class=\"wp-block-cover__image-background wp-image-303 has-parallax\" style=\"background-position:50% 50%;background-image:url(https:\/\/team4jc.de\/wp-content\/uploads\/2022\/09\/Slide-\u25ba-WER-WIR-SIND-\u25ba-neu-20220912-DSC01409_2.jpg)\"><\/div><div class=\"wp-block-cover__inner-container is-layout-flow wp-block-cover-is-layout-flow\">\n<p class=\"has-text-align-center has-large-font-size\"><\/p>\n<\/div><\/div>\n","protected":false},"excerpt":{"rendered":"<p>Chcemy pomaga\u0107 m\u0142odym ludziom w wykorzystywaniu szans, rozpoznawaniu w\u0142asnych talent\u00f3w i ich promocji. W bardzo praktyczny spos\u00f3b, tak\u017ce poprzez wsp\u00f3lne projekty rzemie\u015blnicze, jak to ma miejsce obecnie w przypadku rozbudowy klubowego autobusu. Albo czasem zupe\u0142nie indywidualnie, tak aby mo\u017cna by\u0142o znale\u017a\u0107 czas dla danej osoby. Chcemy stworzy\u0107 miejsce dla wsp\u00f3lnoty m\u0142odzie\u017cowej, w kt\u00f3rej m\u0142odzi ludzie [&hellip;]<\/p>\n","protected":false},"author":1,"featured_media":1283,"parent":0,"menu_order":2,"comment_status":"closed","ping_status":"closed","template":"","meta":{"_eb_attr":"","footnotes":""},"class_list":["post-2046","page","type-page","status-publish","has-post-thumbnail","hentry"],"_links":{"self":[{"href":"https:\/\/team4jc.de\/pl\/wp-json\/wp\/v2\/pages\/2046","targetHints":{"allow":["GET"]}}],"collection":[{"href":"https:\/\/team4jc.de\/pl\/wp-json\/wp\/v2\/pages"}],"about":[{"href":"https:\/\/team4jc.de\/pl\/wp-json\/wp\/v2\/types\/page"}],"author":[{"embeddable":true,"href":"https:\/\/team4jc.de\/pl\/wp-json\/wp\/v2\/users\/1"}],"replies":[{"embeddable":true,"href":"https:\/\/team4jc.de\/pl\/wp-json\/wp\/v2\/comments?post=2046"}],"version-history":[{"count":1,"href":"https:\/\/team4jc.de\/pl\/wp-json\/wp\/v2\/pages\/2046\/revisions"}],"predecessor-version":[{"id":2051,"href":"https:\/\/team4jc.de\/pl\/wp-json\/wp\/v2\/pages\/2046\/revisions\/2051"}],"wp:featuredmedia":[{"embeddable":true,"href":"https:\/\/team4jc.de\/pl\/wp-json\/wp\/v2\/media\/1283"}],"wp:attachment":[{"href":"https:\/\/team4jc.de\/pl\/wp-json\/wp\/v2\/media?parent=2046"}],"curies":[{"name":"wp","href":"https:\/\/api.w.org\/{rel}","templated":true}]}}