{"id":2044,"date":"2022-07-28T17:05:01","date_gmt":"2022-07-28T15:05:01","guid":{"rendered":"https:\/\/team4jc.de\/kim-jestesmy\/"},"modified":"2023-01-24T17:19:25","modified_gmt":"2023-01-24T16:19:25","slug":"kim-jestesmy","status":"publish","type":"page","link":"https:\/\/team4jc.de\/pl\/kim-jestesmy\/","title":{"rendered":"Kim jeste\u015bmy"},"content":{"rendered":"<h1 class=\"animate from-top wp-block-post-title\">Kim jeste\u015bmy<\/h1>\n<p class=\"animate from-bottom\">My jako inicjatorzy mamy 20 i 21 lat, urodzili\u015bmy si\u0119 i wychowali\u015bmy w powiecie Schleswig-Flensburg.<\/p>\n\n<p class=\"animate from-bottom\">Nasze motto: B\u0105d\u017a prawdziwy, \u017cyj \u017cyciem, baw si\u0119 dobrze i, jak mo\u017cemy, pomagaj m\u0142odym ludziom.<\/p>\n\n<figure class=\"wp-block-gallery aligncenter has-nested-images columns-default is-cropped animate from-bottom wp-block-gallery-1 is-layout-flex wp-block-gallery-is-layout-flex\">\n<figure class=\"wp-block-image size-full\"><a href=\"https:\/\/team4jc.de\/wp-content\/uploads\/2022\/09\/20220912-IMG_1825.00_10_32_49.Standbild001.png-3.jpg\"><img loading=\"lazy\" decoding=\"async\" width=\"3033\" height=\"2231\" data-id=\"644\" src=\"https:\/\/team4jc.de\/wp-content\/uploads\/2022\/09\/20220912-IMG_1825.00_10_32_49.Standbild001.png-3.jpg\" alt=\"\" class=\"wp-image-644\" srcset=\"https:\/\/team4jc.de\/wp-content\/uploads\/2022\/09\/20220912-IMG_1825.00_10_32_49.Standbild001.png-3.jpg 3033w, https:\/\/team4jc.de\/wp-content\/uploads\/2022\/09\/20220912-IMG_1825.00_10_32_49.Standbild001.png-3-300x221.jpg 300w, https:\/\/team4jc.de\/wp-content\/uploads\/2022\/09\/20220912-IMG_1825.00_10_32_49.Standbild001.png-3-1024x753.jpg 1024w, https:\/\/team4jc.de\/wp-content\/uploads\/2022\/09\/20220912-IMG_1825.00_10_32_49.Standbild001.png-3-768x565.jpg 768w, https:\/\/team4jc.de\/wp-content\/uploads\/2022\/09\/20220912-IMG_1825.00_10_32_49.Standbild001.png-3-1536x1130.jpg 1536w, https:\/\/team4jc.de\/wp-content\/uploads\/2022\/09\/20220912-IMG_1825.00_10_32_49.Standbild001.png-3-2048x1506.jpg 2048w, https:\/\/team4jc.de\/wp-content\/uploads\/2022\/09\/20220912-IMG_1825.00_10_32_49.Standbild001.png-3-1980x1456.jpg 1980w\" sizes=\"auto, (max-width: 3033px) 100vw, 3033px\" \/><\/a><\/figure>\n<figcaption class=\"blocks-gallery-caption\">Dzia\u0142anie: Sprz\u0105tanie (Nico)<\/figcaption><\/figure>\n\n<figure class=\"wp-block-gallery aligncenter has-nested-images columns-default is-cropped animate from-bottom wp-block-gallery-2 is-layout-flex wp-block-gallery-is-layout-flex\">\n<figure class=\"wp-block-image size-full\"><a href=\"https:\/\/team4jc.de\/wp-content\/uploads\/2022\/09\/IMG_1825.00_04_57_36.Standbild008-e1663609550820.jpg\"><img loading=\"lazy\" decoding=\"async\" width=\"3840\" height=\"2700\" data-id=\"577\" src=\"https:\/\/team4jc.de\/wp-content\/uploads\/2022\/09\/IMG_1825.00_04_57_36.Standbild008-e1663609550820.jpg\" alt=\"\" class=\"wp-image-577\" srcset=\"https:\/\/team4jc.de\/wp-content\/uploads\/2022\/09\/IMG_1825.00_04_57_36.Standbild008-e1663609550820.jpg 3840w, https:\/\/team4jc.de\/wp-content\/uploads\/2022\/09\/IMG_1825.00_04_57_36.Standbild008-e1663609550820-300x211.jpg 300w, https:\/\/team4jc.de\/wp-content\/uploads\/2022\/09\/IMG_1825.00_04_57_36.Standbild008-e1663609550820-1024x720.jpg 1024w, https:\/\/team4jc.de\/wp-content\/uploads\/2022\/09\/IMG_1825.00_04_57_36.Standbild008-e1663609550820-768x540.jpg 768w, https:\/\/team4jc.de\/wp-content\/uploads\/2022\/09\/IMG_1825.00_04_57_36.Standbild008-e1663609550820-1536x1080.jpg 1536w, https:\/\/team4jc.de\/wp-content\/uploads\/2022\/09\/IMG_1825.00_04_57_36.Standbild008-e1663609550820-2048x1440.jpg 2048w, https:\/\/team4jc.de\/wp-content\/uploads\/2022\/09\/IMG_1825.00_04_57_36.Standbild008-e1663609550820-1980x1392.jpg 1980w\" sizes=\"auto, (max-width: 3840px) 100vw, 3840px\" \/><\/a><\/figure>\n<figcaption class=\"blocks-gallery-caption\">Czasami sprawy przybieraj\u0105 inny obr\u00f3t&#8230; (Chris)<\/figcaption><\/figure>\n\n<p class=\"animate from-bottom\">Szczeg\u00f3lnie w tych trudnych czasach, wsp\u00f3lnie z przyjaci\u00f3\u0142mi, na nowo rozpoznali\u015bmy warto\u015b\u0107 przyja\u017ani i zaufania. Wsp\u00f3lnota, kt\u00f3ra r\u00f3wnie\u017c zach\u0119ca nas do tego, aby\u015bmy czasem wyszli z naszej strefy komfortu. Wsp\u00f3lnota, kt\u00f3ra inspiruje nas do tego, by zn\u00f3w mie\u0107 nadziej\u0119.<\/p>\n\n<div class=\"wp-block-buttons animate from-bottom is-layout-flex wp-block-buttons-is-layout-flex\">\n<div class=\"wp-block-button animate from-bottom\"><a class=\"wp-block-button__link\" href=\"https:\/\/team4jc.de\/wer-wir-sind\/unser-motiv\/\">Nasz motyw<\/a><\/div>\n<\/div>\n\n<div class=\"wp-block-cover alignfull is-light has-parallax\" style=\"background-image:url(https:\/\/team4jc.de\/wp-content\/uploads\/2022\/09\/Unter-Slight-WER-WIR-SIND-neu-19.10-uhr.jpg);min-height:80vh;aspect-ratio:unset;\"><span aria-hidden=\"true\" class=\"wp-block-cover__background has-background-dim-0 has-background-dim\"><\/span><div class=\"wp-block-cover__inner-container is-layout-flow wp-block-cover-is-layout-flow\">\n<p class=\"has-text-align-center has-large-font-size\"><\/p>\n<\/div><\/div>\n","protected":false},"excerpt":{"rendered":"<p>My jako inicjatorzy mamy 20 i 21 lat, urodzili\u015bmy si\u0119 i wychowali\u015bmy w powiecie Schleswig-Flensburg. Nasze motto: B\u0105d\u017a prawdziwy, \u017cyj \u017cyciem, baw si\u0119 dobrze i, jak mo\u017cemy, pomagaj m\u0142odym ludziom. Szczeg\u00f3lnie w tych trudnych czasach, wsp\u00f3lnie z przyjaci\u00f3\u0142mi, na nowo rozpoznali\u015bmy warto\u015b\u0107 przyja\u017ani i zaufania. Wsp\u00f3lnota, kt\u00f3ra r\u00f3wnie\u017c zach\u0119ca nas do tego, aby\u015bmy czasem wyszli [&hellip;]<\/p>\n","protected":false},"author":1,"featured_media":1291,"parent":0,"menu_order":1,"comment_status":"closed","ping_status":"closed","template":"","meta":{"_eb_attr":"","footnotes":""},"class_list":["post-2044","page","type-page","status-publish","has-post-thumbnail","hentry"],"_links":{"self":[{"href":"https:\/\/team4jc.de\/pl\/wp-json\/wp\/v2\/pages\/2044","targetHints":{"allow":["GET"]}}],"collection":[{"href":"https:\/\/team4jc.de\/pl\/wp-json\/wp\/v2\/pages"}],"about":[{"href":"https:\/\/team4jc.de\/pl\/wp-json\/wp\/v2\/types\/page"}],"author":[{"embeddable":true,"href":"https:\/\/team4jc.de\/pl\/wp-json\/wp\/v2\/users\/1"}],"replies":[{"embeddable":true,"href":"https:\/\/team4jc.de\/pl\/wp-json\/wp\/v2\/comments?post=2044"}],"version-history":[{"count":1,"href":"https:\/\/team4jc.de\/pl\/wp-json\/wp\/v2\/pages\/2044\/revisions"}],"predecessor-version":[{"id":2049,"href":"https:\/\/team4jc.de\/pl\/wp-json\/wp\/v2\/pages\/2044\/revisions\/2049"}],"wp:featuredmedia":[{"embeddable":true,"href":"https:\/\/team4jc.de\/pl\/wp-json\/wp\/v2\/media\/1291"}],"wp:attachment":[{"href":"https:\/\/team4jc.de\/pl\/wp-json\/wp\/v2\/media?parent=2044"}],"curies":[{"name":"wp","href":"https:\/\/api.w.org\/{rel}","templated":true}]}}