{"id":2043,"date":"2022-08-30T20:44:25","date_gmt":"2022-08-30T18:44:25","guid":{"rendered":"https:\/\/team4jc.de\/nasz-motyw\/"},"modified":"2023-01-24T17:19:25","modified_gmt":"2023-01-24T16:19:25","slug":"nasz-motyw","status":"publish","type":"page","link":"https:\/\/team4jc.de\/pl\/kim-jestesmy\/nasz-motyw\/","title":{"rendered":"Nasz motyw"},"content":{"rendered":"<h1 class=\"animate from-top wp-block-post-title\">Nasz motyw<\/h1>\n<p class=\"animate from-bottom\">Przyja\u017a\u0144. Docenienie. Akceptacja. Akceptacja. Szczero\u015b\u0107. Pomaganie innym. Nauka. Mi\u0142o\u015b\u0107. \u015amiech. \u017bycie.<\/p>\n\n<figure class=\"wp-block-gallery aligncenter has-nested-images columns-default is-cropped animate from-bottom wp-block-gallery-1 is-layout-flex wp-block-gallery-is-layout-flex\">\n<figure class=\"wp-block-image size-full is-style-default\"><a href=\"https:\/\/team4jc.de\/wp-content\/uploads\/2022\/09\/IMG_1825.00_10_52_19.Standbild002.jpg\"><img loading=\"lazy\" decoding=\"async\" width=\"3840\" height=\"2700\" data-id=\"579\" src=\"https:\/\/team4jc.de\/wp-content\/uploads\/2022\/09\/IMG_1825.00_10_52_19.Standbild002.jpg\" alt=\"\" class=\"wp-image-579\" srcset=\"https:\/\/team4jc.de\/wp-content\/uploads\/2022\/09\/IMG_1825.00_10_52_19.Standbild002.jpg 3840w, https:\/\/team4jc.de\/wp-content\/uploads\/2022\/09\/IMG_1825.00_10_52_19.Standbild002-300x211.jpg 300w, https:\/\/team4jc.de\/wp-content\/uploads\/2022\/09\/IMG_1825.00_10_52_19.Standbild002-1024x720.jpg 1024w, https:\/\/team4jc.de\/wp-content\/uploads\/2022\/09\/IMG_1825.00_10_52_19.Standbild002-768x540.jpg 768w, https:\/\/team4jc.de\/wp-content\/uploads\/2022\/09\/IMG_1825.00_10_52_19.Standbild002-1536x1080.jpg 1536w, https:\/\/team4jc.de\/wp-content\/uploads\/2022\/09\/IMG_1825.00_10_52_19.Standbild002-2048x1440.jpg 2048w, https:\/\/team4jc.de\/wp-content\/uploads\/2022\/09\/IMG_1825.00_10_52_19.Standbild002-1980x1392.jpg 1980w\" sizes=\"auto, (max-width: 3840px) 100vw, 3840px\" \/><\/a><\/figure>\n<\/figure>\n\n<p class=\"animate from-bottom\">Te i inne warto\u015bci ukszta\u0142towa\u0142y nas w samej m\u0142odo\u015bci. Z tego powodu wa\u017cna jest dla nas r\u00f3wnie\u017c wiara chrze\u015bcija\u0144ska. Do\u015bwiadczyli\u015bmy, co to znaczy nabra\u0107 nowej odwagi do \u017cycia z relacji wiary z Bogiem przez Jezusa Chrystusa.<\/p>\n\n<p class=\"animate from-bottom\">To da\u0142o nam nadziej\u0119 i stabilno\u015b\u0107 w codziennym \u017cyciu w ci\u0105gu ostatnich kilku lat.<\/p>\n\n<p class=\"animate from-bottom\">To kim jeste\u015bmy, to nasze motywy, to co jest dla nas wa\u017cne i chcemy si\u0119 tym wszystkim dzieli\u0107 z lud\u017ami.<\/p>\n\n<p class=\"animate from-bottom has-primary-color has-text-color\">Co\u015b, co w tej chwili jest dla nas w zespole bardzo poruszaj\u0105ce, to nasza <a href=\"https:\/\/team4jc.de\/2022\/03\/20\/ukraine-einsatz\/\">misja na Ukrainie<\/a> z marca 2022 roku i to, co z niej wynik\u0142o. Podczas naszej podr\u00f3\u017cy z Ukrainy do Flensburga opowiedziano nam kilka historii 49 os\u00f3b na pok\u0142adzie, wys\u0142uchali\u015bmy ich i sp\u0119dzili\u015bmy z nimi 33 godziny w autobusie. Ludzie, kt\u00f3rzy stracili wszystko, po cz\u0119\u015bci tak\u017ce bliskich, wszyscy, mimo dramatycznych prze\u017cy\u0107, kt\u00f3rych do\u015bwiadczyli bezpo\u015brednio wcze\u015bniej we w\u0142asnych cia\u0142ach, byli w stanie zaakceptowa\u0107 jednak jedno: Pociecha i nadzieja! To, czego wszyscy potrzebujemy! Z wieloma z nich przez te miesi\u0105ce rozwin\u0119\u0142y si\u0119 przyja\u017anie i wielu z nich mo\u017cemy nadal pomaga\u0107.  <\/p>\n\n<div class=\"wp-block-cover alignfull is-light has-parallax cover-contain\" style=\"background-image:url(https:\/\/team4jc.de\/wp-content\/uploads\/2022\/09\/Slight-Ersatz-01-fur-Zeitungsartikel-IMG-20220318-WA0011_2.jpg);min-height:80vh;aspect-ratio:unset;\"><span aria-hidden=\"true\" class=\"wp-block-cover__background has-background-dim-0 has-background-dim\"><\/span><div class=\"wp-block-cover__inner-container is-layout-flow wp-block-cover-is-layout-flow\">\n<p class=\"has-text-align-center has-large-font-size\"><\/p>\n<\/div><\/div>\n\n<figure class=\"wp-block-gallery aligncenter has-nested-images columns-default is-cropped animate from-bottom wp-block-gallery-2 is-layout-flex wp-block-gallery-is-layout-flex\">\n<figure class=\"wp-block-image size-full is-style-default\"><a href=\"https:\/\/team4jc.de\/pl\/nieharde-brief-2022-pdf-seiten-67-ukraine-2\/\" target=\"_blank\" rel=\"noopener\"><img loading=\"lazy\" decoding=\"async\" width=\"3509\" height=\"2484\" data-id=\"315\" src=\"https:\/\/team4jc.de\/wp-content\/uploads\/2022\/09\/Nieharde-Brief-2022-PDF-Seiten-67-Ukraine.png\" alt=\"\" class=\"wp-image-315\" srcset=\"https:\/\/team4jc.de\/wp-content\/uploads\/2022\/09\/Nieharde-Brief-2022-PDF-Seiten-67-Ukraine.png 3509w, https:\/\/team4jc.de\/wp-content\/uploads\/2022\/09\/Nieharde-Brief-2022-PDF-Seiten-67-Ukraine-300x212.png 300w, https:\/\/team4jc.de\/wp-content\/uploads\/2022\/09\/Nieharde-Brief-2022-PDF-Seiten-67-Ukraine-1024x725.png 1024w, https:\/\/team4jc.de\/wp-content\/uploads\/2022\/09\/Nieharde-Brief-2022-PDF-Seiten-67-Ukraine-768x544.png 768w, https:\/\/team4jc.de\/wp-content\/uploads\/2022\/09\/Nieharde-Brief-2022-PDF-Seiten-67-Ukraine-1536x1087.png 1536w, https:\/\/team4jc.de\/wp-content\/uploads\/2022\/09\/Nieharde-Brief-2022-PDF-Seiten-67-Ukraine-2048x1450.png 2048w, https:\/\/team4jc.de\/wp-content\/uploads\/2022\/09\/Nieharde-Brief-2022-PDF-Seiten-67-Ukraine-1980x1402.png 1980w\" sizes=\"auto, (max-width: 3509px) 100vw, 3509px\" \/><\/a><\/figure>\n<figcaption class=\"blocks-gallery-caption\">Nieharde List 2022 Strony 6+7 Ukraina<\/figcaption><\/figure>\n\n<figure class=\"wp-block-gallery has-nested-images columns-default is-cropped animate from-bottom wp-block-gallery-3 is-layout-flex wp-block-gallery-is-layout-flex\">\n<figure class=\"wp-block-image size-full\"><a href=\"https:\/\/team4jc.de\/pl\/screenshot-2022-09-13-at-17-48-08-amtskurier-2022-03-_februar_marz_2022-pdf-%e2%96%ba-amtskurier-2022-03-seite-1-22-pdf-2\/\" target=\"_blank\" rel=\"noopener\"><img decoding=\"async\" data-id=\"290\" src=\"https:\/\/team4jc.de\/wp-content\/uploads\/2022\/09\/Screenshot-2022-09-13-at-17-48-08-Amtskurier-2022-03-_Februar_Marz_2022.pdf-&#x25BA;-Amtskurier-2022-03-Seite-1-22.pdf.png\" alt=\"\" class=\"wp-image-290\"\/><\/a><\/figure>\n\n\n\n<figure class=\"wp-block-image size-full\"><a href=\"https:\/\/team4jc.de\/pl\/%e2%96%ba-amtskurier-2022-03-seite-122_seite_2-2\/\" target=\"_blank\" rel=\"noopener\"><img decoding=\"async\" data-id=\"381\" src=\"https:\/\/team4jc.de\/wp-content\/uploads\/2022\/09\/&#x25BA;-Amtskurier-2022-03-Seite-122_Seite_2.png\" alt=\"\" class=\"wp-image-381\"\/><\/a><\/figure>\n<figcaption class=\"blocks-gallery-caption\">Dziennik Urz\u0119dowy 2022-03 (strona 1, 22)<\/figcaption><\/figure>\n\n<figure class=\"wp-block-gallery has-nested-images columns-default is-cropped animate from-bottom wp-block-gallery-4 is-layout-flex wp-block-gallery-is-layout-flex\">\n<figure class=\"wp-block-image size-full\"><a href=\"https:\/\/team4jc.de\/pl\/screenshot-2022-09-13-at-17-51-10-amtskurier-2022-05-3-seiten-pdf-%e2%96%ba-amtskurier-2022-05-seite-1-25-26-pdf-2\/\" target=\"_blank\" rel=\"noopener\"><img decoding=\"async\" data-id=\"295\" src=\"https:\/\/team4jc.de\/wp-content\/uploads\/2022\/09\/Screenshot-2022-09-13-at-17-51-10-Amtskurier-2022-05-3-Seiten.pdf-&#x25BA;-Amtskurier-2022-05-Seite-1-25-26.pdf.png\" alt=\"\" class=\"wp-image-295\"\/><\/a><\/figure>\n\n\n\n<figure class=\"wp-block-image size-full\"><a href=\"https:\/\/team4jc.de\/pl\/%e2%96%ba-amtskurier-2022-05-seite-12526_seite_2-2\/\" target=\"_blank\" rel=\"noopener\"><img decoding=\"async\" data-id=\"383\" src=\"https:\/\/team4jc.de\/wp-content\/uploads\/2022\/09\/&#x25BA;-Amtskurier-2022-05-Seite-12526_Seite_2.png\" alt=\"\" class=\"wp-image-383\"\/><\/a><\/figure>\n\n\n\n<figure class=\"wp-block-image size-full\"><a href=\"https:\/\/team4jc.de\/pl\/%e2%96%ba-amtskurier-2022-05-seite-12526_seite_3-2\/\" target=\"_blank\" rel=\"noopener\"><img decoding=\"async\" data-id=\"382\" src=\"https:\/\/team4jc.de\/wp-content\/uploads\/2022\/09\/&#x25BA;-Amtskurier-2022-05-Seite-12526_Seite_3.png\" alt=\"\" class=\"wp-image-382\"\/><\/a><\/figure>\n<figcaption class=\"blocks-gallery-caption\">Dziennik Urz\u0119dowy 2022-05 (strona 1, 25, 26)<\/figcaption><\/figure>\n\n<figure class=\"wp-block-gallery has-nested-images columns-4 is-cropped animate from-bottom wp-block-gallery-5 is-layout-flex wp-block-gallery-is-layout-flex\">\n<figure class=\"wp-block-image size-full\"><a href=\"https:\/\/team4jc.de\/pl\/screenshot-2022-09-13-at-17-52-57-amtskurier-2022-07-_juni___juli_2022-pdf-%e2%96%ba-amtskurier-2022-07-seite-1-29-32-33-pdf-2\/\" target=\"_blank\" rel=\"noopener\"><img decoding=\"async\" data-id=\"297\" src=\"https:\/\/team4jc.de\/wp-content\/uploads\/2022\/09\/Screenshot-2022-09-13-at-17-52-57-Amtskurier-2022-07-_Juni___Juli_2022.pdf-&#x25BA;-Amtskurier-2022-07-Seite-1-29-32-33.pdf.png\" alt=\"\" class=\"wp-image-297\"\/><\/a><\/figure>\n\n\n\n<figure class=\"wp-block-image size-full\"><a href=\"https:\/\/team4jc.de\/pl\/%e2%96%ba-amtskurier-2022-07-seite-1293233_seite_2-2\/\" target=\"_blank\" rel=\"noopener\"><img decoding=\"async\" data-id=\"387\" src=\"https:\/\/team4jc.de\/wp-content\/uploads\/2022\/09\/&#x25BA;-Amtskurier-2022-07-Seite-1293233_Seite_2.png\" alt=\"\" class=\"wp-image-387\"\/><\/a><\/figure>\n\n\n\n<figure class=\"wp-block-image size-full\"><a href=\"https:\/\/team4jc.de\/pl\/%e2%96%ba-amtskurier-2022-07-seite-1293233_seite_3-2\/\" target=\"_blank\" rel=\"noopener\"><img decoding=\"async\" data-id=\"386\" src=\"https:\/\/team4jc.de\/wp-content\/uploads\/2022\/09\/&#x25BA;-Amtskurier-2022-07-Seite-1293233_Seite_3.png\" alt=\"\" class=\"wp-image-386\"\/><\/a><\/figure>\n\n\n\n<figure class=\"wp-block-image size-full\"><a href=\"https:\/\/team4jc.de\/pl\/%e2%96%ba-amtskurier-2022-07-seite-1293233_seite_4-2\/\" target=\"_blank\" rel=\"noopener\"><img decoding=\"async\" data-id=\"385\" src=\"https:\/\/team4jc.de\/wp-content\/uploads\/2022\/09\/&#x25BA;-Amtskurier-2022-07-Seite-1293233_Seite_4.png\" alt=\"\" class=\"wp-image-385\"\/><\/a><\/figure>\n<figcaption class=\"blocks-gallery-caption\">Dziennik Urz\u0119dowy 2022-07 (strona 1, 29, 32, 33)<\/figcaption><\/figure>\n\n<figure class=\"wp-block-gallery has-nested-images columns-4 is-cropped animate from-bottom wp-block-gallery-6 is-layout-flex wp-block-gallery-is-layout-flex\">\n<figure class=\"wp-block-image size-full\"><a href=\"https:\/\/team4jc.de\/pl\/screenshot-2022-09-13-at-17-54-38-amtskurier-2022-09-_august_september_2022-pdf-%e2%96%ba-amtskurier-2022-09-seite-1-20-pdf-2\/\" target=\"_blank\" rel=\"noopener\"><img decoding=\"async\" data-id=\"299\" src=\"https:\/\/team4jc.de\/wp-content\/uploads\/2022\/09\/Screenshot-2022-09-13-at-17-54-38-Amtskurier-2022-09-_August_September_2022.pdf-&#x25BA;-Amtskurier-2022-09-Seite-1-20.pdf.png\" alt=\"\" class=\"wp-image-299\"\/><\/a><\/figure>\n\n\n\n<figure class=\"wp-block-image size-full\"><a href=\"https:\/\/team4jc.de\/pl\/%e2%96%ba-amtskurier-2022-09-seite-120_seite_2-2\/\" target=\"_blank\" rel=\"noopener\"><img decoding=\"async\" data-id=\"389\" src=\"https:\/\/team4jc.de\/wp-content\/uploads\/2022\/09\/&#x25BA;-Amtskurier-2022-09-Seite-120_Seite_2.png\" alt=\"\" class=\"wp-image-389\"\/><\/a><\/figure>\n<figcaption class=\"blocks-gallery-caption\">Dziennik Urz\u0119dowy 2022-09 (strona 1, 20)<\/figcaption><\/figure>\n\n<figure class=\"wp-block-gallery has-nested-images columns-4 is-cropped animate from-bottom wp-block-gallery-7 is-layout-flex wp-block-gallery-is-layout-flex\">\n<figure class=\"wp-block-image size-full\"><a href=\"https:\/\/team4jc.de\/pl\/flensburger-tageblatt-21-maerz-2022-2\/\" target=\"_blank\" rel=\"noopener\"><img loading=\"lazy\" decoding=\"async\" width=\"1600\" height=\"954\" data-id=\"391\" src=\"https:\/\/team4jc.de\/wp-content\/uploads\/2022\/09\/Flensburger-Tageblatt-21-Maerz-2022.jpg\" alt=\"\" class=\"wp-image-391\" srcset=\"https:\/\/team4jc.de\/wp-content\/uploads\/2022\/09\/Flensburger-Tageblatt-21-Maerz-2022.jpg 1600w, https:\/\/team4jc.de\/wp-content\/uploads\/2022\/09\/Flensburger-Tageblatt-21-Maerz-2022-300x179.jpg 300w, https:\/\/team4jc.de\/wp-content\/uploads\/2022\/09\/Flensburger-Tageblatt-21-Maerz-2022-1024x611.jpg 1024w, https:\/\/team4jc.de\/wp-content\/uploads\/2022\/09\/Flensburger-Tageblatt-21-Maerz-2022-768x458.jpg 768w, https:\/\/team4jc.de\/wp-content\/uploads\/2022\/09\/Flensburger-Tageblatt-21-Maerz-2022-1536x916.jpg 1536w\" sizes=\"auto, (max-width: 1600px) 100vw, 1600px\" \/><\/a><\/figure>\n<figcaption class=\"blocks-gallery-caption\">Flensburger Tageblatt, 21 marca 2022 r.<\/figcaption><\/figure>\n","protected":false},"excerpt":{"rendered":"<p>Przyja\u017a\u0144. Docenienie. Akceptacja. Akceptacja. Szczero\u015b\u0107. Pomaganie innym. Nauka. Mi\u0142o\u015b\u0107. \u015amiech. \u017bycie. Te i inne warto\u015bci ukszta\u0142towa\u0142y nas w samej m\u0142odo\u015bci. Z tego powodu wa\u017cna jest dla nas r\u00f3wnie\u017c wiara chrze\u015bcija\u0144ska. Do\u015bwiadczyli\u015bmy, co to znaczy nabra\u0107 nowej odwagi do \u017cycia z relacji wiary z Bogiem przez Jezusa Chrystusa. To da\u0142o nam nadziej\u0119 i stabilno\u015b\u0107 w codziennym [&hellip;]<\/p>\n","protected":false},"author":1,"featured_media":1287,"parent":2044,"menu_order":0,"comment_status":"closed","ping_status":"closed","template":"","meta":{"_eb_attr":"","footnotes":""},"class_list":["post-2043","page","type-page","status-publish","has-post-thumbnail","hentry"],"_links":{"self":[{"href":"https:\/\/team4jc.de\/pl\/wp-json\/wp\/v2\/pages\/2043","targetHints":{"allow":["GET"]}}],"collection":[{"href":"https:\/\/team4jc.de\/pl\/wp-json\/wp\/v2\/pages"}],"about":[{"href":"https:\/\/team4jc.de\/pl\/wp-json\/wp\/v2\/types\/page"}],"author":[{"embeddable":true,"href":"https:\/\/team4jc.de\/pl\/wp-json\/wp\/v2\/users\/1"}],"replies":[{"embeddable":true,"href":"https:\/\/team4jc.de\/pl\/wp-json\/wp\/v2\/comments?post=2043"}],"version-history":[{"count":1,"href":"https:\/\/team4jc.de\/pl\/wp-json\/wp\/v2\/pages\/2043\/revisions"}],"predecessor-version":[{"id":2050,"href":"https:\/\/team4jc.de\/pl\/wp-json\/wp\/v2\/pages\/2043\/revisions\/2050"}],"up":[{"embeddable":true,"href":"https:\/\/team4jc.de\/pl\/wp-json\/wp\/v2\/pages\/2044"}],"wp:featuredmedia":[{"embeddable":true,"href":"https:\/\/team4jc.de\/pl\/wp-json\/wp\/v2\/media\/1287"}],"wp:attachment":[{"href":"https:\/\/team4jc.de\/pl\/wp-json\/wp\/v2\/media?parent=2043"}],"curies":[{"name":"wp","href":"https:\/\/api.w.org\/{rel}","templated":true}]}}