{"id":311,"date":"2022-09-13T17:59:51","date_gmt":"2022-09-13T16:59:51","guid":{"rendered":"https:\/\/team4jc.de\/?page_id=311"},"modified":"2022-09-21T15:16:40","modified_gmt":"2022-09-21T13:16:40","slug":"spenden","status":"publish","type":"page","link":"https:\/\/team4jc.de\/de\/spenden\/","title":{"rendered":"Spenden"},"content":{"rendered":"<h1 class=\"animate from-bottom wp-block-post-title\">Spenden<\/h1>\n\n\n<p class=\"animate from-bottom\">Zurzeit befinden wir uns in vorbereitender Vereinsgr\u00fcndung. Wenn du uns bereits heute unterst\u00fctzen m\u00f6chtest, setze dich bitte mit uns in Verbindung.<\/p>\n","protected":false},"excerpt":{"rendered":"<p>Zurzeit befinden wir uns in vorbereitender Vereinsgr\u00fcndung. Wenn du uns bereits heute unterst\u00fctzen m\u00f6chtest, setze dich bitte mit uns in Verbindung.<\/p>\n","protected":false},"author":1,"featured_media":0,"parent":0,"menu_order":4,"comment_status":"closed","ping_status":"closed","template":"","meta":{"_eb_attr":"","footnotes":""},"class_list":["post-311","page","type-page","status-publish","hentry"],"_links":{"self":[{"href":"https:\/\/team4jc.de\/de\/wp-json\/wp\/v2\/pages\/311","targetHints":{"allow":["GET"]}}],"collection":[{"href":"https:\/\/team4jc.de\/de\/wp-json\/wp\/v2\/pages"}],"about":[{"href":"https:\/\/team4jc.de\/de\/wp-json\/wp\/v2\/types\/page"}],"author":[{"embeddable":true,"href":"https:\/\/team4jc.de\/de\/wp-json\/wp\/v2\/users\/1"}],"replies":[{"embeddable":true,"href":"https:\/\/team4jc.de\/de\/wp-json\/wp\/v2\/comments?post=311"}],"version-history":[{"count":3,"href":"https:\/\/team4jc.de\/de\/wp-json\/wp\/v2\/pages\/311\/revisions"}],"predecessor-version":[{"id":746,"href":"https:\/\/team4jc.de\/de\/wp-json\/wp\/v2\/pages\/311\/revisions\/746"}],"wp:attachment":[{"href":"https:\/\/team4jc.de\/de\/wp-json\/wp\/v2\/media?parent=311"}],"curies":[{"name":"wp","href":"https:\/\/api.w.org\/{rel}","templated":true}]}}