{"id":309,"date":"2022-09-13T17:59:23","date_gmt":"2022-09-13T16:59:23","guid":{"rendered":"https:\/\/team4jc.de\/?page_id=309"},"modified":"2022-12-16T12:47:30","modified_gmt":"2022-12-16T11:47:30","slug":"partnerschaften-sponsoren","status":"publish","type":"page","link":"https:\/\/team4jc.de\/de\/partnerschaften-sponsoren\/","title":{"rendered":"Partnerschaften &#038; Sponsoren"},"content":{"rendered":"<h1 style=\"font-size:70px;\" class=\"has-text-align-center animate from-bottom wp-block-post-title\">Partnerschaften &#038; Sponsoren<\/h1>\n\n\n<div class=\"wp-block-group is-vertical is-layout-flex wp-container-core-group-is-layout-8cf370e7 wp-block-group-is-layout-flex\">\n<p class=\"has-text-align-left animate from-bottom has-large-font-size\">Zurzeit befinden wir uns in vorbereitender Vereinsgr\u00fcndung (Vereinszweck mit Schwerpunkt einer gemeinn\u00fctzigen Jugendarbeit).<\/p>\n\n\n\n<p class=\"animate from-bottom\">Weitere Informationen folgen nach abgeschlossener Vereinsgr\u00fcndung.<\/p>\n<\/div>\n","protected":false},"excerpt":{"rendered":"<p>Zurzeit befinden wir uns in vorbereitender Vereinsgr\u00fcndung (Vereinszweck mit Schwerpunkt einer gemeinn\u00fctzigen Jugendarbeit). Weitere Informationen folgen nach abgeschlossener Vereinsgr\u00fcndung.<\/p>\n","protected":false},"author":1,"featured_media":0,"parent":0,"menu_order":3,"comment_status":"closed","ping_status":"closed","template":"","meta":{"_eb_attr":"","footnotes":""},"class_list":["post-309","page","type-page","status-publish","hentry"],"_links":{"self":[{"href":"https:\/\/team4jc.de\/de\/wp-json\/wp\/v2\/pages\/309","targetHints":{"allow":["GET"]}}],"collection":[{"href":"https:\/\/team4jc.de\/de\/wp-json\/wp\/v2\/pages"}],"about":[{"href":"https:\/\/team4jc.de\/de\/wp-json\/wp\/v2\/types\/page"}],"author":[{"embeddable":true,"href":"https:\/\/team4jc.de\/de\/wp-json\/wp\/v2\/users\/1"}],"replies":[{"embeddable":true,"href":"https:\/\/team4jc.de\/de\/wp-json\/wp\/v2\/comments?post=309"}],"version-history":[{"count":20,"href":"https:\/\/team4jc.de\/de\/wp-json\/wp\/v2\/pages\/309\/revisions"}],"predecessor-version":[{"id":1082,"href":"https:\/\/team4jc.de\/de\/wp-json\/wp\/v2\/pages\/309\/revisions\/1082"}],"wp:attachment":[{"href":"https:\/\/team4jc.de\/de\/wp-json\/wp\/v2\/media?parent=309"}],"curies":[{"name":"wp","href":"https:\/\/api.w.org\/{rel}","templated":true}]}}