{"id":273,"date":"2022-09-13T16:41:40","date_gmt":"2022-09-13T15:41:40","guid":{"rendered":"https:\/\/team4jc.de\/?page_id=273"},"modified":"2022-09-29T20:14:49","modified_gmt":"2022-09-29T18:14:49","slug":"schulen","status":"publish","type":"page","link":"https:\/\/team4jc.de\/de\/aktivitaten-termine\/schulen\/","title":{"rendered":"Schulen"},"content":{"rendered":"<h1 class=\"animate from-top wp-block-post-title\">Schulen<\/h1>\n\n\n<div class=\"wp-block-group is-vertical is-layout-flex wp-container-core-group-is-layout-8cf370e7 wp-block-group-is-layout-flex\">\n<p class=\"animate from-bottom has-large-font-size\"><strong>In Vorbereitung f\u00fcr das Schuljahr 2023\/2024 an Schulen und Bildungstr\u00e4gern<\/strong><\/p>\n\n\n\n<p class=\"animate from-bottom\"><br>In Zusammenarbeit mit der Bildungslandschaft GELTINGER BUCHT <\/p>\n\n\n\n<figure class=\"wp-block-image size-large animate from-bottom\"><a href=\"https:\/\/www.bildungslandschaft-geltinger-bucht.de\/\" target=\"_blank\" rel=\"noreferrer noopener\"><img loading=\"lazy\" decoding=\"async\" width=\"1024\" height=\"410\" src=\"https:\/\/team4jc.de\/wp-content\/uploads\/2022\/01\/Bildungslandschaft-1024x410.png\" alt=\"\" class=\"wp-image-771\" srcset=\"https:\/\/team4jc.de\/wp-content\/uploads\/2022\/01\/Bildungslandschaft-1024x410.png 1024w, https:\/\/team4jc.de\/wp-content\/uploads\/2022\/01\/Bildungslandschaft-300x120.png 300w, https:\/\/team4jc.de\/wp-content\/uploads\/2022\/01\/Bildungslandschaft-768x307.png 768w, https:\/\/team4jc.de\/wp-content\/uploads\/2022\/01\/Bildungslandschaft-1536x614.png 1536w, https:\/\/team4jc.de\/wp-content\/uploads\/2022\/01\/Bildungslandschaft-2048x819.png 2048w, https:\/\/team4jc.de\/wp-content\/uploads\/2022\/01\/Bildungslandschaft-1980x792.png 1980w\" sizes=\"auto, (max-width: 1024px) 100vw, 1024px\" \/><\/a><\/figure>\n\n\n\n<p class=\"animate from-bottom\">und weiteren versierten Tr\u00e4ger-Vereinen u. Verb\u00e4nden, sowie auch mit verschiedenen K\u00fcnstlern, Musikern und P\u00e4dagogen entwickeln wir Konzepte f\u00fcr praxisorientierte Eins\u00e4tze an Schulen und Bildungsst\u00e4tten f\u00fcr die Zielgruppe Jugend. Hier steht die Praxis im Vordergrund. Konzeptionell bedienen wir dort &#8211; neben der Wertevermittlung &#8211; zwei uns sehr wichtige Themenbereiche, zum einen die Pr\u00e4ventionsarbeit (Gewalt-u. Suchtmittelpr\u00e4vention) unter Jugendlichen, ebenso aber auch die musikalische Praxis f\u00fcr Kinder und Jugendliche und deren Spa\u00df am Rappen. In praktischen Eins\u00e4tzen zusammen mit erfahrenen Musikern steht dort das eigene Rappen im Vordergrund, das Erkennen musikalischer Begabungen und praktische Hinweise auf Talentf\u00f6rderung geh\u00f6ren mit zum Paket.<\/p>\n\n\n\n<p class=\"animate from-bottom\"><br>Pr\u00e4vention in den Bereichen Gewaltbereitschaft und Suchtmittelabh\u00e4ngigkeit ist alles andere als Theorie, aus dem Grunde begleiten uns in praktischer Umsetzung dieser Arbeit Menschen, die aus ihrem eigenen Leben berichten, was sie selbst durchlebt haben. Sie berichten, wie sie in Abh\u00e4ngigkeiten gekommen sind, und was es bedeutet, sich in solchen Abh\u00e4ngigkeiten zu befinden. Sie berichten ganz praktisch dar\u00fcber, was sie getan haben, um von diesen Abh\u00e4ngigkeiten frei zu werden.<\/p>\n\n\n\n<p class=\"animate from-bottom\"><br>Viele von Ihnen haben dieses mittels Hilfe und Begleitung von au\u00dfen geschafft, haben Auswege aufgezeigt bekommen, haben sich entschlossen zu handeln. Viele von ihnen haben verloren geglaubte Lebenschancen wiedererlangt \u2026 Dazu geh\u00f6ren ebenso auch junge Menschen, die diese Chancen in einem neuen Start ergriffen haben, Anh\u00e4ngigkeiten hinter sich gelassen haben. Diese Menschen berichten aus Ihrem Leben, wie sie es geschafft haben diesen Problemen in ihrem Alltag zu begegnen, \u2026und heute damit umgehen k\u00f6nnen.<\/p>\n\n\n\n<p class=\"animate from-bottom\"><br>Ein Bestandteil dieser Arbeit an Schulen und Bildungsst\u00e4tten ist unser Club-Bus, an dem wir schon so einige musikalische Rap-Eins\u00e4tze zusammen mit jungen Menschen erprobt und auch auf Veranstaltungen mitgewirkt haben.<\/p>\n\n\n\n<p class=\"animate from-bottom\"><br>Euer Team4JC<\/p>\n<\/div>\n","protected":false},"excerpt":{"rendered":"<p>In Vorbereitung f\u00fcr das Schuljahr 2023\/2024 an Schulen und Bildungstr\u00e4gern In Zusammenarbeit mit der Bildungslandschaft GELTINGER BUCHT und weiteren versierten Tr\u00e4ger-Vereinen u. Verb\u00e4nden, sowie auch mit verschiedenen K\u00fcnstlern, Musikern und P\u00e4dagogen entwickeln wir Konzepte f\u00fcr praxisorientierte Eins\u00e4tze an Schulen und Bildungsst\u00e4tten f\u00fcr die Zielgruppe Jugend. Hier steht die Praxis im Vordergrund. Konzeptionell bedienen wir dort [&hellip;]<\/p>\n","protected":false},"author":1,"featured_media":0,"parent":269,"menu_order":2,"comment_status":"closed","ping_status":"closed","template":"","meta":{"_eb_attr":"","footnotes":""},"class_list":["post-273","page","type-page","status-publish","hentry"],"_links":{"self":[{"href":"https:\/\/team4jc.de\/de\/wp-json\/wp\/v2\/pages\/273","targetHints":{"allow":["GET"]}}],"collection":[{"href":"https:\/\/team4jc.de\/de\/wp-json\/wp\/v2\/pages"}],"about":[{"href":"https:\/\/team4jc.de\/de\/wp-json\/wp\/v2\/types\/page"}],"author":[{"embeddable":true,"href":"https:\/\/team4jc.de\/de\/wp-json\/wp\/v2\/users\/1"}],"replies":[{"embeddable":true,"href":"https:\/\/team4jc.de\/de\/wp-json\/wp\/v2\/comments?post=273"}],"version-history":[{"count":8,"href":"https:\/\/team4jc.de\/de\/wp-json\/wp\/v2\/pages\/273\/revisions"}],"predecessor-version":[{"id":939,"href":"https:\/\/team4jc.de\/de\/wp-json\/wp\/v2\/pages\/273\/revisions\/939"}],"up":[{"embeddable":true,"href":"https:\/\/team4jc.de\/de\/wp-json\/wp\/v2\/pages\/269"}],"wp:attachment":[{"href":"https:\/\/team4jc.de\/de\/wp-json\/wp\/v2\/media?parent=273"}],"curies":[{"name":"wp","href":"https:\/\/api.w.org\/{rel}","templated":true}]}}