{"id":267,"date":"2022-09-13T16:39:45","date_gmt":"2022-09-13T15:39:45","guid":{"rendered":"https:\/\/team4jc.de\/?page_id=267"},"modified":"2022-09-13T17:05:41","modified_gmt":"2022-09-13T16:05:41","slug":"der-ausbau","status":"publish","type":"page","link":"https:\/\/team4jc.de\/de\/der-club-bus\/der-ausbau\/","title":{"rendered":"Der Ausbau"},"content":{"rendered":"<h1 class=\"animate from-top wp-block-post-title\">Der Ausbau<\/h1>\n\n\n<p class=\"animate from-bottom\">Wir bauen den Bus zum fahrt\u00fcchtigen Club-Bus um, ausgestattet mit:<\/p>\n\n\n\n<ul class=\"animate from-right wp-block-list\"><li>einer K\u00fcche,<\/li><li>einem Team-u. Gemeinschaftsraum,<\/li><li>einem Technikraum und<\/li><li>Stauraum f\u00fcr Equipment.<\/li><\/ul>\n\n\n\n<p class=\"animate from-bottom\">Der Umbau wird von uns und weiteren Jugendlichen und fachkundigen Helfern selbst vorgenommen und ist ein Teil unserer Jugend-Projektarbeit. Der Scheunenplatz daf\u00fcr befindet sich in Steinbergkirche, dort steht unser Bus im trocknen! Wir sind schon sehr gespannt und begeistert mit Euch Jugendlichen anzufangen zu werkeln!<\/p>\n","protected":false},"excerpt":{"rendered":"<p>Wir bauen den Bus zum fahrt\u00fcchtigen Club-Bus um, ausgestattet mit: einer K\u00fcche, einem Team-u. Gemeinschaftsraum, einem Technikraum und Stauraum f\u00fcr Equipment. Der Umbau wird von uns und weiteren Jugendlichen und fachkundigen Helfern selbst vorgenommen und ist ein Teil unserer Jugend-Projektarbeit. Der Scheunenplatz daf\u00fcr befindet sich in Steinbergkirche, dort steht unser Bus im trocknen! Wir sind [&hellip;]<\/p>\n","protected":false},"author":1,"featured_media":0,"parent":17,"menu_order":0,"comment_status":"closed","ping_status":"closed","template":"","meta":{"_eb_attr":"","footnotes":""},"class_list":["post-267","page","type-page","status-publish","hentry"],"_links":{"self":[{"href":"https:\/\/team4jc.de\/de\/wp-json\/wp\/v2\/pages\/267","targetHints":{"allow":["GET"]}}],"collection":[{"href":"https:\/\/team4jc.de\/de\/wp-json\/wp\/v2\/pages"}],"about":[{"href":"https:\/\/team4jc.de\/de\/wp-json\/wp\/v2\/types\/page"}],"author":[{"embeddable":true,"href":"https:\/\/team4jc.de\/de\/wp-json\/wp\/v2\/users\/1"}],"replies":[{"embeddable":true,"href":"https:\/\/team4jc.de\/de\/wp-json\/wp\/v2\/comments?post=267"}],"version-history":[{"count":3,"href":"https:\/\/team4jc.de\/de\/wp-json\/wp\/v2\/pages\/267\/revisions"}],"predecessor-version":[{"id":307,"href":"https:\/\/team4jc.de\/de\/wp-json\/wp\/v2\/pages\/267\/revisions\/307"}],"up":[{"embeddable":true,"href":"https:\/\/team4jc.de\/de\/wp-json\/wp\/v2\/pages\/17"}],"wp:attachment":[{"href":"https:\/\/team4jc.de\/de\/wp-json\/wp\/v2\/media?parent=267"}],"curies":[{"name":"wp","href":"https:\/\/api.w.org\/{rel}","templated":true}]}}