{"id":2,"date":"2022-07-28T17:05:01","date_gmt":"2022-07-28T16:05:01","guid":{"rendered":"https:\/\/team4jc.de\/?page_id=2"},"modified":"2022-09-26T09:31:42","modified_gmt":"2022-09-26T07:31:42","slug":"wer-wir-sind","status":"publish","type":"page","link":"https:\/\/team4jc.de\/de\/wer-wir-sind\/","title":{"rendered":"Wer wir sind"},"content":{"rendered":"<h1 class=\"animate from-top wp-block-post-title\">Wer wir sind<\/h1>\n\n\n<p class=\"animate from-bottom\">Wir als Initiatoren sind 20 u. 21 Jahre jung, im Kreis Schleswig-Flensburg geboren und aufgewachsen.<\/p>\n\n\n\n<p class=\"animate from-bottom\">Unser Motto: Echt sein, das Leben leben, Spa\u00df haben und, und so wie wir k\u00f6nnen, auch jungen Menschen helfen.<\/p>\n\n\n\n<figure class=\"wp-block-gallery aligncenter has-nested-images columns-default is-cropped animate from-bottom wp-block-gallery-1 is-layout-flex wp-block-gallery-is-layout-flex\">\n<figure class=\"wp-block-image size-full\"><a href=\"https:\/\/team4jc.de\/wp-content\/uploads\/2022\/09\/20220912-IMG_1825.00_10_32_49.Standbild001.png-3.jpg\"><img loading=\"lazy\" decoding=\"async\" width=\"3033\" height=\"2231\" data-id=\"644\" src=\"https:\/\/team4jc.de\/wp-content\/uploads\/2022\/09\/20220912-IMG_1825.00_10_32_49.Standbild001.png-3.jpg\" alt=\"\" class=\"wp-image-644\" srcset=\"https:\/\/team4jc.de\/wp-content\/uploads\/2022\/09\/20220912-IMG_1825.00_10_32_49.Standbild001.png-3.jpg 3033w, https:\/\/team4jc.de\/wp-content\/uploads\/2022\/09\/20220912-IMG_1825.00_10_32_49.Standbild001.png-3-300x221.jpg 300w, https:\/\/team4jc.de\/wp-content\/uploads\/2022\/09\/20220912-IMG_1825.00_10_32_49.Standbild001.png-3-1024x753.jpg 1024w, https:\/\/team4jc.de\/wp-content\/uploads\/2022\/09\/20220912-IMG_1825.00_10_32_49.Standbild001.png-3-768x565.jpg 768w, https:\/\/team4jc.de\/wp-content\/uploads\/2022\/09\/20220912-IMG_1825.00_10_32_49.Standbild001.png-3-1536x1130.jpg 1536w, https:\/\/team4jc.de\/wp-content\/uploads\/2022\/09\/20220912-IMG_1825.00_10_32_49.Standbild001.png-3-2048x1506.jpg 2048w, https:\/\/team4jc.de\/wp-content\/uploads\/2022\/09\/20220912-IMG_1825.00_10_32_49.Standbild001.png-3-1980x1456.jpg 1980w\" sizes=\"auto, (max-width: 3033px) 100vw, 3033px\" \/><\/a><\/figure>\n<figcaption class=\"blocks-gallery-caption\">Aktion: Saubermachen (Nico)<\/figcaption><\/figure>\n\n\n\n<figure class=\"wp-block-gallery aligncenter has-nested-images columns-default is-cropped animate from-bottom wp-block-gallery-2 is-layout-flex wp-block-gallery-is-layout-flex\">\n<figure class=\"wp-block-image size-full\"><a href=\"https:\/\/team4jc.de\/wp-content\/uploads\/2022\/09\/IMG_1825.00_04_57_36.Standbild008-e1663609550820.jpg\"><img loading=\"lazy\" decoding=\"async\" width=\"3840\" height=\"2700\" data-id=\"577\" src=\"https:\/\/team4jc.de\/wp-content\/uploads\/2022\/09\/IMG_1825.00_04_57_36.Standbild008-e1663609550820.jpg\" alt=\"\" class=\"wp-image-577\" srcset=\"https:\/\/team4jc.de\/wp-content\/uploads\/2022\/09\/IMG_1825.00_04_57_36.Standbild008-e1663609550820.jpg 3840w, https:\/\/team4jc.de\/wp-content\/uploads\/2022\/09\/IMG_1825.00_04_57_36.Standbild008-e1663609550820-300x211.jpg 300w, https:\/\/team4jc.de\/wp-content\/uploads\/2022\/09\/IMG_1825.00_04_57_36.Standbild008-e1663609550820-1024x720.jpg 1024w, https:\/\/team4jc.de\/wp-content\/uploads\/2022\/09\/IMG_1825.00_04_57_36.Standbild008-e1663609550820-768x540.jpg 768w, https:\/\/team4jc.de\/wp-content\/uploads\/2022\/09\/IMG_1825.00_04_57_36.Standbild008-e1663609550820-1536x1080.jpg 1536w, https:\/\/team4jc.de\/wp-content\/uploads\/2022\/09\/IMG_1825.00_04_57_36.Standbild008-e1663609550820-2048x1440.jpg 2048w, https:\/\/team4jc.de\/wp-content\/uploads\/2022\/09\/IMG_1825.00_04_57_36.Standbild008-e1663609550820-1980x1392.jpg 1980w\" sizes=\"auto, (max-width: 3840px) 100vw, 3840px\" \/><\/a><\/figure>\n<figcaption class=\"blocks-gallery-caption\">Manchmal kommt es anders&#8230; (Chris)<\/figcaption><\/figure>\n\n\n\n<p class=\"animate from-bottom\">Gerade in diesen schweren Zeiten haben wir zusammen mit Freunden f\u00fcr uns den Wert von Freundschaft und Vertrauen neu erkannt. Gemeinschaft, die uns auch mal ermutigt, unsere Komfortzone zu verlassen. Gemeinschaft, die uns inspiriert, wieder zu hoffen.<\/p>\n\n\n\n<div class=\"wp-block-buttons animate from-bottom is-layout-flex wp-block-buttons-is-layout-flex\">\n<div class=\"wp-block-button animate from-bottom\"><a class=\"wp-block-button__link\" href=\"https:\/\/team4jc.de\/wer-wir-sind\/unser-motiv\/\">Unser Motiv<\/a><\/div>\n<\/div>\n\n\n\n<div class=\"wp-block-cover alignfull is-light has-parallax\" style=\"background-image:url(https:\/\/team4jc.de\/wp-content\/uploads\/2022\/09\/Unter-Slight-WER-WIR-SIND-neu-19.10-uhr.jpg);min-height:80vh;aspect-ratio:unset;\"><span aria-hidden=\"true\" class=\"wp-block-cover__background has-background-dim-0 has-background-dim\"><\/span><div class=\"wp-block-cover__inner-container is-layout-flow wp-block-cover-is-layout-flow\">\n<p class=\"has-text-align-center has-large-font-size\"><\/p>\n<\/div><\/div>\n","protected":false},"excerpt":{"rendered":"<p>Wir als Initiatoren sind 20 u. 21 Jahre jung, im Kreis Schleswig-Flensburg geboren und aufgewachsen. Unser Motto: Echt sein, das Leben leben, Spa\u00df haben und, und so wie wir k\u00f6nnen, auch jungen Menschen helfen. Gerade in diesen schweren Zeiten haben wir zusammen mit Freunden f\u00fcr uns den Wert von Freundschaft und Vertrauen neu erkannt. Gemeinschaft, [&hellip;]<\/p>\n","protected":false},"author":1,"featured_media":191,"parent":0,"menu_order":1,"comment_status":"closed","ping_status":"closed","template":"","meta":{"_eb_attr":"","footnotes":""},"class_list":["post-2","page","type-page","status-publish","has-post-thumbnail","hentry"],"_links":{"self":[{"href":"https:\/\/team4jc.de\/de\/wp-json\/wp\/v2\/pages\/2","targetHints":{"allow":["GET"]}}],"collection":[{"href":"https:\/\/team4jc.de\/de\/wp-json\/wp\/v2\/pages"}],"about":[{"href":"https:\/\/team4jc.de\/de\/wp-json\/wp\/v2\/types\/page"}],"author":[{"embeddable":true,"href":"https:\/\/team4jc.de\/de\/wp-json\/wp\/v2\/users\/1"}],"replies":[{"embeddable":true,"href":"https:\/\/team4jc.de\/de\/wp-json\/wp\/v2\/comments?post=2"}],"version-history":[{"count":22,"href":"https:\/\/team4jc.de\/de\/wp-json\/wp\/v2\/pages\/2\/revisions"}],"predecessor-version":[{"id":888,"href":"https:\/\/team4jc.de\/de\/wp-json\/wp\/v2\/pages\/2\/revisions\/888"}],"wp:featuredmedia":[{"embeddable":true,"href":"https:\/\/team4jc.de\/de\/wp-json\/wp\/v2\/media\/191"}],"wp:attachment":[{"href":"https:\/\/team4jc.de\/de\/wp-json\/wp\/v2\/media?parent=2"}],"curies":[{"name":"wp","href":"https:\/\/api.w.org\/{rel}","templated":true}]}}