{"id":15,"date":"2022-08-30T20:44:49","date_gmt":"2022-08-30T19:44:49","guid":{"rendered":"https:\/\/team4jc.de\/?page_id=15"},"modified":"2022-12-08T14:00:18","modified_gmt":"2022-12-08T13:00:18","slug":"die-vision","status":"publish","type":"page","link":"https:\/\/team4jc.de\/de\/die-vision\/","title":{"rendered":"Die Vision"},"content":{"rendered":"<h1 class=\"animate from-top wp-block-post-title\">Die Vision<\/h1>\n\n\n<p class=\"animate from-bottom\">Wir wollen Jugendlichen helfen, Chancen wahrzunehmen, eigene Begabungen zu erkennen und zu f\u00f6rdern. Ganz praktisch auch durch gemeinsame handwerkliche Projekte wie jetzt aktuell rund um dem Club-Bus Ausbau. Oder auch mal ganz Individuell, so dass man f\u00fcr den Einzelnen Zeit findet.<\/p>\n\n\n\n<figure class=\"wp-block-image size-full animate from-bottom\"><img loading=\"lazy\" decoding=\"async\" width=\"2817\" height=\"1585\" src=\"https:\/\/team4jc.de\/wp-content\/uploads\/2022\/12\/O530G-Sonnenreflektion-edited.jpg\" alt=\"\" class=\"wp-image-963\" srcset=\"https:\/\/team4jc.de\/wp-content\/uploads\/2022\/12\/O530G-Sonnenreflektion-edited.jpg 2817w, https:\/\/team4jc.de\/wp-content\/uploads\/2022\/12\/O530G-Sonnenreflektion-edited-300x169.jpg 300w, https:\/\/team4jc.de\/wp-content\/uploads\/2022\/12\/O530G-Sonnenreflektion-edited-1024x576.jpg 1024w, https:\/\/team4jc.de\/wp-content\/uploads\/2022\/12\/O530G-Sonnenreflektion-edited-768x432.jpg 768w, https:\/\/team4jc.de\/wp-content\/uploads\/2022\/12\/O530G-Sonnenreflektion-edited-1536x864.jpg 1536w, https:\/\/team4jc.de\/wp-content\/uploads\/2022\/12\/O530G-Sonnenreflektion-edited-2048x1152.jpg 2048w, https:\/\/team4jc.de\/wp-content\/uploads\/2022\/12\/O530G-Sonnenreflektion-edited-1980x1114.jpg 1980w\" sizes=\"auto, (max-width: 2817px) 100vw, 2817px\" \/><\/figure>\n\n\n\n<p class=\"animate from-bottom\">Wir m\u00f6chten einen Ort f\u00fcr eine Jugend-Gemeinschaft schaffen, in der sich junge Menschen angenommen, wertgesch\u00e4tzt, beh\u00fctet und auch geliebt f\u00fchlen k\u00f6nnen. Einen Ort, an dem sie ihre Geschichte teilen k\u00f6nnen und sich trauen k\u00f6nnen so zu sein, wie sie sind, mit allen St\u00e4rken und Schw\u00e4chen.<\/p>\n\n\n\n<p class=\"animate from-bottom\">Wir wollen vermitteln, dass echt sein und Freundschaften einen positiven Einfluss auf einen selbst und auf das eigene Umfeld haben. Das f\u00fchrt auch dazu, tr\u00e4umen zu k\u00f6nnen und Tr\u00e4ume gemeinschaftlich umzusetzen. Dieses zu erleben und darauf gemeinsam aufzubauen, ist unser Motiv: Neue Hoffnung entstehen lassen, nat\u00fcrlich nicht nur f\u00fcr uns selbst, sondern auch f\u00fcr andere.<\/p>\n\n\n\n<div class=\"wp-block-cover alignfull is-light has-parallax\" style=\"min-height:80vh;aspect-ratio:unset;\"><span aria-hidden=\"true\" class=\"wp-block-cover__background has-background-dim-0 has-background-dim\"><\/span><div role=\"img\" class=\"wp-block-cover__image-background wp-image-303 has-parallax\" style=\"background-position:50% 50%;background-image:url(https:\/\/team4jc.de\/wp-content\/uploads\/2022\/09\/Slide-\u25ba-WER-WIR-SIND-\u25ba-neu-20220912-DSC01409_2.jpg)\"><\/div><div class=\"wp-block-cover__inner-container is-layout-flow wp-block-cover-is-layout-flow\">\n<p class=\"has-text-align-center has-large-font-size\"><\/p>\n<\/div><\/div>\n","protected":false},"excerpt":{"rendered":"<p>Wir wollen Jugendlichen helfen, Chancen wahrzunehmen, eigene Begabungen zu erkennen und zu f\u00f6rdern. Ganz praktisch auch durch gemeinsame handwerkliche Projekte wie jetzt aktuell rund um dem Club-Bus Ausbau. Oder auch mal ganz Individuell, so dass man f\u00fcr den Einzelnen Zeit findet. Wir m\u00f6chten einen Ort f\u00fcr eine Jugend-Gemeinschaft schaffen, in der sich junge Menschen angenommen, [&hellip;]<\/p>\n","protected":false},"author":1,"featured_media":189,"parent":0,"menu_order":2,"comment_status":"closed","ping_status":"closed","template":"","meta":{"_eb_attr":"","footnotes":""},"class_list":["post-15","page","type-page","status-publish","has-post-thumbnail","hentry"],"_links":{"self":[{"href":"https:\/\/team4jc.de\/de\/wp-json\/wp\/v2\/pages\/15","targetHints":{"allow":["GET"]}}],"collection":[{"href":"https:\/\/team4jc.de\/de\/wp-json\/wp\/v2\/pages"}],"about":[{"href":"https:\/\/team4jc.de\/de\/wp-json\/wp\/v2\/types\/page"}],"author":[{"embeddable":true,"href":"https:\/\/team4jc.de\/de\/wp-json\/wp\/v2\/users\/1"}],"replies":[{"embeddable":true,"href":"https:\/\/team4jc.de\/de\/wp-json\/wp\/v2\/comments?post=15"}],"version-history":[{"count":16,"href":"https:\/\/team4jc.de\/de\/wp-json\/wp\/v2\/pages\/15\/revisions"}],"predecessor-version":[{"id":965,"href":"https:\/\/team4jc.de\/de\/wp-json\/wp\/v2\/pages\/15\/revisions\/965"}],"wp:featuredmedia":[{"embeddable":true,"href":"https:\/\/team4jc.de\/de\/wp-json\/wp\/v2\/media\/189"}],"wp:attachment":[{"href":"https:\/\/team4jc.de\/de\/wp-json\/wp\/v2\/media?parent=15"}],"curies":[{"name":"wp","href":"https:\/\/api.w.org\/{rel}","templated":true}]}}