{"id":13,"date":"2022-08-30T20:44:25","date_gmt":"2022-08-30T19:44:25","guid":{"rendered":"https:\/\/team4jc.de\/?page_id=13"},"modified":"2024-07-11T15:22:35","modified_gmt":"2024-07-11T13:22:35","slug":"unser-motiv","status":"publish","type":"page","link":"https:\/\/team4jc.de\/de\/wer-wir-sind\/unser-motiv\/","title":{"rendered":"Unser Motiv"},"content":{"rendered":"<h1 class=\"animate from-top wp-block-post-title\">Unser Motiv<\/h1>\n\n\n<p class=\"animate from-bottom\">Freundschaft. Wertsch\u00e4tzung. Annahme. Akzeptanz. Aufrichtigkeit. Anderen helfen. Lernen. Lieben. Lachen. Leben.<\/p>\n\n\n\n<figure class=\"wp-block-gallery aligncenter has-nested-images columns-default is-cropped animate from-bottom wp-block-gallery-1 is-layout-flex wp-block-gallery-is-layout-flex\">\n<figure class=\"wp-block-image size-full is-style-default\"><a href=\"https:\/\/team4jc.de\/wp-content\/uploads\/2022\/09\/IMG_1825.00_10_52_19.Standbild002.jpg\"><img loading=\"lazy\" decoding=\"async\" width=\"3840\" height=\"2700\" data-id=\"579\" src=\"https:\/\/team4jc.de\/wp-content\/uploads\/2022\/09\/IMG_1825.00_10_52_19.Standbild002.jpg\" alt=\"\" class=\"wp-image-579\" srcset=\"https:\/\/team4jc.de\/wp-content\/uploads\/2022\/09\/IMG_1825.00_10_52_19.Standbild002.jpg 3840w, https:\/\/team4jc.de\/wp-content\/uploads\/2022\/09\/IMG_1825.00_10_52_19.Standbild002-300x211.jpg 300w, https:\/\/team4jc.de\/wp-content\/uploads\/2022\/09\/IMG_1825.00_10_52_19.Standbild002-1024x720.jpg 1024w, https:\/\/team4jc.de\/wp-content\/uploads\/2022\/09\/IMG_1825.00_10_52_19.Standbild002-768x540.jpg 768w, https:\/\/team4jc.de\/wp-content\/uploads\/2022\/09\/IMG_1825.00_10_52_19.Standbild002-1536x1080.jpg 1536w, https:\/\/team4jc.de\/wp-content\/uploads\/2022\/09\/IMG_1825.00_10_52_19.Standbild002-2048x1440.jpg 2048w, https:\/\/team4jc.de\/wp-content\/uploads\/2022\/09\/IMG_1825.00_10_52_19.Standbild002-1980x1392.jpg 1980w\" sizes=\"auto, (max-width: 3840px) 100vw, 3840px\" \/><\/a><\/figure>\n<\/figure>\n\n\n\n<p class=\"animate from-bottom\">Diese und weitere Werte haben uns in unserer Jugend selbst gepr\u00e4gt. Aus dem Grunde ist uns auch der christliche Glaube wichtig. Wir haben erlebt was es hei\u00dft, neuen Lebensmut aus einer Glaubensbeziehung zu Gott durch Jesus Christus zu bekommen.<\/p>\n\n\n\n<p class=\"animate from-bottom\">Dadurch haben wir in den letzten Jahren Hoffnung und Stabilit\u00e4t im Alltag erfahren.<\/p>\n\n\n\n<p class=\"animate from-bottom\">Das sind wir, das sind unsere Motive, das ist uns wichtig, und alles das wollen wir mit Menschen teilen.<\/p>\n\n\n\n<p class=\"animate from-bottom has-primary-color has-text-color\">Etwas, was uns dazu im Team momentan selbst sehr bewegt, ist unser <a href=\"https:\/\/team4jc.de\/ukraine-einsatz\/\">Ukraine Einsatz<\/a> aus M\u00e4rz 2022 und das, was daraus entstanden ist. Auf unserer Fahrt von der Ukraine nach Flensburg haben wir einige der Geschichten der 49 Menschen die an Bord waren erz\u00e4hlt bekommen, ihnen zuh\u00f6ren k\u00f6nnen, mit ihnen 33 Stunden gemeinsam im Bus verbracht. Menschen, die alles verloren haben, zum Teil auch Angeh\u00f6rige, alle von Ihnen hatten trotz dramatischer Erlebnisse, die sie unmittelbar zuvor am eigenen Leib erfahren haben, eines jedoch annehmen k\u00f6nnen: Trost und Hoffnung! Das was wir alle brauchen! Mit vielen von ihnen haben sich im Laufe der Monate Freundschaften aufgebaut, vielen k\u00f6nnen wir weiterhin helfen.\u00a0<\/p>\n\n\n\n<div class=\"wp-block-cover alignfull is-light has-parallax cover-contain\" style=\"min-height:80vh;aspect-ratio:unset;\"><span aria-hidden=\"true\" class=\"wp-block-cover__background has-background-dim-0 has-background-dim\"><\/span><div class=\"wp-block-cover__image-background wp-image-242 has-parallax\" style=\"background-position:50% 50%;background-image:url(https:\/\/team4jc.de\/wp-content\/uploads\/2022\/09\/Slight-Ersatz-01-fur-Zeitungsartikel-IMG-20220318-WA0011_2.jpg)\"><\/div><div class=\"wp-block-cover__inner-container is-layout-flow wp-block-cover-is-layout-flow\">\n<p class=\"has-text-align-center has-large-font-size\"><\/p>\n<\/div><\/div>\n\n\n\n<figure class=\"wp-block-gallery has-nested-images columns-default is-cropped aligncenter animate from-bottom wp-block-gallery-2 is-layout-flex wp-block-gallery-is-layout-flex\">\n<figure class=\"wp-block-image size-full is-style-default\"><a href=\"https:\/\/team4jc.de\/wer-wir-sind\/unser-motiv\/nieharde-brief-2022-pdf-seiten-67-ukraine\/\" target=\"_blank\" rel=\"noopener\"><img loading=\"lazy\" decoding=\"async\" width=\"3509\" height=\"2484\" data-id=\"315\" src=\"https:\/\/team4jc.de\/wp-content\/uploads\/2022\/09\/Nieharde-Brief-2022-PDF-Seiten-67-Ukraine.png\" alt=\"\" class=\"wp-image-315\" srcset=\"https:\/\/team4jc.de\/wp-content\/uploads\/2022\/09\/Nieharde-Brief-2022-PDF-Seiten-67-Ukraine.png 3509w, https:\/\/team4jc.de\/wp-content\/uploads\/2022\/09\/Nieharde-Brief-2022-PDF-Seiten-67-Ukraine-300x212.png 300w, https:\/\/team4jc.de\/wp-content\/uploads\/2022\/09\/Nieharde-Brief-2022-PDF-Seiten-67-Ukraine-1024x725.png 1024w, https:\/\/team4jc.de\/wp-content\/uploads\/2022\/09\/Nieharde-Brief-2022-PDF-Seiten-67-Ukraine-768x544.png 768w, https:\/\/team4jc.de\/wp-content\/uploads\/2022\/09\/Nieharde-Brief-2022-PDF-Seiten-67-Ukraine-1536x1087.png 1536w, https:\/\/team4jc.de\/wp-content\/uploads\/2022\/09\/Nieharde-Brief-2022-PDF-Seiten-67-Ukraine-2048x1450.png 2048w, https:\/\/team4jc.de\/wp-content\/uploads\/2022\/09\/Nieharde-Brief-2022-PDF-Seiten-67-Ukraine-1980x1402.png 1980w\" sizes=\"auto, (max-width: 3509px) 100vw, 3509px\" \/><\/a><\/figure>\n<figcaption class=\"blocks-gallery-caption wp-element-caption\">Nieharde-Brief 2022 Seiten 6+7 Ukraine<\/figcaption><\/figure>\n\n\n\n<figure class=\"wp-block-gallery has-nested-images columns-default is-cropped animate from-bottom wp-block-gallery-3 is-layout-flex wp-block-gallery-is-layout-flex\">\n<figure class=\"wp-block-image size-full\"><a href=\"https:\/\/team4jc.de\/wer-wir-sind\/unser-motiv\/screenshot-2022-09-13-at-17-48-08-amtskurier-2022-03-_februar_marz_2022-pdf-%e2%96%ba-amtskurier-2022-03-seite-1-22-pdf\/\" target=\"_blank\" rel=\"noopener\"><img loading=\"lazy\" decoding=\"async\" width=\"1189\" height=\"1683\" data-id=\"290\" src=\"https:\/\/team4jc.de\/wp-content\/uploads\/2022\/09\/Screenshot-2022-09-13-at-17-48-08-Amtskurier-2022-03-_Februar_Marz_2022.pdf-\u25ba-Amtskurier-2022-03-Seite-1-22.pdf.png\" alt=\"\" class=\"wp-image-290\" srcset=\"https:\/\/team4jc.de\/wp-content\/uploads\/2022\/09\/Screenshot-2022-09-13-at-17-48-08-Amtskurier-2022-03-_Februar_Marz_2022.pdf-\u25ba-Amtskurier-2022-03-Seite-1-22.pdf.png 1189w, https:\/\/team4jc.de\/wp-content\/uploads\/2022\/09\/Screenshot-2022-09-13-at-17-48-08-Amtskurier-2022-03-_Februar_Marz_2022.pdf-\u25ba-Amtskurier-2022-03-Seite-1-22.pdf-212x300.png 212w, https:\/\/team4jc.de\/wp-content\/uploads\/2022\/09\/Screenshot-2022-09-13-at-17-48-08-Amtskurier-2022-03-_Februar_Marz_2022.pdf-\u25ba-Amtskurier-2022-03-Seite-1-22.pdf-723x1024.png 723w, https:\/\/team4jc.de\/wp-content\/uploads\/2022\/09\/Screenshot-2022-09-13-at-17-48-08-Amtskurier-2022-03-_Februar_Marz_2022.pdf-\u25ba-Amtskurier-2022-03-Seite-1-22.pdf-768x1087.png 768w, https:\/\/team4jc.de\/wp-content\/uploads\/2022\/09\/Screenshot-2022-09-13-at-17-48-08-Amtskurier-2022-03-_Februar_Marz_2022.pdf-\u25ba-Amtskurier-2022-03-Seite-1-22.pdf-1085x1536.png 1085w\" sizes=\"auto, (max-width: 1189px) 100vw, 1189px\" \/><\/a><\/figure>\n\n\n\n<figure class=\"wp-block-image size-full\"><a href=\"https:\/\/team4jc.de\/wer-wir-sind\/unser-motiv\/%e2%96%ba-amtskurier-2022-03-seite-122_seite_2\/\" target=\"_blank\" rel=\"noopener\"><img loading=\"lazy\" decoding=\"async\" width=\"2480\" height=\"3509\" data-id=\"381\" src=\"https:\/\/team4jc.de\/wp-content\/uploads\/2022\/09\/\u25ba-Amtskurier-2022-03-Seite-122_Seite_2.png\" alt=\"\" class=\"wp-image-381\" srcset=\"https:\/\/team4jc.de\/wp-content\/uploads\/2022\/09\/\u25ba-Amtskurier-2022-03-Seite-122_Seite_2.png 2480w, https:\/\/team4jc.de\/wp-content\/uploads\/2022\/09\/\u25ba-Amtskurier-2022-03-Seite-122_Seite_2-212x300.png 212w, https:\/\/team4jc.de\/wp-content\/uploads\/2022\/09\/\u25ba-Amtskurier-2022-03-Seite-122_Seite_2-724x1024.png 724w, https:\/\/team4jc.de\/wp-content\/uploads\/2022\/09\/\u25ba-Amtskurier-2022-03-Seite-122_Seite_2-768x1087.png 768w, https:\/\/team4jc.de\/wp-content\/uploads\/2022\/09\/\u25ba-Amtskurier-2022-03-Seite-122_Seite_2-1086x1536.png 1086w, https:\/\/team4jc.de\/wp-content\/uploads\/2022\/09\/\u25ba-Amtskurier-2022-03-Seite-122_Seite_2-1447x2048.png 1447w, https:\/\/team4jc.de\/wp-content\/uploads\/2022\/09\/\u25ba-Amtskurier-2022-03-Seite-122_Seite_2-1980x2802.png 1980w\" sizes=\"auto, (max-width: 2480px) 100vw, 2480px\" \/><\/a><\/figure>\n<figcaption class=\"blocks-gallery-caption wp-element-caption\">Amtskurier 2022-03 (Seite 1, 22)<\/figcaption><\/figure>\n\n\n\n<figure class=\"wp-block-gallery has-nested-images columns-default is-cropped animate from-bottom wp-block-gallery-4 is-layout-flex wp-block-gallery-is-layout-flex\">\n<figure class=\"wp-block-image size-full\"><a href=\"https:\/\/team4jc.de\/screenshot-2022-09-13-at-17-51-10-amtskurier-2022-05-3-seiten-pdf-%e2%96%ba-amtskurier-2022-05-seite-1-25-26-pdf\/\" target=\"_blank\" rel=\"noopener\"><img loading=\"lazy\" decoding=\"async\" width=\"1308\" height=\"1851\" data-id=\"295\" src=\"https:\/\/team4jc.de\/wp-content\/uploads\/2022\/09\/Screenshot-2022-09-13-at-17-51-10-Amtskurier-2022-05-3-Seiten.pdf-\u25ba-Amtskurier-2022-05-Seite-1-25-26.pdf.png\" alt=\"\" class=\"wp-image-295\" srcset=\"https:\/\/team4jc.de\/wp-content\/uploads\/2022\/09\/Screenshot-2022-09-13-at-17-51-10-Amtskurier-2022-05-3-Seiten.pdf-\u25ba-Amtskurier-2022-05-Seite-1-25-26.pdf.png 1308w, https:\/\/team4jc.de\/wp-content\/uploads\/2022\/09\/Screenshot-2022-09-13-at-17-51-10-Amtskurier-2022-05-3-Seiten.pdf-\u25ba-Amtskurier-2022-05-Seite-1-25-26.pdf-212x300.png 212w, https:\/\/team4jc.de\/wp-content\/uploads\/2022\/09\/Screenshot-2022-09-13-at-17-51-10-Amtskurier-2022-05-3-Seiten.pdf-\u25ba-Amtskurier-2022-05-Seite-1-25-26.pdf-724x1024.png 724w, https:\/\/team4jc.de\/wp-content\/uploads\/2022\/09\/Screenshot-2022-09-13-at-17-51-10-Amtskurier-2022-05-3-Seiten.pdf-\u25ba-Amtskurier-2022-05-Seite-1-25-26.pdf-768x1087.png 768w, https:\/\/team4jc.de\/wp-content\/uploads\/2022\/09\/Screenshot-2022-09-13-at-17-51-10-Amtskurier-2022-05-3-Seiten.pdf-\u25ba-Amtskurier-2022-05-Seite-1-25-26.pdf-1085x1536.png 1085w\" sizes=\"auto, (max-width: 1308px) 100vw, 1308px\" \/><\/a><\/figure>\n\n\n\n<figure class=\"wp-block-image size-full\"><a href=\"https:\/\/team4jc.de\/wer-wir-sind\/unser-motiv\/%e2%96%ba-amtskurier-2022-05-seite-12526_seite_2\/\" target=\"_blank\" rel=\"noopener\"><img loading=\"lazy\" decoding=\"async\" width=\"2480\" height=\"3509\" data-id=\"383\" src=\"https:\/\/team4jc.de\/wp-content\/uploads\/2022\/09\/\u25ba-Amtskurier-2022-05-Seite-12526_Seite_2.png\" alt=\"\" class=\"wp-image-383\" srcset=\"https:\/\/team4jc.de\/wp-content\/uploads\/2022\/09\/\u25ba-Amtskurier-2022-05-Seite-12526_Seite_2.png 2480w, https:\/\/team4jc.de\/wp-content\/uploads\/2022\/09\/\u25ba-Amtskurier-2022-05-Seite-12526_Seite_2-212x300.png 212w, https:\/\/team4jc.de\/wp-content\/uploads\/2022\/09\/\u25ba-Amtskurier-2022-05-Seite-12526_Seite_2-724x1024.png 724w, https:\/\/team4jc.de\/wp-content\/uploads\/2022\/09\/\u25ba-Amtskurier-2022-05-Seite-12526_Seite_2-768x1087.png 768w, https:\/\/team4jc.de\/wp-content\/uploads\/2022\/09\/\u25ba-Amtskurier-2022-05-Seite-12526_Seite_2-1086x1536.png 1086w, https:\/\/team4jc.de\/wp-content\/uploads\/2022\/09\/\u25ba-Amtskurier-2022-05-Seite-12526_Seite_2-1447x2048.png 1447w, https:\/\/team4jc.de\/wp-content\/uploads\/2022\/09\/\u25ba-Amtskurier-2022-05-Seite-12526_Seite_2-1980x2802.png 1980w\" sizes=\"auto, (max-width: 2480px) 100vw, 2480px\" \/><\/a><\/figure>\n\n\n\n<figure class=\"wp-block-image size-full\"><a href=\"https:\/\/team4jc.de\/wer-wir-sind\/unser-motiv\/%e2%96%ba-amtskurier-2022-05-seite-12526_seite_3\/\" target=\"_blank\" rel=\"noopener\"><img loading=\"lazy\" decoding=\"async\" width=\"2480\" height=\"3509\" data-id=\"382\" src=\"https:\/\/team4jc.de\/wp-content\/uploads\/2022\/09\/\u25ba-Amtskurier-2022-05-Seite-12526_Seite_3.png\" alt=\"\" class=\"wp-image-382\" srcset=\"https:\/\/team4jc.de\/wp-content\/uploads\/2022\/09\/\u25ba-Amtskurier-2022-05-Seite-12526_Seite_3.png 2480w, https:\/\/team4jc.de\/wp-content\/uploads\/2022\/09\/\u25ba-Amtskurier-2022-05-Seite-12526_Seite_3-212x300.png 212w, https:\/\/team4jc.de\/wp-content\/uploads\/2022\/09\/\u25ba-Amtskurier-2022-05-Seite-12526_Seite_3-724x1024.png 724w, https:\/\/team4jc.de\/wp-content\/uploads\/2022\/09\/\u25ba-Amtskurier-2022-05-Seite-12526_Seite_3-768x1087.png 768w, https:\/\/team4jc.de\/wp-content\/uploads\/2022\/09\/\u25ba-Amtskurier-2022-05-Seite-12526_Seite_3-1086x1536.png 1086w, https:\/\/team4jc.de\/wp-content\/uploads\/2022\/09\/\u25ba-Amtskurier-2022-05-Seite-12526_Seite_3-1447x2048.png 1447w, https:\/\/team4jc.de\/wp-content\/uploads\/2022\/09\/\u25ba-Amtskurier-2022-05-Seite-12526_Seite_3-1980x2802.png 1980w\" sizes=\"auto, (max-width: 2480px) 100vw, 2480px\" \/><\/a><\/figure>\n<figcaption class=\"blocks-gallery-caption wp-element-caption\">Amtskurier 2022-05 (Seite 1, 25, 26)<\/figcaption><\/figure>\n\n\n\n<figure class=\"wp-block-gallery has-nested-images columns-4 is-cropped animate from-bottom wp-block-gallery-5 is-layout-flex wp-block-gallery-is-layout-flex\">\n<figure class=\"wp-block-image size-full\"><a href=\"https:\/\/team4jc.de\/screenshot-2022-09-13-at-17-52-57-amtskurier-2022-07-_juni___juli_2022-pdf-%e2%96%ba-amtskurier-2022-07-seite-1-29-32-33-pdf\/\" target=\"_blank\" rel=\"noopener\"><img loading=\"lazy\" decoding=\"async\" width=\"1308\" height=\"1851\" data-id=\"297\" src=\"https:\/\/team4jc.de\/wp-content\/uploads\/2022\/09\/Screenshot-2022-09-13-at-17-52-57-Amtskurier-2022-07-_Juni___Juli_2022.pdf-\u25ba-Amtskurier-2022-07-Seite-1-29-32-33.pdf.png\" alt=\"\" class=\"wp-image-297\" srcset=\"https:\/\/team4jc.de\/wp-content\/uploads\/2022\/09\/Screenshot-2022-09-13-at-17-52-57-Amtskurier-2022-07-_Juni___Juli_2022.pdf-\u25ba-Amtskurier-2022-07-Seite-1-29-32-33.pdf.png 1308w, https:\/\/team4jc.de\/wp-content\/uploads\/2022\/09\/Screenshot-2022-09-13-at-17-52-57-Amtskurier-2022-07-_Juni___Juli_2022.pdf-\u25ba-Amtskurier-2022-07-Seite-1-29-32-33.pdf-212x300.png 212w, https:\/\/team4jc.de\/wp-content\/uploads\/2022\/09\/Screenshot-2022-09-13-at-17-52-57-Amtskurier-2022-07-_Juni___Juli_2022.pdf-\u25ba-Amtskurier-2022-07-Seite-1-29-32-33.pdf-724x1024.png 724w, https:\/\/team4jc.de\/wp-content\/uploads\/2022\/09\/Screenshot-2022-09-13-at-17-52-57-Amtskurier-2022-07-_Juni___Juli_2022.pdf-\u25ba-Amtskurier-2022-07-Seite-1-29-32-33.pdf-768x1087.png 768w, https:\/\/team4jc.de\/wp-content\/uploads\/2022\/09\/Screenshot-2022-09-13-at-17-52-57-Amtskurier-2022-07-_Juni___Juli_2022.pdf-\u25ba-Amtskurier-2022-07-Seite-1-29-32-33.pdf-1085x1536.png 1085w\" sizes=\"auto, (max-width: 1308px) 100vw, 1308px\" \/><\/a><\/figure>\n\n\n\n<figure class=\"wp-block-image size-full\"><a href=\"https:\/\/team4jc.de\/wer-wir-sind\/unser-motiv\/%e2%96%ba-amtskurier-2022-07-seite-1293233_seite_2\/\" target=\"_blank\" rel=\"noopener\"><img loading=\"lazy\" decoding=\"async\" width=\"2480\" height=\"3509\" data-id=\"387\" src=\"https:\/\/team4jc.de\/wp-content\/uploads\/2022\/09\/\u25ba-Amtskurier-2022-07-Seite-1293233_Seite_2.png\" alt=\"\" class=\"wp-image-387\" srcset=\"https:\/\/team4jc.de\/wp-content\/uploads\/2022\/09\/\u25ba-Amtskurier-2022-07-Seite-1293233_Seite_2.png 2480w, https:\/\/team4jc.de\/wp-content\/uploads\/2022\/09\/\u25ba-Amtskurier-2022-07-Seite-1293233_Seite_2-212x300.png 212w, https:\/\/team4jc.de\/wp-content\/uploads\/2022\/09\/\u25ba-Amtskurier-2022-07-Seite-1293233_Seite_2-724x1024.png 724w, https:\/\/team4jc.de\/wp-content\/uploads\/2022\/09\/\u25ba-Amtskurier-2022-07-Seite-1293233_Seite_2-768x1087.png 768w, https:\/\/team4jc.de\/wp-content\/uploads\/2022\/09\/\u25ba-Amtskurier-2022-07-Seite-1293233_Seite_2-1086x1536.png 1086w, https:\/\/team4jc.de\/wp-content\/uploads\/2022\/09\/\u25ba-Amtskurier-2022-07-Seite-1293233_Seite_2-1447x2048.png 1447w, https:\/\/team4jc.de\/wp-content\/uploads\/2022\/09\/\u25ba-Amtskurier-2022-07-Seite-1293233_Seite_2-1980x2802.png 1980w\" sizes=\"auto, (max-width: 2480px) 100vw, 2480px\" \/><\/a><\/figure>\n\n\n\n<figure class=\"wp-block-image size-full\"><a href=\"https:\/\/team4jc.de\/wer-wir-sind\/unser-motiv\/%e2%96%ba-amtskurier-2022-07-seite-1293233_seite_3\/\" target=\"_blank\" rel=\"noopener\"><img loading=\"lazy\" decoding=\"async\" width=\"2480\" height=\"3509\" data-id=\"386\" src=\"https:\/\/team4jc.de\/wp-content\/uploads\/2022\/09\/\u25ba-Amtskurier-2022-07-Seite-1293233_Seite_3.png\" alt=\"\" class=\"wp-image-386\" srcset=\"https:\/\/team4jc.de\/wp-content\/uploads\/2022\/09\/\u25ba-Amtskurier-2022-07-Seite-1293233_Seite_3.png 2480w, https:\/\/team4jc.de\/wp-content\/uploads\/2022\/09\/\u25ba-Amtskurier-2022-07-Seite-1293233_Seite_3-212x300.png 212w, https:\/\/team4jc.de\/wp-content\/uploads\/2022\/09\/\u25ba-Amtskurier-2022-07-Seite-1293233_Seite_3-724x1024.png 724w, https:\/\/team4jc.de\/wp-content\/uploads\/2022\/09\/\u25ba-Amtskurier-2022-07-Seite-1293233_Seite_3-768x1087.png 768w, https:\/\/team4jc.de\/wp-content\/uploads\/2022\/09\/\u25ba-Amtskurier-2022-07-Seite-1293233_Seite_3-1086x1536.png 1086w, https:\/\/team4jc.de\/wp-content\/uploads\/2022\/09\/\u25ba-Amtskurier-2022-07-Seite-1293233_Seite_3-1447x2048.png 1447w, https:\/\/team4jc.de\/wp-content\/uploads\/2022\/09\/\u25ba-Amtskurier-2022-07-Seite-1293233_Seite_3-1980x2802.png 1980w\" sizes=\"auto, (max-width: 2480px) 100vw, 2480px\" \/><\/a><\/figure>\n\n\n\n<figure class=\"wp-block-image size-full\"><a href=\"https:\/\/team4jc.de\/wer-wir-sind\/unser-motiv\/%e2%96%ba-amtskurier-2022-07-seite-1293233_seite_4\/\" target=\"_blank\" rel=\"noopener\"><img loading=\"lazy\" decoding=\"async\" width=\"2480\" height=\"3509\" data-id=\"385\" src=\"https:\/\/team4jc.de\/wp-content\/uploads\/2022\/09\/\u25ba-Amtskurier-2022-07-Seite-1293233_Seite_4.png\" alt=\"\" class=\"wp-image-385\" srcset=\"https:\/\/team4jc.de\/wp-content\/uploads\/2022\/09\/\u25ba-Amtskurier-2022-07-Seite-1293233_Seite_4.png 2480w, https:\/\/team4jc.de\/wp-content\/uploads\/2022\/09\/\u25ba-Amtskurier-2022-07-Seite-1293233_Seite_4-212x300.png 212w, https:\/\/team4jc.de\/wp-content\/uploads\/2022\/09\/\u25ba-Amtskurier-2022-07-Seite-1293233_Seite_4-724x1024.png 724w, https:\/\/team4jc.de\/wp-content\/uploads\/2022\/09\/\u25ba-Amtskurier-2022-07-Seite-1293233_Seite_4-768x1087.png 768w, https:\/\/team4jc.de\/wp-content\/uploads\/2022\/09\/\u25ba-Amtskurier-2022-07-Seite-1293233_Seite_4-1086x1536.png 1086w, https:\/\/team4jc.de\/wp-content\/uploads\/2022\/09\/\u25ba-Amtskurier-2022-07-Seite-1293233_Seite_4-1447x2048.png 1447w, https:\/\/team4jc.de\/wp-content\/uploads\/2022\/09\/\u25ba-Amtskurier-2022-07-Seite-1293233_Seite_4-1980x2802.png 1980w\" sizes=\"auto, (max-width: 2480px) 100vw, 2480px\" \/><\/a><\/figure>\n<figcaption class=\"blocks-gallery-caption wp-element-caption\">Amtskurier 2022-07 (Seite 1, 29, 32, 33)<\/figcaption><\/figure>\n\n\n\n<figure class=\"wp-block-gallery has-nested-images columns-4 is-cropped animate from-bottom wp-block-gallery-6 is-layout-flex wp-block-gallery-is-layout-flex\">\n<figure class=\"wp-block-image size-full\"><a href=\"https:\/\/team4jc.de\/screenshot-2022-09-13-at-17-54-38-amtskurier-2022-09-_august_september_2022-pdf-%e2%96%ba-amtskurier-2022-09-seite-1-20-pdf\/\" target=\"_blank\" rel=\"noopener\"><img loading=\"lazy\" decoding=\"async\" width=\"1308\" height=\"1851\" data-id=\"299\" src=\"https:\/\/team4jc.de\/wp-content\/uploads\/2022\/09\/Screenshot-2022-09-13-at-17-54-38-Amtskurier-2022-09-_August_September_2022.pdf-\u25ba-Amtskurier-2022-09-Seite-1-20.pdf.png\" alt=\"\" class=\"wp-image-299\" srcset=\"https:\/\/team4jc.de\/wp-content\/uploads\/2022\/09\/Screenshot-2022-09-13-at-17-54-38-Amtskurier-2022-09-_August_September_2022.pdf-\u25ba-Amtskurier-2022-09-Seite-1-20.pdf.png 1308w, https:\/\/team4jc.de\/wp-content\/uploads\/2022\/09\/Screenshot-2022-09-13-at-17-54-38-Amtskurier-2022-09-_August_September_2022.pdf-\u25ba-Amtskurier-2022-09-Seite-1-20.pdf-212x300.png 212w, https:\/\/team4jc.de\/wp-content\/uploads\/2022\/09\/Screenshot-2022-09-13-at-17-54-38-Amtskurier-2022-09-_August_September_2022.pdf-\u25ba-Amtskurier-2022-09-Seite-1-20.pdf-724x1024.png 724w, https:\/\/team4jc.de\/wp-content\/uploads\/2022\/09\/Screenshot-2022-09-13-at-17-54-38-Amtskurier-2022-09-_August_September_2022.pdf-\u25ba-Amtskurier-2022-09-Seite-1-20.pdf-768x1087.png 768w, https:\/\/team4jc.de\/wp-content\/uploads\/2022\/09\/Screenshot-2022-09-13-at-17-54-38-Amtskurier-2022-09-_August_September_2022.pdf-\u25ba-Amtskurier-2022-09-Seite-1-20.pdf-1085x1536.png 1085w\" sizes=\"auto, (max-width: 1308px) 100vw, 1308px\" \/><\/a><\/figure>\n\n\n\n<figure class=\"wp-block-image size-full\"><a href=\"https:\/\/team4jc.de\/wer-wir-sind\/unser-motiv\/%e2%96%ba-amtskurier-2022-09-seite-120_seite_2\/\" target=\"_blank\" rel=\"noopener\"><img loading=\"lazy\" decoding=\"async\" width=\"2480\" height=\"3509\" data-id=\"389\" src=\"https:\/\/team4jc.de\/wp-content\/uploads\/2022\/09\/\u25ba-Amtskurier-2022-09-Seite-120_Seite_2.png\" alt=\"\" class=\"wp-image-389\" srcset=\"https:\/\/team4jc.de\/wp-content\/uploads\/2022\/09\/\u25ba-Amtskurier-2022-09-Seite-120_Seite_2.png 2480w, https:\/\/team4jc.de\/wp-content\/uploads\/2022\/09\/\u25ba-Amtskurier-2022-09-Seite-120_Seite_2-212x300.png 212w, https:\/\/team4jc.de\/wp-content\/uploads\/2022\/09\/\u25ba-Amtskurier-2022-09-Seite-120_Seite_2-724x1024.png 724w, https:\/\/team4jc.de\/wp-content\/uploads\/2022\/09\/\u25ba-Amtskurier-2022-09-Seite-120_Seite_2-768x1087.png 768w, https:\/\/team4jc.de\/wp-content\/uploads\/2022\/09\/\u25ba-Amtskurier-2022-09-Seite-120_Seite_2-1086x1536.png 1086w, https:\/\/team4jc.de\/wp-content\/uploads\/2022\/09\/\u25ba-Amtskurier-2022-09-Seite-120_Seite_2-1447x2048.png 1447w, https:\/\/team4jc.de\/wp-content\/uploads\/2022\/09\/\u25ba-Amtskurier-2022-09-Seite-120_Seite_2-1980x2802.png 1980w\" sizes=\"auto, (max-width: 2480px) 100vw, 2480px\" \/><\/a><\/figure>\n<figcaption class=\"blocks-gallery-caption wp-element-caption\">Amtskurier 2022-09 (Seite 1, 20)<\/figcaption><\/figure>\n\n\n\n<figure class=\"wp-block-gallery has-nested-images columns-4 is-cropped animate from-bottom wp-block-gallery-7 is-layout-flex wp-block-gallery-is-layout-flex\">\n<figure class=\"wp-block-image size-full\"><a href=\"https:\/\/team4jc.de\/wer-wir-sind\/unser-motiv\/flensburger-tageblatt-21-maerz-2022\/\" target=\"_blank\" rel=\"noopener\"><img loading=\"lazy\" decoding=\"async\" width=\"1600\" height=\"954\" data-id=\"391\" src=\"https:\/\/team4jc.de\/wp-content\/uploads\/2022\/09\/Flensburger-Tageblatt-21-Maerz-2022.jpg\" alt=\"\" class=\"wp-image-391\" srcset=\"https:\/\/team4jc.de\/wp-content\/uploads\/2022\/09\/Flensburger-Tageblatt-21-Maerz-2022.jpg 1600w, https:\/\/team4jc.de\/wp-content\/uploads\/2022\/09\/Flensburger-Tageblatt-21-Maerz-2022-300x179.jpg 300w, https:\/\/team4jc.de\/wp-content\/uploads\/2022\/09\/Flensburger-Tageblatt-21-Maerz-2022-1024x611.jpg 1024w, https:\/\/team4jc.de\/wp-content\/uploads\/2022\/09\/Flensburger-Tageblatt-21-Maerz-2022-768x458.jpg 768w, https:\/\/team4jc.de\/wp-content\/uploads\/2022\/09\/Flensburger-Tageblatt-21-Maerz-2022-1536x916.jpg 1536w\" sizes=\"auto, (max-width: 1600px) 100vw, 1600px\" \/><\/a><\/figure>\n<figcaption class=\"blocks-gallery-caption wp-element-caption\">Flensburger Tageblatt, 21 M\u00e4rz 2022<\/figcaption><\/figure>\n","protected":false},"excerpt":{"rendered":"<p>Freundschaft. Wertsch\u00e4tzung. Annahme. Akzeptanz. Aufrichtigkeit. Anderen helfen. Lernen. Lieben. Lachen. Leben. Diese und weitere Werte haben uns in unserer Jugend selbst gepr\u00e4gt. Aus dem Grunde ist uns auch der christliche Glaube wichtig. Wir haben erlebt was es hei\u00dft, neuen Lebensmut aus einer Glaubensbeziehung zu Gott durch Jesus Christus zu bekommen. Dadurch haben wir in den [&hellip;]<\/p>\n","protected":false},"author":1,"featured_media":190,"parent":2,"menu_order":0,"comment_status":"closed","ping_status":"closed","template":"","meta":{"_eb_attr":"","footnotes":""},"class_list":["post-13","page","type-page","status-publish","has-post-thumbnail","hentry"],"_links":{"self":[{"href":"https:\/\/team4jc.de\/de\/wp-json\/wp\/v2\/pages\/13","targetHints":{"allow":["GET"]}}],"collection":[{"href":"https:\/\/team4jc.de\/de\/wp-json\/wp\/v2\/pages"}],"about":[{"href":"https:\/\/team4jc.de\/de\/wp-json\/wp\/v2\/types\/page"}],"author":[{"embeddable":true,"href":"https:\/\/team4jc.de\/de\/wp-json\/wp\/v2\/users\/1"}],"replies":[{"embeddable":true,"href":"https:\/\/team4jc.de\/de\/wp-json\/wp\/v2\/comments?post=13"}],"version-history":[{"count":38,"href":"https:\/\/team4jc.de\/de\/wp-json\/wp\/v2\/pages\/13\/revisions"}],"predecessor-version":[{"id":2539,"href":"https:\/\/team4jc.de\/de\/wp-json\/wp\/v2\/pages\/13\/revisions\/2539"}],"up":[{"embeddable":true,"href":"https:\/\/team4jc.de\/de\/wp-json\/wp\/v2\/pages\/2"}],"wp:featuredmedia":[{"embeddable":true,"href":"https:\/\/team4jc.de\/de\/wp-json\/wp\/v2\/media\/190"}],"wp:attachment":[{"href":"https:\/\/team4jc.de\/de\/wp-json\/wp\/v2\/media?parent=13"}],"curies":[{"name":"wp","href":"https:\/\/api.w.org\/{rel}","templated":true}]}}