{"id":1008,"date":"2022-12-15T12:20:03","date_gmt":"2022-12-15T11:20:03","guid":{"rendered":"https:\/\/team4jc.de\/?page_id=1008"},"modified":"2024-02-21T13:19:03","modified_gmt":"2024-02-21T12:19:03","slug":"aktuelle-hilfe","status":"publish","type":"page","link":"https:\/\/team4jc.de\/de\/aktuelle-hilfe\/","title":{"rendered":"Hilfe 2023"},"content":{"rendered":"<h1 class=\"animate from-top wp-block-post-title\">Hilfe 2023<\/h1>\n\n\n<figure class=\"wp-block-gallery has-nested-images columns-default is-cropped wp-block-gallery-1 is-layout-flex wp-block-gallery-is-layout-flex\">\n<figure class=\"wp-block-image size-full animate from-left\"><img loading=\"lazy\" decoding=\"async\" width=\"906\" height=\"1280\" data-id=\"2280\" src=\"https:\/\/team4jc.de\/wp-content\/uploads\/2023\/02\/IMG_6154.jpg\" alt=\"\" class=\"wp-image-2280\" srcset=\"https:\/\/team4jc.de\/wp-content\/uploads\/2023\/02\/IMG_6154.jpg 906w, https:\/\/team4jc.de\/wp-content\/uploads\/2023\/02\/IMG_6154-212x300.jpg 212w, https:\/\/team4jc.de\/wp-content\/uploads\/2023\/02\/IMG_6154-725x1024.jpg 725w, https:\/\/team4jc.de\/wp-content\/uploads\/2023\/02\/IMG_6154-768x1085.jpg 768w\" sizes=\"auto, (max-width: 906px) 100vw, 906px\" \/><\/figure>\n<\/figure>\n\n\n\n<h2 class=\"wp-block-heading animate from-top\"><strong>Ukraine Hilfe<\/strong><\/h2>\n\n\n\n<p class=\"animate from-top has-large-font-size\"><strong><a href=\"#hilfsg\u00fctersammlung\">25.\/26. Februar 2023 &#8211; Hilfsg\u00fctersammlung<\/a><\/strong><\/p>\n\n\n\n<p class=\"animate from-top has-large-font-size\"><strong><a href=\"#ukraine_fahrt1\">27.02. &#8211; 01.03.2023 &#8211; Ukraine Fahrt<\/a><\/strong><\/p>\n\n\n\n<p class=\"has-large-font-size\"><strong><a href=\"#lkw\">M\u00e4rz 2023 &#8211; Sattelzug voller Hilfsg\u00fcter<\/a><\/strong><\/p>\n\n\n\n<p class=\"has-large-font-size\"><strong><a href=\"https:\/\/team4jc.de\/de\/hilfsaktion-dezember\/\">18.\/19.  Dezember 2022 &#8211; Ukraine Hilfsaktion<\/a><\/strong><\/p>\n\n\n\n<h3 class=\"wp-block-heading animate from-top\"><strong>Gezielt helfen. Jetzt.<\/strong><\/h3>\n\n\n\n<figure class=\"wp-block-gallery has-nested-images columns-default is-cropped wp-block-gallery-2 is-layout-flex wp-block-gallery-is-layout-flex\">\n<figure class=\"wp-block-image size-large animate from-left\"><img loading=\"lazy\" decoding=\"async\" width=\"1024\" height=\"576\" data-id=\"2455\" src=\"https:\/\/team4jc.de\/wp-content\/uploads\/2023\/03\/IMG_4856-edited-1024x576.jpg\" alt=\"\" class=\"wp-image-2455\" srcset=\"https:\/\/team4jc.de\/wp-content\/uploads\/2023\/03\/IMG_4856-edited-1024x576.jpg 1024w, https:\/\/team4jc.de\/wp-content\/uploads\/2023\/03\/IMG_4856-edited-300x169.jpg 300w, https:\/\/team4jc.de\/wp-content\/uploads\/2023\/03\/IMG_4856-edited-768x432.jpg 768w, https:\/\/team4jc.de\/wp-content\/uploads\/2023\/03\/IMG_4856-edited-1536x864.jpg 1536w, https:\/\/team4jc.de\/wp-content\/uploads\/2023\/03\/IMG_4856-edited-1980x1113.jpg 1980w\" sizes=\"auto, (max-width: 1024px) 100vw, 1024px\" \/><\/figure>\n<\/figure>\n\n\n\n<h4 class=\"wp-block-heading animate from-top\"><strong>Hilfe aus Steinbergkirche und Flensburg f\u00fcr Menschen, die heute Hilfe brauchen:<\/strong><\/h4>\n\n\n\n<h3 class=\"wp-block-heading animate from-top\" id=\"hilfsg\u00fctersammlung\">Hilfsg\u00fctersammlung<br>25.\/ 26. Februar 2023<\/h3>\n\n\n\n<p class=\"animate from-bottom\">So wie auch die Hilfsg\u00fctersammlung im Dezember 2022 war auch unsere Hilfsg\u00fctersammlung 25.\/26. Februar 2023 in Steinbergkirche auf dem Parkplatz vor dem Kaufhaus STOLZ und zeitglich in Flensburg in Zusammenarbeit mit einem Arzt ein riesen Erfolg!&nbsp;<\/p>\n\n\n\n<figure class=\"wp-block-gallery has-nested-images columns-default is-cropped animate from-left wp-block-gallery-3 is-layout-flex wp-block-gallery-is-layout-flex\">\n<figure class=\"wp-block-image size-full\"><img loading=\"lazy\" decoding=\"async\" width=\"768\" height=\"1024\" data-id=\"2435\" src=\"https:\/\/team4jc.de\/wp-content\/uploads\/2023\/03\/PHOTO-2023-02-25-20-35-46-1.jpg\" alt=\"\" class=\"wp-image-2435\" srcset=\"https:\/\/team4jc.de\/wp-content\/uploads\/2023\/03\/PHOTO-2023-02-25-20-35-46-1.jpg 768w, https:\/\/team4jc.de\/wp-content\/uploads\/2023\/03\/PHOTO-2023-02-25-20-35-46-1-225x300.jpg 225w\" sizes=\"auto, (max-width: 768px) 100vw, 768px\" \/><\/figure>\n<\/figure>\n\n\n\n<h3 class=\"wp-block-heading animate from-top\" id=\"ukraine_fahrt1\">27. &#8211; 29. Februar 2023 Ukraine Fahrt<\/h3>\n\n\n\n<p class=\"animate from-bottom\">Es ist ein ungeahntes Ma\u00df an Hilfsg\u00fctern zusammengekommen, f\u00fcr uns alle \u00fcberw\u00e4ltigend! Den ersten Teil mit 46m\u00b3 Hilfsg\u00fctern haben wir noch am Abend des 26. Februars in 4 gro\u00dfe Transporter verladen, und uns im 9-k\u00f6pfigen Team f\u00fcr die Abfahrt am Montagmorgen 27. Februar in Richtung Ukraine vorbereitet!&nbsp;<\/p>\n\n\n\n<p class=\"animate from-bottom\">Fr\u00fchmorgens am Montag 27. Februar war es soweit, einen Tag nach der Sammelaktion sind wir mit 4 vollgeladenen Transportern von Steinbergkirche in Richtung ukrainische Grenze aufgebrochen.&nbsp;<\/p>\n\n\n\n<p class=\"animate from-bottom\">Dank der jeweils mit 2 Fahrern besetzten Fahrzeuge konnten wir uns abwechseln, so haben wir nach ungef\u00e4hr 15 Stunden Fahrt unser Hotel an der ukrainischen Grenze erreicht.&nbsp;<\/p>\n\n\n\n<figure class=\"wp-block-gallery has-nested-images columns-default is-cropped wp-block-gallery-4 is-layout-flex wp-block-gallery-is-layout-flex\">\n<figure class=\"wp-block-image size-large animate from-left\"><img loading=\"lazy\" decoding=\"async\" width=\"1024\" height=\"768\" data-id=\"2344\" src=\"https:\/\/team4jc.de\/wp-content\/uploads\/2023\/03\/IMG_1244-1024x768.jpg\" alt=\"\" class=\"wp-image-2344\" srcset=\"https:\/\/team4jc.de\/wp-content\/uploads\/2023\/03\/IMG_1244-1024x768.jpg 1024w, https:\/\/team4jc.de\/wp-content\/uploads\/2023\/03\/IMG_1244-300x225.jpg 300w, https:\/\/team4jc.de\/wp-content\/uploads\/2023\/03\/IMG_1244-768x576.jpg 768w, https:\/\/team4jc.de\/wp-content\/uploads\/2023\/03\/IMG_1244-1536x1151.jpg 1536w, https:\/\/team4jc.de\/wp-content\/uploads\/2023\/03\/IMG_1244-1980x1484.jpg 1980w\" sizes=\"auto, (max-width: 1024px) 100vw, 1024px\" \/><\/figure>\n<\/figure>\n\n\n\n<p class=\"animate from-bottom\">Dienstagmorgen ging es auf zur Grenze. Mit den 4 Transportern und 46m\u00b3 Hilfsg\u00fctern kamen wir gut r\u00fcber! Gemeinsam im Team haben wir anschlie\u00dfend in der Ukraine die 46m\u00b3 an Lebensmitteln, Kleidung, Hygieneartikel und medizinischen Produkten an Ukrainer, die bereits wir pers\u00f6nlich kennengelernt haben, \u00fcbergeben.&nbsp;&nbsp;<\/p>\n\n\n\n<figure class=\"wp-block-gallery has-nested-images columns-default is-cropped wp-block-gallery-5 is-layout-flex wp-block-gallery-is-layout-flex\">\n<figure class=\"wp-block-image size-full animate from-left\"><img loading=\"lazy\" decoding=\"async\" width=\"2731\" height=\"1536\" data-id=\"2349\" src=\"https:\/\/team4jc.de\/wp-content\/uploads\/2023\/03\/A2DE83FE-0B7D-4B87-BC5F-C1C12D0138C6.jpg\" alt=\"\" class=\"wp-image-2349\" srcset=\"https:\/\/team4jc.de\/wp-content\/uploads\/2023\/03\/A2DE83FE-0B7D-4B87-BC5F-C1C12D0138C6.jpg 2731w, https:\/\/team4jc.de\/wp-content\/uploads\/2023\/03\/A2DE83FE-0B7D-4B87-BC5F-C1C12D0138C6-300x169.jpg 300w, https:\/\/team4jc.de\/wp-content\/uploads\/2023\/03\/A2DE83FE-0B7D-4B87-BC5F-C1C12D0138C6-1024x576.jpg 1024w, https:\/\/team4jc.de\/wp-content\/uploads\/2023\/03\/A2DE83FE-0B7D-4B87-BC5F-C1C12D0138C6-768x432.jpg 768w, https:\/\/team4jc.de\/wp-content\/uploads\/2023\/03\/A2DE83FE-0B7D-4B87-BC5F-C1C12D0138C6-1536x864.jpg 1536w, https:\/\/team4jc.de\/wp-content\/uploads\/2023\/03\/A2DE83FE-0B7D-4B87-BC5F-C1C12D0138C6-2048x1152.jpg 2048w, https:\/\/team4jc.de\/wp-content\/uploads\/2023\/03\/A2DE83FE-0B7D-4B87-BC5F-C1C12D0138C6-1980x1114.jpg 1980w\" sizes=\"auto, (max-width: 2731px) 100vw, 2731px\" \/><\/figure>\n<\/figure>\n\n\n\n<p class=\"animate from-bottom\">In kurzer Zeit konnten alle G\u00fcter aus den 4 Transportern in den bereitgestellten ukrainischen Truck umgeladen werden.&nbsp;<\/p>\n\n\n\n<figure class=\"wp-block-gallery has-nested-images columns-default is-cropped animate from-left wp-block-gallery-6 is-layout-flex wp-block-gallery-is-layout-flex\">\n<figure class=\"wp-block-image size-full\"><img loading=\"lazy\" decoding=\"async\" width=\"1536\" height=\"2049\" data-id=\"2354\" src=\"https:\/\/team4jc.de\/wp-content\/uploads\/2023\/03\/IMG_1208.jpg\" alt=\"\" class=\"wp-image-2354\" srcset=\"https:\/\/team4jc.de\/wp-content\/uploads\/2023\/03\/IMG_1208.jpg 1536w, https:\/\/team4jc.de\/wp-content\/uploads\/2023\/03\/IMG_1208-225x300.jpg 225w, https:\/\/team4jc.de\/wp-content\/uploads\/2023\/03\/IMG_1208-768x1025.jpg 768w, https:\/\/team4jc.de\/wp-content\/uploads\/2023\/03\/IMG_1208-1151x1536.jpg 1151w\" sizes=\"auto, (max-width: 1536px) 100vw, 1536px\" \/><\/figure>\n\n\n\n<figure class=\"wp-block-image size-full\"><img loading=\"lazy\" decoding=\"async\" width=\"1536\" height=\"2049\" data-id=\"2359\" src=\"https:\/\/team4jc.de\/wp-content\/uploads\/2023\/03\/IMG_1271.jpg\" alt=\"\" class=\"wp-image-2359\" srcset=\"https:\/\/team4jc.de\/wp-content\/uploads\/2023\/03\/IMG_1271.jpg 1536w, https:\/\/team4jc.de\/wp-content\/uploads\/2023\/03\/IMG_1271-225x300.jpg 225w, https:\/\/team4jc.de\/wp-content\/uploads\/2023\/03\/IMG_1271-768x1025.jpg 768w, https:\/\/team4jc.de\/wp-content\/uploads\/2023\/03\/IMG_1271-1151x1536.jpg 1151w\" sizes=\"auto, (max-width: 1536px) 100vw, 1536px\" \/><\/figure>\n\n\n\n<figure class=\"wp-block-image size-full\"><img loading=\"lazy\" decoding=\"async\" width=\"2049\" height=\"1536\" data-id=\"2364\" src=\"https:\/\/team4jc.de\/wp-content\/uploads\/2023\/03\/IMG_1134.jpg\" alt=\"\" class=\"wp-image-2364\" srcset=\"https:\/\/team4jc.de\/wp-content\/uploads\/2023\/03\/IMG_1134.jpg 2049w, https:\/\/team4jc.de\/wp-content\/uploads\/2023\/03\/IMG_1134-300x225.jpg 300w, https:\/\/team4jc.de\/wp-content\/uploads\/2023\/03\/IMG_1134-1024x768.jpg 1024w, https:\/\/team4jc.de\/wp-content\/uploads\/2023\/03\/IMG_1134-768x576.jpg 768w, https:\/\/team4jc.de\/wp-content\/uploads\/2023\/03\/IMG_1134-1536x1151.jpg 1536w, https:\/\/team4jc.de\/wp-content\/uploads\/2023\/03\/IMG_1134-1980x1484.jpg 1980w\" sizes=\"auto, (max-width: 2049px) 100vw, 2049px\" \/><\/figure>\n<\/figure>\n\n\n\n<p class=\"animate from-bottom\">Alle diese Hilfsg\u00fcter wurden direkt im Anschluss von den Ukrainern in den Osten des Landes gefahren, und dort gezielt verteilt.&nbsp;<\/p>\n\n\n\n<figure class=\"wp-block-gallery has-nested-images columns-default is-cropped animate from-left wp-block-gallery-7 is-layout-flex wp-block-gallery-is-layout-flex\">\n<figure class=\"wp-block-image size-full\"><img loading=\"lazy\" decoding=\"async\" width=\"714\" height=\"1290\" data-id=\"2369\" src=\"https:\/\/team4jc.de\/wp-content\/uploads\/2023\/03\/IMG_2631.jpg\" alt=\"\" class=\"wp-image-2369\" srcset=\"https:\/\/team4jc.de\/wp-content\/uploads\/2023\/03\/IMG_2631.jpg 714w, https:\/\/team4jc.de\/wp-content\/uploads\/2023\/03\/IMG_2631-166x300.jpg 166w, https:\/\/team4jc.de\/wp-content\/uploads\/2023\/03\/IMG_2631-567x1024.jpg 567w\" sizes=\"auto, (max-width: 714px) 100vw, 714px\" \/><\/figure>\n\n\n\n<figure class=\"wp-block-image size-full\"><img loading=\"lazy\" decoding=\"async\" width=\"712\" height=\"1290\" data-id=\"2374\" src=\"https:\/\/team4jc.de\/wp-content\/uploads\/2023\/03\/IMG_2628.jpg\" alt=\"\" class=\"wp-image-2374\" srcset=\"https:\/\/team4jc.de\/wp-content\/uploads\/2023\/03\/IMG_2628.jpg 712w, https:\/\/team4jc.de\/wp-content\/uploads\/2023\/03\/IMG_2628-166x300.jpg 166w, https:\/\/team4jc.de\/wp-content\/uploads\/2023\/03\/IMG_2628-565x1024.jpg 565w\" sizes=\"auto, (max-width: 712px) 100vw, 712px\" \/><\/figure>\n<\/figure>\n\n\n\n<p class=\"animate from-bottom\">Anschlie\u00dfend ging es f\u00fcr uns \u00fcber den Grenzverlauf zur\u00fcck nach Polen. Nachmittags, am 28. Februar, steuerten wir alle dann ausgeschlafen direkt wieder nach Norddeutschland. Ersch\u00f6pft, aber gl\u00fccklich, kamen wir Mittwochmorgen Zuhause an! Die Tour hat uns im ganzen Team wieder einmal ber\u00fchrt, jeden einzelnen, weil wir wissen, wie sehr jedes Kleidungsst\u00fcck hilft und was jeder Lebensmittelkarton bewirkt, \u2026und bei allem Nachdenklichen und allen Herausforderungen hat\u00b4s uns im Team auch echt Spa\u00df gemacht und uns als Gruppe weitergebracht! Gott sei Dank, alles hat am Ende mal wieder super geklappt!&nbsp;<\/p>\n\n\n\n<p class=\"animate from-bottom\">Vielen Dank an jeden einzelnen, der diese Aktion im Raum Steinbergkirche und Flensburg so herzliche unterst\u00fctzt hat, so konnte diese lebenswichtige Hilfe einige Menschen in der Ukraine auch dieses Mal gezielt erreichen!<\/p>\n\n\n\n<figure class=\"wp-block-gallery has-nested-images columns-default is-cropped animate from-left wp-block-gallery-8 is-layout-flex wp-block-gallery-is-layout-flex\">\n<figure class=\"wp-block-image size-large\"><img loading=\"lazy\" decoding=\"async\" width=\"1024\" height=\"768\" data-id=\"2465\" src=\"https:\/\/team4jc.de\/wp-content\/uploads\/2023\/03\/IMG_5004-1024x768.jpg\" alt=\"\" class=\"wp-image-2465\" srcset=\"https:\/\/team4jc.de\/wp-content\/uploads\/2023\/03\/IMG_5004-1024x768.jpg 1024w, https:\/\/team4jc.de\/wp-content\/uploads\/2023\/03\/IMG_5004-300x225.jpg 300w, https:\/\/team4jc.de\/wp-content\/uploads\/2023\/03\/IMG_5004-768x576.jpg 768w, https:\/\/team4jc.de\/wp-content\/uploads\/2023\/03\/IMG_5004-1536x1151.jpg 1536w, https:\/\/team4jc.de\/wp-content\/uploads\/2023\/03\/IMG_5004-1980x1484.jpg 1980w\" sizes=\"auto, (max-width: 1024px) 100vw, 1024px\" \/><\/figure>\n\n\n\n<figure class=\"wp-block-image size-full\"><img loading=\"lazy\" decoding=\"async\" width=\"2731\" height=\"1536\" data-id=\"2389\" src=\"https:\/\/team4jc.de\/wp-content\/uploads\/2023\/03\/IMG_5168-2.jpg\" alt=\"\" class=\"wp-image-2389\" srcset=\"https:\/\/team4jc.de\/wp-content\/uploads\/2023\/03\/IMG_5168-2.jpg 2731w, https:\/\/team4jc.de\/wp-content\/uploads\/2023\/03\/IMG_5168-2-300x169.jpg 300w, https:\/\/team4jc.de\/wp-content\/uploads\/2023\/03\/IMG_5168-2-1024x576.jpg 1024w, https:\/\/team4jc.de\/wp-content\/uploads\/2023\/03\/IMG_5168-2-768x432.jpg 768w, https:\/\/team4jc.de\/wp-content\/uploads\/2023\/03\/IMG_5168-2-1536x864.jpg 1536w, https:\/\/team4jc.de\/wp-content\/uploads\/2023\/03\/IMG_5168-2-2048x1152.jpg 2048w, https:\/\/team4jc.de\/wp-content\/uploads\/2023\/03\/IMG_5168-2-1980x1114.jpg 1980w\" sizes=\"auto, (max-width: 2731px) 100vw, 2731px\" \/><\/figure>\n<\/figure>\n\n\n\n<h2 class=\"wp-block-heading animate from-top\" id=\"lkw\">Sattelzug mit weiteren 85m\u00b3 Hilfsg\u00fctern<\/h2>\n\n\n\n<p class=\"animate from-bottom\">F\u00fcr die restlich gesammelten G\u00fcter wurde schnell klar: Wir brauchen zus\u00e4tzlich zu den 4 Transportern noch einen 40-Tonner Sattelzug! <\/p>\n\n\n\n<figure class=\"wp-block-gallery has-nested-images columns-default is-cropped animate from-left wp-block-gallery-9 is-layout-flex wp-block-gallery-is-layout-flex\">\n<figure class=\"wp-block-image size-large\"><img loading=\"lazy\" decoding=\"async\" width=\"820\" height=\"1024\" data-id=\"2399\" src=\"https:\/\/team4jc.de\/wp-content\/uploads\/2023\/03\/IMG_1054-e1679590898644-820x1024.jpg\" alt=\"\" class=\"wp-image-2399\" srcset=\"https:\/\/team4jc.de\/wp-content\/uploads\/2023\/03\/IMG_1054-e1679590898644-820x1024.jpg 820w, https:\/\/team4jc.de\/wp-content\/uploads\/2023\/03\/IMG_1054-e1679590898644-240x300.jpg 240w, https:\/\/team4jc.de\/wp-content\/uploads\/2023\/03\/IMG_1054-e1679590898644-768x959.jpg 768w, https:\/\/team4jc.de\/wp-content\/uploads\/2023\/03\/IMG_1054-e1679590898644-1230x1536.jpg 1230w, https:\/\/team4jc.de\/wp-content\/uploads\/2023\/03\/IMG_1054-e1679590898644.jpg 1234w\" sizes=\"auto, (max-width: 820px) 100vw, 820px\" \/><\/figure>\n<\/figure>\n\n\n\n<p class=\"animate from-bottom\">Gesagt, getan! Die Hilfsg\u00fcter wurden im M\u00e4rz in einer Halle in Steinbergkirche durchsortiert, der 40-Tonner mit einem Ladevolumen mit 85m\u00b3 wurde organisiert, der Transport ist Ende M\u00e4rz 2023 in der Ukraine eingetroffen. Mit dieser riesigen Menge an gespendeten Hilfsg\u00fctern brachten wir Lebensmittel, Kleidung, Hygieneartikel, medizinische Produkte und technisches Ger\u00e4t direkt in die Ukraine in die Gebiete des Landes, wo die Hilfe dringend und zentral gebraucht wird. Danke so sehr an alle, die sich beteiligt haben!<\/p>\n\n\n\n<p class=\"animate from-bottom\">Bald geht\u2019s weiter. Infos zur n\u00e4chsten Tour und was ganz aktuell ben\u00f6tigt wird findet ihr in K\u00fcrze hier im Web und auf Instagram <a rel=\"noreferrer noopener\" href=\"https:\/\/www.instagram.com\/team4jc\/\" target=\"_blank\">@team4jc<\/a>.&nbsp;<\/p>\n\n\n\n<p class=\"animate from-bottom\">Danke herzlichst f\u00fcr eure Bereitschaft!&nbsp;Euer Team4JC<\/p>\n\n\n\n<div class=\"wp-block-cover alignfull has-parallax\" style=\"min-height:80vh;aspect-ratio:unset;\"><span aria-hidden=\"true\" class=\"wp-block-cover__background has-background-dim-0 has-background-dim\"><\/span><div role=\"img\" class=\"wp-block-cover__image-background wp-image-1025 has-parallax\" style=\"background-position:50% 50%;background-image:url(https:\/\/team4jc.de\/wp-content\/uploads\/2022\/12\/Unbenannt-3.png)\"><\/div><div class=\"wp-block-cover__inner-container is-layout-flow wp-block-cover-is-layout-flow\">\n<p class=\"has-text-align-center has-large-font-size\"><\/p>\n<\/div><\/div>\n","protected":false},"excerpt":{"rendered":"<p>Ukraine Hilfe 25.\/26. Februar 2023 &#8211; Hilfsg\u00fctersammlung 27.02. &#8211; 01.03.2023 &#8211; Ukraine Fahrt M\u00e4rz 2023 &#8211; Sattelzug voller Hilfsg\u00fcter 18.\/19. Dezember 2022 &#8211; Ukraine Hilfsaktion Gezielt helfen. Jetzt. Hilfe aus Steinbergkirche und Flensburg f\u00fcr Menschen, die heute Hilfe brauchen: Hilfsg\u00fctersammlung25.\/ 26. Februar 2023 So wie auch die Hilfsg\u00fctersammlung im Dezember 2022 war auch unsere Hilfsg\u00fctersammlung [&hellip;]<\/p>\n","protected":false},"author":1,"featured_media":1025,"parent":0,"menu_order":0,"comment_status":"closed","ping_status":"closed","template":"","meta":{"_eb_attr":"","footnotes":""},"class_list":["post-1008","page","type-page","status-publish","has-post-thumbnail","hentry"],"_links":{"self":[{"href":"https:\/\/team4jc.de\/de\/wp-json\/wp\/v2\/pages\/1008","targetHints":{"allow":["GET"]}}],"collection":[{"href":"https:\/\/team4jc.de\/de\/wp-json\/wp\/v2\/pages"}],"about":[{"href":"https:\/\/team4jc.de\/de\/wp-json\/wp\/v2\/types\/page"}],"author":[{"embeddable":true,"href":"https:\/\/team4jc.de\/de\/wp-json\/wp\/v2\/users\/1"}],"replies":[{"embeddable":true,"href":"https:\/\/team4jc.de\/de\/wp-json\/wp\/v2\/comments?post=1008"}],"version-history":[{"count":110,"href":"https:\/\/team4jc.de\/de\/wp-json\/wp\/v2\/pages\/1008\/revisions"}],"predecessor-version":[{"id":2525,"href":"https:\/\/team4jc.de\/de\/wp-json\/wp\/v2\/pages\/1008\/revisions\/2525"}],"wp:featuredmedia":[{"embeddable":true,"href":"https:\/\/team4jc.de\/de\/wp-json\/wp\/v2\/media\/1025"}],"wp:attachment":[{"href":"https:\/\/team4jc.de\/de\/wp-json\/wp\/v2\/media?parent=1008"}],"curies":[{"name":"wp","href":"https:\/\/api.w.org\/{rel}","templated":true}]}}