{"id":2152,"date":"2022-09-13T17:59:23","date_gmt":"2022-09-13T15:59:23","guid":{"rendered":"https:\/\/team4jc.de\/partnerskaber-og-sponsorer\/"},"modified":"2023-01-24T17:21:01","modified_gmt":"2023-01-24T16:21:01","slug":"partnerskaber-og-sponsorer","status":"publish","type":"page","link":"https:\/\/team4jc.de\/da\/partnerskaber-og-sponsorer\/","title":{"rendered":"Partnerskaber og sponsorer"},"content":{"rendered":"<h1 style=\"font-size:70px;\" class=\"has-text-align-center animate from-bottom wp-block-post-title\">Partnerskaber og sponsorer<\/h1>\n<div class=\"wp-block-group is-vertical is-layout-flex wp-container-core-group-is-layout-8cf370e7 wp-block-group-is-layout-flex\">\n<p class=\"has-text-align-left animate from-bottom has-large-font-size\">I \u00f8jeblikket er vi i gang med at stifte en forening (foreningens form\u00e5l med fokus p\u00e5 non-profit ungdomsarbejde).<\/p>\n\n\n\n<p class=\"animate from-bottom\">Yderligere oplysninger vil f\u00f8lge, n\u00e5r stiftelsen af foreningen er afsluttet.<\/p>\n<\/div>\n","protected":false},"excerpt":{"rendered":"<p>I \u00f8jeblikket er vi i gang med at stifte en forening (foreningens form\u00e5l med fokus p\u00e5 non-profit ungdomsarbejde). Yderligere oplysninger vil f\u00f8lge, n\u00e5r stiftelsen af foreningen er afsluttet.<\/p>\n","protected":false},"author":1,"featured_media":0,"parent":0,"menu_order":3,"comment_status":"closed","ping_status":"closed","template":"","meta":{"_eb_attr":"","footnotes":""},"class_list":["post-2152","page","type-page","status-publish","hentry"],"_links":{"self":[{"href":"https:\/\/team4jc.de\/da\/wp-json\/wp\/v2\/pages\/2152","targetHints":{"allow":["GET"]}}],"collection":[{"href":"https:\/\/team4jc.de\/da\/wp-json\/wp\/v2\/pages"}],"about":[{"href":"https:\/\/team4jc.de\/da\/wp-json\/wp\/v2\/types\/page"}],"author":[{"embeddable":true,"href":"https:\/\/team4jc.de\/da\/wp-json\/wp\/v2\/users\/1"}],"replies":[{"embeddable":true,"href":"https:\/\/team4jc.de\/da\/wp-json\/wp\/v2\/comments?post=2152"}],"version-history":[{"count":1,"href":"https:\/\/team4jc.de\/da\/wp-json\/wp\/v2\/pages\/2152\/revisions"}],"predecessor-version":[{"id":2156,"href":"https:\/\/team4jc.de\/da\/wp-json\/wp\/v2\/pages\/2152\/revisions\/2156"}],"wp:attachment":[{"href":"https:\/\/team4jc.de\/da\/wp-json\/wp\/v2\/media?parent=2152"}],"curies":[{"name":"wp","href":"https:\/\/api.w.org\/{rel}","templated":true}]}}