{"id":2136,"date":"2022-09-13T17:59:51","date_gmt":"2022-09-13T15:59:51","guid":{"rendered":"https:\/\/team4jc.de\/donationer\/"},"modified":"2023-01-24T17:21:01","modified_gmt":"2023-01-24T16:21:01","slug":"donationer","status":"publish","type":"page","link":"https:\/\/team4jc.de\/da\/donationer\/","title":{"rendered":"Donationer"},"content":{"rendered":"<h1 class=\"animate from-bottom wp-block-post-title\">Donationer<\/h1>\n<p class=\"animate from-bottom\">Vi er i \u00f8jeblikket i gang med at stifte en forening. Hvis du \u00f8nsker at st\u00f8tte os i dag, bedes du kontakte os.<\/p>\n","protected":false},"excerpt":{"rendered":"<p>Vi er i \u00f8jeblikket i gang med at stifte en forening. Hvis du \u00f8nsker at st\u00f8tte os i dag, bedes du kontakte os.<\/p>\n","protected":false},"author":1,"featured_media":0,"parent":0,"menu_order":4,"comment_status":"closed","ping_status":"closed","template":"","meta":{"_eb_attr":"","footnotes":""},"class_list":["post-2136","page","type-page","status-publish","hentry"],"_links":{"self":[{"href":"https:\/\/team4jc.de\/da\/wp-json\/wp\/v2\/pages\/2136","targetHints":{"allow":["GET"]}}],"collection":[{"href":"https:\/\/team4jc.de\/da\/wp-json\/wp\/v2\/pages"}],"about":[{"href":"https:\/\/team4jc.de\/da\/wp-json\/wp\/v2\/types\/page"}],"author":[{"embeddable":true,"href":"https:\/\/team4jc.de\/da\/wp-json\/wp\/v2\/users\/1"}],"replies":[{"embeddable":true,"href":"https:\/\/team4jc.de\/da\/wp-json\/wp\/v2\/comments?post=2136"}],"version-history":[{"count":1,"href":"https:\/\/team4jc.de\/da\/wp-json\/wp\/v2\/pages\/2136\/revisions"}],"predecessor-version":[{"id":2143,"href":"https:\/\/team4jc.de\/da\/wp-json\/wp\/v2\/pages\/2136\/revisions\/2143"}],"wp:attachment":[{"href":"https:\/\/team4jc.de\/da\/wp-json\/wp\/v2\/media?parent=2136"}],"curies":[{"name":"wp","href":"https:\/\/api.w.org\/{rel}","templated":true}]}}