{"id":2110,"date":"2022-12-15T12:20:03","date_gmt":"2022-12-15T11:20:03","guid":{"rendered":"https:\/\/team4jc.de\/aktuel-hjaelp\/"},"modified":"2024-02-21T13:19:15","modified_gmt":"2024-02-21T12:19:15","slug":"aktuel-hjaelp","status":"publish","type":"page","link":"https:\/\/team4jc.de\/da\/aktuel-hjaelp\/","title":{"rendered":"Hj\u00e6lp 2023"},"content":{"rendered":"<h1 class=\"animate from-top wp-block-post-title\">Hj\u00e6lp 2023<\/h1>\n<figure class=\"wp-block-gallery has-nested-images columns-default is-cropped wp-block-gallery-1 is-layout-flex wp-block-gallery-is-layout-flex\">\n<figure class=\"wp-block-image size-full animate from-left\"><img loading=\"lazy\" decoding=\"async\" width=\"906\" height=\"1280\" data-id=\"2280\" src=\"https:\/\/team4jc.de\/wp-content\/uploads\/2023\/02\/IMG_6154.jpg\" alt=\"\" class=\"wp-image-2280\" srcset=\"https:\/\/team4jc.de\/wp-content\/uploads\/2023\/02\/IMG_6154.jpg 906w, https:\/\/team4jc.de\/wp-content\/uploads\/2023\/02\/IMG_6154-212x300.jpg 212w, https:\/\/team4jc.de\/wp-content\/uploads\/2023\/02\/IMG_6154-725x1024.jpg 725w, https:\/\/team4jc.de\/wp-content\/uploads\/2023\/02\/IMG_6154-768x1085.jpg 768w\" sizes=\"auto, (max-width: 906px) 100vw, 906px\" \/><\/figure>\n<\/figure>\n\n<h2 class=\"wp-block-heading animate from-top\"><strong>St\u00f8tte til Ukraine<\/strong><\/h2>\n\n<p class=\"animate from-top has-large-font-size\"><strong><a href=\"#hilfsg%C3%BCtersammlung\">25.-26. februar 2023 &#8211; Indsamling af n\u00f8dhj\u00e6lpsartikler<\/a><\/strong><\/p>\n\n<p class=\"animate from-top has-large-font-size\"><strong><a href=\"#ukraine_fahrt1\">27.02. &#8211; 01.03.2023 &#8211; Rejse til Ukraine<\/a><\/strong><\/p>\n\n<p class=\"has-large-font-size\"><strong><a href=\"#lkw\">Marts 2023 &#8211; S\u00e6ttevogn fuld af n\u00f8dhj\u00e6lpsforsyninger<\/a><\/strong><\/p>\n\n<p class=\"has-large-font-size\"><strong><a href=\"https:\/\/team4jc.de\/de\/hilfsaktion-dezember\/\">18\/19 december 2022 &#8211; Hj\u00e6lpeaktion i Ukraine<\/a><\/strong><\/p>\n\n<h3 class=\"wp-block-heading animate from-top\"><strong>M\u00e5lrettet hj\u00e6lp. Nu.<\/strong><\/h3>\n\n<figure class=\"wp-block-gallery has-nested-images columns-default is-cropped wp-block-gallery-2 is-layout-flex wp-block-gallery-is-layout-flex\">\n<figure class=\"wp-block-image size-large animate from-left\"><img loading=\"lazy\" decoding=\"async\" width=\"1024\" height=\"576\" data-id=\"2455\" src=\"https:\/\/team4jc.de\/wp-content\/uploads\/2023\/03\/IMG_4856-edited-1024x576.jpg\" alt=\"\" class=\"wp-image-2455\" srcset=\"https:\/\/team4jc.de\/wp-content\/uploads\/2023\/03\/IMG_4856-edited-1024x576.jpg 1024w, https:\/\/team4jc.de\/wp-content\/uploads\/2023\/03\/IMG_4856-edited-300x169.jpg 300w, https:\/\/team4jc.de\/wp-content\/uploads\/2023\/03\/IMG_4856-edited-768x432.jpg 768w, https:\/\/team4jc.de\/wp-content\/uploads\/2023\/03\/IMG_4856-edited-1536x864.jpg 1536w, https:\/\/team4jc.de\/wp-content\/uploads\/2023\/03\/IMG_4856-edited-1980x1113.jpg 1980w\" sizes=\"auto, (max-width: 1024px) 100vw, 1024px\" \/><\/figure>\n<\/figure>\n\n<h4 class=\"wp-block-heading animate from-top\"><strong>Hj\u00e6lp fra Steinbergkirche og Flensburg til mennesker, der har brug for hj\u00e6lp i dag:<\/strong><\/h4>\n\n<h3 class=\"wp-block-heading animate from-top\" id=\"hilfsg&#xFC;tersammlung\">Indsamling af st\u00f8tte<br\/>25.\/26. februar 2023<\/h3>\n\n<p class=\"animate from-bottom\">Ligesom indsamlingen i december 2022 var vores indsamling den 25.\/26. februar 2023 i Steinbergkirche p\u00e5 parkeringspladsen foran STOLZ-varhusene og samtidig i Flensborg i samarbejde med en l\u00e6ge en stor succes!  <\/p>\n\n<figure class=\"wp-block-gallery has-nested-images columns-default is-cropped animate from-left wp-block-gallery-3 is-layout-flex wp-block-gallery-is-layout-flex\">\n<figure class=\"wp-block-image size-full\"><img loading=\"lazy\" decoding=\"async\" width=\"768\" height=\"1024\" data-id=\"2435\" src=\"https:\/\/team4jc.de\/wp-content\/uploads\/2023\/03\/PHOTO-2023-02-25-20-35-46-1.jpg\" alt=\"\" class=\"wp-image-2435\" srcset=\"https:\/\/team4jc.de\/wp-content\/uploads\/2023\/03\/PHOTO-2023-02-25-20-35-46-1.jpg 768w, https:\/\/team4jc.de\/wp-content\/uploads\/2023\/03\/PHOTO-2023-02-25-20-35-46-1-225x300.jpg 225w\" sizes=\"auto, (max-width: 768px) 100vw, 768px\" \/><\/figure>\n<\/figure>\n\n<h3 class=\"wp-block-heading animate from-top\" id=\"ukraine_fahrt1\">27. &#8211; 29. februar 2023 Ukraine-rejse<\/h3>\n\n<p class=\"animate from-bottom\">En ufattelig stor m\u00e6ngde hj\u00e6lp er kommet sammen, overv\u00e6ldende for os alle! Vi leverede den f\u00f8rste del med 46m\u00b3 n\u00f8dhj\u00e6lpsgods om aftenen. 26. februar, l\u00e6sset ind i 4 store varevogne og forberedt os i et hold p\u00e5 9 personer til afgang mandag morgen. 27. februar i retning af Ukraine!  <\/p>\n\n<p class=\"animate from-bottom\">Tidligt om morgenen mandag den 27. februar, en dag efter indsamlingskampagnen, k\u00f8rte vi fra Steinbergkirche mod den ukrainske gr\u00e6nse med 4 fuldt lastede varevogne.  <\/p>\n\n<p class=\"animate from-bottom\">Takket v\u00e6re at k\u00f8ret\u00f8jerne var bemandet med to chauff\u00f8rer hver, kunne vi skiftes til at k\u00f8re, s\u00e5 vi n\u00e5ede vores hotel ved den ukrainske gr\u00e6nse efter ca. 15 timers k\u00f8rsel.  <\/p>\n\n<figure class=\"wp-block-gallery has-nested-images columns-default is-cropped wp-block-gallery-4 is-layout-flex wp-block-gallery-is-layout-flex\">\n<figure class=\"wp-block-image size-large animate from-left\"><img loading=\"lazy\" decoding=\"async\" width=\"1024\" height=\"768\" data-id=\"2344\" src=\"https:\/\/team4jc.de\/wp-content\/uploads\/2023\/03\/IMG_1244-1024x768.jpg\" alt=\"\" class=\"wp-image-2344\" srcset=\"https:\/\/team4jc.de\/wp-content\/uploads\/2023\/03\/IMG_1244-1024x768.jpg 1024w, https:\/\/team4jc.de\/wp-content\/uploads\/2023\/03\/IMG_1244-300x225.jpg 300w, https:\/\/team4jc.de\/wp-content\/uploads\/2023\/03\/IMG_1244-768x576.jpg 768w, https:\/\/team4jc.de\/wp-content\/uploads\/2023\/03\/IMG_1244-1536x1151.jpg 1536w, https:\/\/team4jc.de\/wp-content\/uploads\/2023\/03\/IMG_1244-1980x1484.jpg 1980w\" sizes=\"auto, (max-width: 1024px) 100vw, 1024px\" \/><\/figure>\n<\/figure>\n\n<p class=\"animate from-bottom\">Tirsdag morgen k\u00f8rte vi til gr\u00e6nsen. Med de 4 varevogne og 46m\u00b3 n\u00f8dhj\u00e6lpsforsyninger klarede vi os fint igennem! Sammen som et team overrakte vi derefter de 46 mio. m3 mad, t\u00f8j, hygiejneartikler og medicinske produkter til ukrainere i Ukraine, som vi allerede havde m\u00f8dt personligt.  <\/p>\n\n<figure class=\"wp-block-gallery has-nested-images columns-default is-cropped wp-block-gallery-5 is-layout-flex wp-block-gallery-is-layout-flex\">\n<figure class=\"wp-block-image size-full animate from-left\"><img loading=\"lazy\" decoding=\"async\" width=\"2731\" height=\"1536\" data-id=\"2349\" src=\"https:\/\/team4jc.de\/wp-content\/uploads\/2023\/03\/A2DE83FE-0B7D-4B87-BC5F-C1C12D0138C6.jpg\" alt=\"\" class=\"wp-image-2349\" srcset=\"https:\/\/team4jc.de\/wp-content\/uploads\/2023\/03\/A2DE83FE-0B7D-4B87-BC5F-C1C12D0138C6.jpg 2731w, https:\/\/team4jc.de\/wp-content\/uploads\/2023\/03\/A2DE83FE-0B7D-4B87-BC5F-C1C12D0138C6-300x169.jpg 300w, https:\/\/team4jc.de\/wp-content\/uploads\/2023\/03\/A2DE83FE-0B7D-4B87-BC5F-C1C12D0138C6-1024x576.jpg 1024w, https:\/\/team4jc.de\/wp-content\/uploads\/2023\/03\/A2DE83FE-0B7D-4B87-BC5F-C1C12D0138C6-768x432.jpg 768w, https:\/\/team4jc.de\/wp-content\/uploads\/2023\/03\/A2DE83FE-0B7D-4B87-BC5F-C1C12D0138C6-1536x864.jpg 1536w, https:\/\/team4jc.de\/wp-content\/uploads\/2023\/03\/A2DE83FE-0B7D-4B87-BC5F-C1C12D0138C6-2048x1152.jpg 2048w, https:\/\/team4jc.de\/wp-content\/uploads\/2023\/03\/A2DE83FE-0B7D-4B87-BC5F-C1C12D0138C6-1980x1114.jpg 1980w\" sizes=\"auto, (max-width: 2731px) 100vw, 2731px\" \/><\/figure>\n<\/figure>\n\n<p class=\"animate from-bottom\">P\u00e5 kort tid kunne alle varer overf\u00f8res fra de 4 transport\u00f8rer til den ukrainske lastbil, der blev stillet til r\u00e5dighed.  <\/p>\n\n<figure class=\"wp-block-gallery has-nested-images columns-default is-cropped animate from-left wp-block-gallery-6 is-layout-flex wp-block-gallery-is-layout-flex\">\n<figure class=\"wp-block-image size-full\"><img loading=\"lazy\" decoding=\"async\" width=\"1536\" height=\"2049\" data-id=\"2354\" src=\"https:\/\/team4jc.de\/wp-content\/uploads\/2023\/03\/IMG_1208.jpg\" alt=\"\" class=\"wp-image-2354\" srcset=\"https:\/\/team4jc.de\/wp-content\/uploads\/2023\/03\/IMG_1208.jpg 1536w, https:\/\/team4jc.de\/wp-content\/uploads\/2023\/03\/IMG_1208-225x300.jpg 225w, https:\/\/team4jc.de\/wp-content\/uploads\/2023\/03\/IMG_1208-768x1025.jpg 768w, https:\/\/team4jc.de\/wp-content\/uploads\/2023\/03\/IMG_1208-1151x1536.jpg 1151w\" sizes=\"auto, (max-width: 1536px) 100vw, 1536px\" \/><\/figure>\n\n\n\n<figure class=\"wp-block-image size-full\"><img loading=\"lazy\" decoding=\"async\" width=\"1536\" height=\"2049\" data-id=\"2359\" src=\"https:\/\/team4jc.de\/wp-content\/uploads\/2023\/03\/IMG_1271.jpg\" alt=\"\" class=\"wp-image-2359\" srcset=\"https:\/\/team4jc.de\/wp-content\/uploads\/2023\/03\/IMG_1271.jpg 1536w, https:\/\/team4jc.de\/wp-content\/uploads\/2023\/03\/IMG_1271-225x300.jpg 225w, https:\/\/team4jc.de\/wp-content\/uploads\/2023\/03\/IMG_1271-768x1025.jpg 768w, https:\/\/team4jc.de\/wp-content\/uploads\/2023\/03\/IMG_1271-1151x1536.jpg 1151w\" sizes=\"auto, (max-width: 1536px) 100vw, 1536px\" \/><\/figure>\n\n\n\n<figure class=\"wp-block-image size-full\"><img loading=\"lazy\" decoding=\"async\" width=\"2049\" height=\"1536\" data-id=\"2364\" src=\"https:\/\/team4jc.de\/wp-content\/uploads\/2023\/03\/IMG_1134.jpg\" alt=\"\" class=\"wp-image-2364\" srcset=\"https:\/\/team4jc.de\/wp-content\/uploads\/2023\/03\/IMG_1134.jpg 2049w, https:\/\/team4jc.de\/wp-content\/uploads\/2023\/03\/IMG_1134-300x225.jpg 300w, https:\/\/team4jc.de\/wp-content\/uploads\/2023\/03\/IMG_1134-1024x768.jpg 1024w, https:\/\/team4jc.de\/wp-content\/uploads\/2023\/03\/IMG_1134-768x576.jpg 768w, https:\/\/team4jc.de\/wp-content\/uploads\/2023\/03\/IMG_1134-1536x1151.jpg 1536w, https:\/\/team4jc.de\/wp-content\/uploads\/2023\/03\/IMG_1134-1980x1484.jpg 1980w\" sizes=\"auto, (max-width: 2049px) 100vw, 2049px\" \/><\/figure>\n<\/figure>\n\n<p class=\"animate from-bottom\">Ukrainerne k\u00f8rte derefter alle disse n\u00f8dhj\u00e6lpsforsyninger direkte til den \u00f8stlige del af landet, hvor de blev fordelt m\u00e5lrettet.  <\/p>\n\n<figure class=\"wp-block-gallery has-nested-images columns-default is-cropped animate from-left wp-block-gallery-7 is-layout-flex wp-block-gallery-is-layout-flex\">\n<figure class=\"wp-block-image size-full\"><img loading=\"lazy\" decoding=\"async\" width=\"714\" height=\"1290\" data-id=\"2369\" src=\"https:\/\/team4jc.de\/wp-content\/uploads\/2023\/03\/IMG_2631.jpg\" alt=\"\" class=\"wp-image-2369\" srcset=\"https:\/\/team4jc.de\/wp-content\/uploads\/2023\/03\/IMG_2631.jpg 714w, https:\/\/team4jc.de\/wp-content\/uploads\/2023\/03\/IMG_2631-166x300.jpg 166w, https:\/\/team4jc.de\/wp-content\/uploads\/2023\/03\/IMG_2631-567x1024.jpg 567w\" sizes=\"auto, (max-width: 714px) 100vw, 714px\" \/><\/figure>\n\n\n\n<figure class=\"wp-block-image size-full\"><img loading=\"lazy\" decoding=\"async\" width=\"712\" height=\"1290\" data-id=\"2374\" src=\"https:\/\/team4jc.de\/wp-content\/uploads\/2023\/03\/IMG_2628.jpg\" alt=\"\" class=\"wp-image-2374\" srcset=\"https:\/\/team4jc.de\/wp-content\/uploads\/2023\/03\/IMG_2628.jpg 712w, https:\/\/team4jc.de\/wp-content\/uploads\/2023\/03\/IMG_2628-166x300.jpg 166w, https:\/\/team4jc.de\/wp-content\/uploads\/2023\/03\/IMG_2628-565x1024.jpg 565w\" sizes=\"auto, (max-width: 712px) 100vw, 712px\" \/><\/figure>\n<\/figure>\n\n<p class=\"animate from-bottom\">Bagefter tog vi tilbage til Polen over gr\u00e6nsen. Om eftermiddagen den 28. februar sov vi alle godt og tog direkte tilbage til Nordtyskland. Udmattet, men lykkelige, ankom vi hjem onsdag morgen! Turen har endnu en gang ber\u00f8rt os som hold, hver og en af os, fordi vi ved, hvor meget hvert stykke t\u00f8j hj\u00e6lper, og hvad hver madkasse g\u00f8r, &#8230; og p\u00e5 trods af al den omtanke og alle udfordringerne har det ogs\u00e5 v\u00e6ret rigtig sjovt for os som hold og har bragt os fremad som gruppe! Gudskelov lykkedes det hele til sidst igen!  <\/p>\n\n<p class=\"animate from-bottom\">Mange tak til alle, der har st\u00f8ttet denne kampagne s\u00e5 varmt i Steinbergkirche- og Flensborgomr\u00e5det, s\u00e5 denne livsvigtige hj\u00e6lp ogs\u00e5 denne gang kunne n\u00e5 ud til nogle mennesker i Ukraine p\u00e5 en m\u00e5lrettet m\u00e5de!<\/p>\n\n<figure class=\"wp-block-gallery has-nested-images columns-default is-cropped animate from-left wp-block-gallery-8 is-layout-flex wp-block-gallery-is-layout-flex\">\n<figure class=\"wp-block-image size-large\"><img loading=\"lazy\" decoding=\"async\" width=\"1024\" height=\"768\" data-id=\"2465\" src=\"https:\/\/team4jc.de\/wp-content\/uploads\/2023\/03\/IMG_5004-1024x768.jpg\" alt=\"\" class=\"wp-image-2465\" srcset=\"https:\/\/team4jc.de\/wp-content\/uploads\/2023\/03\/IMG_5004-1024x768.jpg 1024w, https:\/\/team4jc.de\/wp-content\/uploads\/2023\/03\/IMG_5004-300x225.jpg 300w, https:\/\/team4jc.de\/wp-content\/uploads\/2023\/03\/IMG_5004-768x576.jpg 768w, https:\/\/team4jc.de\/wp-content\/uploads\/2023\/03\/IMG_5004-1536x1151.jpg 1536w, https:\/\/team4jc.de\/wp-content\/uploads\/2023\/03\/IMG_5004-1980x1484.jpg 1980w\" sizes=\"auto, (max-width: 1024px) 100vw, 1024px\" \/><\/figure>\n\n\n\n<figure class=\"wp-block-image size-full\"><img loading=\"lazy\" decoding=\"async\" width=\"2731\" height=\"1536\" data-id=\"2389\" src=\"https:\/\/team4jc.de\/wp-content\/uploads\/2023\/03\/IMG_5168-2.jpg\" alt=\"\" class=\"wp-image-2389\" srcset=\"https:\/\/team4jc.de\/wp-content\/uploads\/2023\/03\/IMG_5168-2.jpg 2731w, https:\/\/team4jc.de\/wp-content\/uploads\/2023\/03\/IMG_5168-2-300x169.jpg 300w, https:\/\/team4jc.de\/wp-content\/uploads\/2023\/03\/IMG_5168-2-1024x576.jpg 1024w, https:\/\/team4jc.de\/wp-content\/uploads\/2023\/03\/IMG_5168-2-768x432.jpg 768w, https:\/\/team4jc.de\/wp-content\/uploads\/2023\/03\/IMG_5168-2-1536x864.jpg 1536w, https:\/\/team4jc.de\/wp-content\/uploads\/2023\/03\/IMG_5168-2-2048x1152.jpg 2048w, https:\/\/team4jc.de\/wp-content\/uploads\/2023\/03\/IMG_5168-2-1980x1114.jpg 1980w\" sizes=\"auto, (max-width: 2731px) 100vw, 2731px\" \/><\/figure>\n<\/figure>\n\n<h2 class=\"wp-block-heading animate from-top\" id=\"lkw\">Traktortrailer med yderligere 85m\u00b3 n\u00f8dhj\u00e6lpsforsyninger<\/h2>\n\n<p class=\"animate from-bottom\">For de resterende indsamlede varer blev det hurtigt klart: Vi har brug for en 40-tons lastbil med kn\u00e6kvogn ud over de 4 transport\u00f8rer!  <\/p>\n\n<figure class=\"wp-block-gallery has-nested-images columns-default is-cropped animate from-left wp-block-gallery-9 is-layout-flex wp-block-gallery-is-layout-flex\">\n<figure class=\"wp-block-image size-large\"><img loading=\"lazy\" decoding=\"async\" width=\"820\" height=\"1024\" data-id=\"2399\" src=\"https:\/\/team4jc.de\/wp-content\/uploads\/2023\/03\/IMG_1054-e1679590898644-820x1024.jpg\" alt=\"\" class=\"wp-image-2399\" srcset=\"https:\/\/team4jc.de\/wp-content\/uploads\/2023\/03\/IMG_1054-e1679590898644-820x1024.jpg 820w, https:\/\/team4jc.de\/wp-content\/uploads\/2023\/03\/IMG_1054-e1679590898644-240x300.jpg 240w, https:\/\/team4jc.de\/wp-content\/uploads\/2023\/03\/IMG_1054-e1679590898644-768x959.jpg 768w, https:\/\/team4jc.de\/wp-content\/uploads\/2023\/03\/IMG_1054-e1679590898644-1230x1536.jpg 1230w, https:\/\/team4jc.de\/wp-content\/uploads\/2023\/03\/IMG_1054-e1679590898644.jpg 1234w\" sizes=\"auto, (max-width: 820px) 100vw, 820px\" \/><\/figure>\n<\/figure>\n\n<p class=\"animate from-bottom\">Det er ikke mere sagt end gjort! I marts blev n\u00f8dhj\u00e6lpsgodset sorteret i en hal i Steinbergkirche, den 40 tons tunge lastbil med et lastvolumen p\u00e5 85 m\u00b3 blev organiseret, og transporten forventes at v\u00e6re i Ukraine i slutningen af marts. Med denne enorme m\u00e6ngde doneret hj\u00e6lp bringer vi f\u00f8devarer, t\u00f8j, hygiejneartikler, medicinske produkter og teknisk udstyr direkte til Ukraine i de omr\u00e5der af landet, hvor der er et akut og centralt behov for hj\u00e6lpen. Tusind tak til alle, der har deltaget!<\/p>\n\n<p class=\"animate from-bottom\">Vi g\u00e5r snart videre. Oplysninger om den n\u00e6ste tur, og hvad der er brug for, vil snart v\u00e6re tilg\u00e6ngelige her p\u00e5 nettet og p\u00e5 Instagram <a rel=\"noreferrer noopener\" href=\"https:\/\/www.instagram.com\/team4jc\/\" target=\"_blank\">@team4jc<\/a>.  <\/p>\n\n<p class=\"animate from-bottom\">Mange tak for din im\u00f8dekommenhed! Dit Team4JC<\/p>\n\n<div class=\"wp-block-cover alignfull has-parallax\" style=\"min-height:80vh;aspect-ratio:unset;\"><span aria-hidden=\"true\" class=\"wp-block-cover__background has-background-dim-0 has-background-dim\"><\/span><div role=\"img\" class=\"wp-block-cover__image-background wp-image-1025 has-parallax\" style=\"background-position:50% 50%;background-image:url(https:\/\/team4jc.de\/wp-content\/uploads\/2022\/12\/Unbenannt-3.png)\"><\/div><div class=\"wp-block-cover__inner-container is-layout-flow wp-block-cover-is-layout-flow\">\n<p class=\"has-text-align-center has-large-font-size\"><\/p>\n<\/div><\/div>\n","protected":false},"excerpt":{"rendered":"<p>St\u00f8tte til Ukraine 25.-26. februar 2023 &#8211; Indsamling af n\u00f8dhj\u00e6lpsartikler 27.02. &#8211; 01.03.2023 &#8211; Rejse til Ukraine Marts 2023 &#8211; S\u00e6ttevogn fuld af n\u00f8dhj\u00e6lpsforsyninger 18\/19 december 2022 &#8211; Hj\u00e6lpeaktion i Ukraine M\u00e5lrettet hj\u00e6lp. Nu. Hj\u00e6lp fra Steinbergkirche og Flensburg til mennesker, der har brug for hj\u00e6lp i dag: Indsamling af st\u00f8tte25.\/26. februar 2023 Ligesom indsamlingen [&hellip;]<\/p>\n","protected":false},"author":1,"featured_media":1857,"parent":0,"menu_order":0,"comment_status":"closed","ping_status":"closed","template":"","meta":{"_eb_attr":"","footnotes":""},"class_list":["post-2110","page","type-page","status-publish","has-post-thumbnail","hentry"],"_links":{"self":[{"href":"https:\/\/team4jc.de\/da\/wp-json\/wp\/v2\/pages\/2110","targetHints":{"allow":["GET"]}}],"collection":[{"href":"https:\/\/team4jc.de\/da\/wp-json\/wp\/v2\/pages"}],"about":[{"href":"https:\/\/team4jc.de\/da\/wp-json\/wp\/v2\/types\/page"}],"author":[{"embeddable":true,"href":"https:\/\/team4jc.de\/da\/wp-json\/wp\/v2\/users\/1"}],"replies":[{"embeddable":true,"href":"https:\/\/team4jc.de\/da\/wp-json\/wp\/v2\/comments?post=2110"}],"version-history":[{"count":14,"href":"https:\/\/team4jc.de\/da\/wp-json\/wp\/v2\/pages\/2110\/revisions"}],"predecessor-version":[{"id":2526,"href":"https:\/\/team4jc.de\/da\/wp-json\/wp\/v2\/pages\/2110\/revisions\/2526"}],"wp:featuredmedia":[{"embeddable":true,"href":"https:\/\/team4jc.de\/da\/wp-json\/wp\/v2\/media\/1857"}],"wp:attachment":[{"href":"https:\/\/team4jc.de\/da\/wp-json\/wp\/v2\/media?parent=2110"}],"curies":[{"name":"wp","href":"https:\/\/api.w.org\/{rel}","templated":true}]}}