{"id":2099,"date":"2022-09-13T16:41:40","date_gmt":"2022-09-13T14:41:40","guid":{"rendered":"https:\/\/team4jc.de\/skoler\/"},"modified":"2023-01-24T17:21:01","modified_gmt":"2023-01-24T16:21:01","slug":"skoler","status":"publish","type":"page","link":"https:\/\/team4jc.de\/da\/aktiviteter-og-datoer\/skoler\/","title":{"rendered":"Skoler"},"content":{"rendered":"<h1 class=\"animate from-top wp-block-post-title\">Skoler<\/h1>\n<div class=\"wp-block-group is-vertical is-layout-flex wp-container-core-group-is-layout-8cf370e7 wp-block-group-is-layout-flex\">\n<p class=\"animate from-bottom has-large-font-size\"><strong>Som forberedelse til skole\u00e5ret 2023\/2024 p\u00e5 skoler og uddannelsesinstitutioner<\/strong><\/p>\n\n\n\n<p class=\"animate from-bottom\"><br\/>I samarbejde med det uddannelsesm\u00e6ssige landskab GELTINGER BUCHT  <\/p>\n\n\n\n<figure class=\"wp-block-image size-large animate from-bottom\"><a href=\"https:\/\/www.bildungslandschaft-geltinger-bucht.de\/\" target=\"_blank\" rel=\"noreferrer noopener\"><img loading=\"lazy\" decoding=\"async\" width=\"1024\" height=\"410\" src=\"https:\/\/team4jc.de\/wp-content\/uploads\/2022\/01\/Bildungslandschaft-1024x410.png\" alt=\"\" class=\"wp-image-771\" srcset=\"https:\/\/team4jc.de\/wp-content\/uploads\/2022\/01\/Bildungslandschaft-1024x410.png 1024w, https:\/\/team4jc.de\/wp-content\/uploads\/2022\/01\/Bildungslandschaft-300x120.png 300w, https:\/\/team4jc.de\/wp-content\/uploads\/2022\/01\/Bildungslandschaft-768x307.png 768w, https:\/\/team4jc.de\/wp-content\/uploads\/2022\/01\/Bildungslandschaft-1536x614.png 1536w, https:\/\/team4jc.de\/wp-content\/uploads\/2022\/01\/Bildungslandschaft-2048x819.png 2048w, https:\/\/team4jc.de\/wp-content\/uploads\/2022\/01\/Bildungslandschaft-1980x792.png 1980w\" sizes=\"auto, (max-width: 1024px) 100vw, 1024px\" \/><\/a><\/figure>\n\n\n\n<p class=\"animate from-bottom\">og andre erfarne sponsorerende foreninger og forbund samt med forskellige kunstnere, musikere og undervisere udvikler vi koncepter for praksisorienterede aktiviteter p\u00e5 skoler og uddannelsesinstitutioner for m\u00e5lgruppen af unge mennesker. Her er der fokus p\u00e5 praksis. Ud over at formidle v\u00e6rdier tjener vi to omr\u00e5der, som er meget vigtige for os: p\u00e5 den ene side forebyggelsesarbejde (forebyggelse af vold og vanedannende stoffer) blandt unge, men ogs\u00e5 musikalsk praksis for b\u00f8rn og unge og deres gl\u00e6de ved rapmusik. I praktiske opgaver sammen med erfarne musikere er der fokus p\u00e5 rapping, anerkendelse af musikalske talenter og praktisk r\u00e5dgivning om talentudvikling er en del af pakken.<\/p>\n\n\n\n<p class=\"animate from-bottom\"><br\/>Forebyggelse af voldelig adf\u00e6rd og misbrug er alt andet end teori, og derfor ledsages vi i den praktiske gennemf\u00f8relse af dette arbejde af mennesker, der fort\u00e6ller fra deres eget liv, hvad de selv har v\u00e6ret igennem. De fort\u00e6ller, hvordan de kom ind i afh\u00e6ngigheder, og hvad det betyder at v\u00e6re i s\u00e5danne afh\u00e6ngigheder. De giver en meget praktisk redeg\u00f8relse for, hvad de har gjort for at blive fri fra disse afh\u00e6ngigheder.<\/p>\n\n\n\n<p class=\"animate from-bottom\"><br\/>Mange af jer har klaret det med hj\u00e6lp og st\u00f8tte udefra, har f\u00e5et vist udveje og har besluttet at handle. Mange af dem har genvundet livschancer, som de troede, de havde mistet &#8230; Dette omfatter ogs\u00e5 unge mennesker, der har grebet disse chancer i en ny start og ladet tilknytninger bag sig. Disse mennesker fort\u00e6ller om deres liv, hvordan de har klaret at h\u00e5ndtere disse problemer i deres hverdag, &#8230; og hvordan de kan h\u00e5ndtere dem i dag.<\/p>\n\n\n\n<p class=\"animate from-bottom\"><br\/>En del af dette arbejde p\u00e5 skoler og uddannelsesinstitutioner er vores klubbus, hvor vi allerede har afpr\u00f8vet en del musikalske rap-indsatser sammen med unge mennesker og ogs\u00e5 deltaget i arrangementer.<\/p>\n\n\n\n<p class=\"animate from-bottom\"><br\/>Dit Team4JC<\/p>\n<\/div>\n","protected":false},"excerpt":{"rendered":"<p>Som forberedelse til skole\u00e5ret 2023\/2024 p\u00e5 skoler og uddannelsesinstitutioner I samarbejde med det uddannelsesm\u00e6ssige landskab GELTINGER BUCHT og andre erfarne sponsorerende foreninger og forbund samt med forskellige kunstnere, musikere og undervisere udvikler vi koncepter for praksisorienterede aktiviteter p\u00e5 skoler og uddannelsesinstitutioner for m\u00e5lgruppen af unge mennesker. Her er der fokus p\u00e5 praksis. Ud over at [&hellip;]<\/p>\n","protected":false},"author":1,"featured_media":0,"parent":2124,"menu_order":2,"comment_status":"closed","ping_status":"closed","template":"","meta":{"_eb_attr":"","footnotes":""},"class_list":["post-2099","page","type-page","status-publish","hentry"],"_links":{"self":[{"href":"https:\/\/team4jc.de\/da\/wp-json\/wp\/v2\/pages\/2099","targetHints":{"allow":["GET"]}}],"collection":[{"href":"https:\/\/team4jc.de\/da\/wp-json\/wp\/v2\/pages"}],"about":[{"href":"https:\/\/team4jc.de\/da\/wp-json\/wp\/v2\/types\/page"}],"author":[{"embeddable":true,"href":"https:\/\/team4jc.de\/da\/wp-json\/wp\/v2\/users\/1"}],"replies":[{"embeddable":true,"href":"https:\/\/team4jc.de\/da\/wp-json\/wp\/v2\/comments?post=2099"}],"version-history":[{"count":1,"href":"https:\/\/team4jc.de\/da\/wp-json\/wp\/v2\/pages\/2099\/revisions"}],"predecessor-version":[{"id":2105,"href":"https:\/\/team4jc.de\/da\/wp-json\/wp\/v2\/pages\/2099\/revisions\/2105"}],"up":[{"embeddable":true,"href":"https:\/\/team4jc.de\/da\/wp-json\/wp\/v2\/pages\/2124"}],"wp:attachment":[{"href":"https:\/\/team4jc.de\/da\/wp-json\/wp\/v2\/media?parent=2099"}],"curies":[{"name":"wp","href":"https:\/\/api.w.org\/{rel}","templated":true}]}}