{"id":2085,"date":"2022-09-13T16:39:45","date_gmt":"2022-09-13T14:39:45","guid":{"rendered":"https:\/\/team4jc.de\/klubbussen\/udvidelsen\/"},"modified":"2023-01-24T17:19:43","modified_gmt":"2023-01-24T16:19:43","slug":"udvidelsen","status":"publish","type":"page","link":"https:\/\/team4jc.de\/da\/klubbussen\/udvidelsen\/","title":{"rendered":"Udvidelsen"},"content":{"rendered":"<h1 class=\"animate from-top wp-block-post-title\">Udvidelsen<\/h1>\n<p class=\"animate from-bottom\">Vi omdanner bussen til en k\u00f8reklar klubbus, udstyret med:<\/p>\n\n<ul class=\"animate from-right wp-block-list\"><li>et k\u00f8kken,<\/li><li>et team-u. F\u00e6llesrum,<\/li><li>et teknikrum og<\/li><li>Opbevaringsplads til udstyr.<\/li><\/ul>\n\n<p class=\"animate from-bottom\">Ombygningen udf\u00f8res af os selv og andre unge og eksperter og er en del af vores ungdomsprojektarbejde. Staldg\u00e5rden til dette er i Steinbergkirche, hvor vores bus er parkeret i t\u00f8rvejr! Vi er allerede meget sp\u00e6ndte og glade for at begynde at lave h\u00e5ndv\u00e6rk med jer unge mennesker!<\/p>\n","protected":false},"excerpt":{"rendered":"<p>Vi omdanner bussen til en k\u00f8reklar klubbus, udstyret med: et k\u00f8kken, et team-u. F\u00e6llesrum, et teknikrum og Opbevaringsplads til udstyr. Ombygningen udf\u00f8res af os selv og andre unge og eksperter og er en del af vores ungdomsprojektarbejde. Staldg\u00e5rden til dette er i Steinbergkirche, hvor vores bus er parkeret i t\u00f8rvejr! Vi er allerede meget sp\u00e6ndte [&hellip;]<\/p>\n","protected":false},"author":1,"featured_media":0,"parent":2073,"menu_order":0,"comment_status":"closed","ping_status":"closed","template":"","meta":{"_eb_attr":"","footnotes":""},"class_list":["post-2085","page","type-page","status-publish","hentry"],"_links":{"self":[{"href":"https:\/\/team4jc.de\/da\/wp-json\/wp\/v2\/pages\/2085","targetHints":{"allow":["GET"]}}],"collection":[{"href":"https:\/\/team4jc.de\/da\/wp-json\/wp\/v2\/pages"}],"about":[{"href":"https:\/\/team4jc.de\/da\/wp-json\/wp\/v2\/types\/page"}],"author":[{"embeddable":true,"href":"https:\/\/team4jc.de\/da\/wp-json\/wp\/v2\/users\/1"}],"replies":[{"embeddable":true,"href":"https:\/\/team4jc.de\/da\/wp-json\/wp\/v2\/comments?post=2085"}],"version-history":[{"count":1,"href":"https:\/\/team4jc.de\/da\/wp-json\/wp\/v2\/pages\/2085\/revisions"}],"predecessor-version":[{"id":2086,"href":"https:\/\/team4jc.de\/da\/wp-json\/wp\/v2\/pages\/2085\/revisions\/2086"}],"up":[{"embeddable":true,"href":"https:\/\/team4jc.de\/da\/wp-json\/wp\/v2\/pages\/2073"}],"wp:attachment":[{"href":"https:\/\/team4jc.de\/da\/wp-json\/wp\/v2\/media?parent=2085"}],"curies":[{"name":"wp","href":"https:\/\/api.w.org\/{rel}","templated":true}]}}