{"id":2082,"date":"2022-08-30T20:53:42","date_gmt":"2022-08-30T18:53:42","guid":{"rendered":"https:\/\/team4jc.de\/velkommen\/"},"modified":"2023-01-24T18:03:33","modified_gmt":"2023-01-24T17:03:33","slug":"velkommen","status":"publish","type":"page","link":"https:\/\/team4jc.de\/da\/","title":{"rendered":"Velkommen"},"content":{"rendered":"\n<div class=\"wp-block-slider-block-slider-block fullwidth-slider\"><div class=\"eb-parent-wrapper eb-parent-eb-slider-ylepdqy \"><div class=\"eb-slider-wrapper eb-slider-ylepdqy\" data-settings=\"{&quot;arrows&quot;:false,&quot;adaptiveHeight&quot;:false,&quot;autoplay&quot;:true,&quot;autoplaySpeed&quot;:3000,&quot;dots&quot;:false,&quot;fade&quot;:true,&quot;infinite&quot;:true,&quot;pauseOnHover&quot;:true,&quot;slidesToShow&quot;:1,&quot;speed&quot;:800,&quot;initialSlide&quot;:0,&quot;vertical&quot;:false,&quot;responsive&quot;:[{&quot;breakpoint&quot;:1025,&quot;settings&quot;:{&quot;slidesToShow&quot;:1}},{&quot;breakpoint&quot;:767,&quot;settings&quot;:{&quot;slidesToShow&quot;:1}}]}\" data-images=\"[{&quot;url&quot;:&quot;https:\/\/team4jc.de\/wp-content\/uploads\/2022\/09\/1-DSC01396.jpg&quot;,&quot;alt&quot;:&quot;&quot;,&quot;id&quot;:0,&quot;imageId&quot;:192,&quot;caption&quot;:&quot;&quot;,&quot;title&quot;:&quot;Slider 1&quot;,&quot;subtitle&quot;:&quot;Essential Blocks Slider Subtitle&quot;,&quot;showButton&quot;:true,&quot;buttonText&quot;:&quot;See More&quot;,&quot;buttonUrl&quot;:&quot;&quot;,&quot;openNewTab&quot;:false,&quot;isValidUrl&quot;:true},{&quot;url&quot;:&quot;https:\/\/team4jc.de\/wp-content\/uploads\/2022\/09\/9-20220201-DSC00827.jpg&quot;,&quot;alt&quot;:&quot;&quot;,&quot;id&quot;:1,&quot;imageId&quot;:200,&quot;caption&quot;:&quot;&quot;,&quot;title&quot;:&quot;Slider 2&quot;,&quot;subtitle&quot;:&quot;Essential Blocks Slider Subtitle&quot;,&quot;showButton&quot;:true,&quot;buttonText&quot;:&quot;See More&quot;,&quot;buttonUrl&quot;:&quot;&quot;,&quot;openNewTab&quot;:false,&quot;isValidUrl&quot;:true},{&quot;url&quot;:&quot;https:\/\/team4jc.de\/wp-content\/uploads\/2022\/09\/7-DSC01394.jpg&quot;,&quot;alt&quot;:&quot;&quot;,&quot;id&quot;:2,&quot;imageId&quot;:202,&quot;caption&quot;:&quot;&quot;,&quot;title&quot;:&quot;Slider 3&quot;,&quot;subtitle&quot;:&quot;Essential Blocks Slider Subtitle&quot;,&quot;showButton&quot;:true,&quot;buttonText&quot;:&quot;See More&quot;,&quot;buttonUrl&quot;:&quot;&quot;,&quot;openNewTab&quot;:false,&quot;isValidUrl&quot;:true},{&quot;url&quot;:&quot;https:\/\/team4jc.de\/wp-content\/uploads\/2022\/09\/10-20220201-DSC00827_2.jpg&quot;,&quot;alt&quot;:&quot;&quot;,&quot;id&quot;:3,&quot;imageId&quot;:199,&quot;caption&quot;:&quot;&quot;,&quot;title&quot;:&quot;Slider 4&quot;,&quot;subtitle&quot;:&quot;Essential Blocks Slider Subtitle&quot;,&quot;showButton&quot;:true,&quot;buttonText&quot;:&quot;See More&quot;,&quot;buttonUrl&quot;:&quot;&quot;,&quot;openNewTab&quot;:false,&quot;isValidUrl&quot;:true},{&quot;url&quot;:&quot;https:\/\/team4jc.de\/wp-content\/uploads\/2022\/09\/8-IMG_28211.jpg&quot;,&quot;alt&quot;:&quot;&quot;,&quot;id&quot;:4,&quot;imageId&quot;:201,&quot;caption&quot;:&quot;&quot;,&quot;title&quot;:&quot;Slider 5&quot;,&quot;subtitle&quot;:&quot;Essential Blocks Slider Subtitle&quot;,&quot;showButton&quot;:true,&quot;buttonText&quot;:&quot;See More&quot;,&quot;buttonUrl&quot;:&quot;&quot;,&quot;openNewTab&quot;:false,&quot;isValidUrl&quot;:true},{&quot;url&quot;:&quot;https:\/\/team4jc.de\/wp-content\/uploads\/2022\/09\/web-20220907-\u25ba-Kontakt-\u25ba-Foto-18-06-2022-17-36-50_2.jpg&quot;,&quot;alt&quot;:&quot;&quot;,&quot;id&quot;:5,&quot;imageId&quot;:206,&quot;caption&quot;:&quot;&quot;,&quot;title&quot;:&quot;Slider 6&quot;,&quot;subtitle&quot;:&quot;Essential Blocks Slider Subtitle&quot;,&quot;showButton&quot;:true,&quot;buttonText&quot;:&quot;See More&quot;,&quot;buttonUrl&quot;:&quot;&quot;,&quot;openNewTab&quot;:false,&quot;isValidUrl&quot;:true},{&quot;url&quot;:&quot;https:\/\/team4jc.de\/wp-content\/uploads\/2022\/09\/Der-Club-Bus-Unterseite-Slight-IMG_1959_3.jpg&quot;,&quot;alt&quot;:&quot;&quot;,&quot;id&quot;:6,&quot;imageId&quot;:219,&quot;caption&quot;:&quot;&quot;,&quot;title&quot;:&quot;Slider 7&quot;,&quot;subtitle&quot;:&quot;Essential Blocks Slider Subtitle&quot;,&quot;showButton&quot;:true,&quot;buttonText&quot;:&quot;See More&quot;,&quot;buttonUrl&quot;:&quot;&quot;,&quot;openNewTab&quot;:false,&quot;isValidUrl&quot;:true},{&quot;url&quot;:&quot;https:\/\/team4jc.de\/wp-content\/uploads\/2022\/09\/2-DSC01264.jpg&quot;,&quot;alt&quot;:&quot;&quot;,&quot;id&quot;:7,&quot;imageId&quot;:190,&quot;caption&quot;:&quot;&quot;,&quot;title&quot;:&quot;Slider 8&quot;,&quot;subtitle&quot;:&quot;Essential Blocks Slider Subtitle&quot;,&quot;showButton&quot;:true,&quot;buttonText&quot;:&quot;See More&quot;,&quot;buttonUrl&quot;:&quot;&quot;,&quot;openNewTab&quot;:false,&quot;isValidUrl&quot;:true},{&quot;url&quot;:&quot;https:\/\/team4jc.de\/wp-content\/uploads\/2022\/09\/3-IMG_0881.jpg&quot;,&quot;alt&quot;:&quot;&quot;,&quot;id&quot;:8,&quot;imageId&quot;:193,&quot;caption&quot;:&quot;&quot;,&quot;title&quot;:&quot;Slider 9&quot;,&quot;subtitle&quot;:&quot;Essential Blocks Slider Subtitle&quot;,&quot;showButton&quot;:true,&quot;buttonText&quot;:&quot;See More&quot;,&quot;buttonUrl&quot;:&quot;&quot;,&quot;openNewTab&quot;:false,&quot;isValidUrl&quot;:true},{&quot;url&quot;:&quot;https:\/\/team4jc.de\/wp-content\/uploads\/2022\/09\/4-cr-nl.jpg&quot;,&quot;alt&quot;:&quot;&quot;,&quot;id&quot;:9,&quot;imageId&quot;:191,&quot;caption&quot;:&quot;&quot;,&quot;title&quot;:&quot;Slider 10&quot;,&quot;subtitle&quot;:&quot;Essential Blocks Slider Subtitle&quot;,&quot;showButton&quot;:true,&quot;buttonText&quot;:&quot;See More&quot;,&quot;buttonUrl&quot;:&quot;&quot;,&quot;openNewTab&quot;:false,&quot;isValidUrl&quot;:true},{&quot;url&quot;:&quot;https:\/\/team4jc.de\/wp-content\/uploads\/2022\/09\/11-DSC01261.jpg&quot;,&quot;alt&quot;:&quot;&quot;,&quot;id&quot;:10,&quot;imageId&quot;:198,&quot;caption&quot;:&quot;&quot;,&quot;title&quot;:&quot;Slider 11&quot;,&quot;subtitle&quot;:&quot;Essential Blocks Slider Subtitle&quot;,&quot;showButton&quot;:true,&quot;buttonText&quot;:&quot;See More&quot;,&quot;buttonUrl&quot;:&quot;&quot;,&quot;openNewTab&quot;:false,&quot;isValidUrl&quot;:true},{&quot;url&quot;:&quot;https:\/\/team4jc.de\/wp-content\/uploads\/2022\/09\/5-C2105T01.jpg&quot;,&quot;alt&quot;:&quot;&quot;,&quot;id&quot;:11,&quot;imageId&quot;:197,&quot;caption&quot;:&quot;&quot;,&quot;title&quot;:&quot;Slider 12&quot;,&quot;subtitle&quot;:&quot;Essential Blocks Slider Subtitle&quot;,&quot;showButton&quot;:true,&quot;buttonText&quot;:&quot;See More&quot;,&quot;buttonUrl&quot;:&quot;&quot;,&quot;openNewTab&quot;:false,&quot;isValidUrl&quot;:true},{&quot;url&quot;:&quot;https:\/\/team4jc.de\/wp-content\/uploads\/2022\/09\/12-IMG_7616_2-Kopie.jpg&quot;,&quot;alt&quot;:&quot;&quot;,&quot;id&quot;:12,&quot;imageId&quot;:189,&quot;caption&quot;:&quot;&quot;,&quot;title&quot;:&quot;Slider 13&quot;,&quot;subtitle&quot;:&quot;Essential Blocks Slider Subtitle&quot;,&quot;showButton&quot;:true,&quot;buttonText&quot;:&quot;See More&quot;,&quot;buttonUrl&quot;:&quot;&quot;,&quot;openNewTab&quot;:false,&quot;isValidUrl&quot;:true},{&quot;url&quot;:&quot;https:\/\/team4jc.de\/wp-content\/uploads\/2022\/09\/6-DSC01247.jpg&quot;,&quot;alt&quot;:&quot;&quot;,&quot;id&quot;:13,&quot;imageId&quot;:188,&quot;caption&quot;:&quot;&quot;,&quot;title&quot;:&quot;Slider 14&quot;,&quot;subtitle&quot;:&quot;Essential Blocks Slider Subtitle&quot;,&quot;showButton&quot;:true,&quot;buttonText&quot;:&quot;See More&quot;,&quot;buttonUrl&quot;:&quot;&quot;,&quot;openNewTab&quot;:false,&quot;isValidUrl&quot;:true}]\" data-slidercontenttype=\"content-1\" data-slidertype=\"image\" data-textalign=\"left\"><div class=\"image\"><div class=\"eb-slider-item content-1\"><img decoding=\"async\" class=\"eb-slider-image\" src=\"https:\/\/team4jc.de\/wp-content\/uploads\/2022\/09\/1-DSC01396.jpg\"\/><\/div><div class=\"eb-slider-item content-1\"><img decoding=\"async\" class=\"eb-slider-image\" src=\"https:\/\/team4jc.de\/wp-content\/uploads\/2022\/09\/9-20220201-DSC00827.jpg\"\/><\/div><div class=\"eb-slider-item content-1\"><img decoding=\"async\" class=\"eb-slider-image\" src=\"https:\/\/team4jc.de\/wp-content\/uploads\/2022\/09\/7-DSC01394.jpg\"\/><\/div><div class=\"eb-slider-item content-1\"><img decoding=\"async\" class=\"eb-slider-image\" src=\"https:\/\/team4jc.de\/wp-content\/uploads\/2022\/09\/10-20220201-DSC00827_2.jpg\"\/><\/div><div class=\"eb-slider-item content-1\"><img decoding=\"async\" class=\"eb-slider-image\" src=\"https:\/\/team4jc.de\/wp-content\/uploads\/2022\/09\/8-IMG_28211.jpg\"\/><\/div><div class=\"eb-slider-item content-1\"><img decoding=\"async\" class=\"eb-slider-image\" src=\"https:\/\/team4jc.de\/wp-content\/uploads\/2022\/09\/web-20220907-\u25ba-Kontakt-\u25ba-Foto-18-06-2022-17-36-50_2.jpg\"\/><\/div><div class=\"eb-slider-item content-1\"><img decoding=\"async\" class=\"eb-slider-image\" src=\"https:\/\/team4jc.de\/wp-content\/uploads\/2022\/09\/Der-Club-Bus-Unterseite-Slight-IMG_1959_3.jpg\"\/><\/div><div class=\"eb-slider-item content-1\"><img decoding=\"async\" class=\"eb-slider-image\" src=\"https:\/\/team4jc.de\/wp-content\/uploads\/2022\/09\/2-DSC01264.jpg\"\/><\/div><div class=\"eb-slider-item content-1\"><img decoding=\"async\" class=\"eb-slider-image\" src=\"https:\/\/team4jc.de\/wp-content\/uploads\/2022\/09\/3-IMG_0881.jpg\"\/><\/div><div class=\"eb-slider-item content-1\"><img decoding=\"async\" class=\"eb-slider-image\" src=\"https:\/\/team4jc.de\/wp-content\/uploads\/2022\/09\/4-cr-nl.jpg\"\/><\/div><div class=\"eb-slider-item content-1\"><img decoding=\"async\" class=\"eb-slider-image\" src=\"https:\/\/team4jc.de\/wp-content\/uploads\/2022\/09\/11-DSC01261.jpg\"\/><\/div><div class=\"eb-slider-item content-1\"><img decoding=\"async\" class=\"eb-slider-image\" src=\"https:\/\/team4jc.de\/wp-content\/uploads\/2022\/09\/5-C2105T01.jpg\"\/><\/div><div class=\"eb-slider-item content-1\"><img decoding=\"async\" class=\"eb-slider-image\" src=\"https:\/\/team4jc.de\/wp-content\/uploads\/2022\/09\/12-IMG_7616_2-Kopie.jpg\"\/><\/div><div class=\"eb-slider-item content-1\"><img decoding=\"async\" class=\"eb-slider-image\" src=\"https:\/\/team4jc.de\/wp-content\/uploads\/2022\/09\/6-DSC01247.jpg\"\/><\/div><\/div><\/div><\/div><\/div>\n\n\n<h1 class=\"animate from-top wp-block-post-title\">Velkommen<\/h1>\n\n\n<p class=\"animate from-bottom\">Hej, velkommen til vores eventyrside! Vi, Nico, Simon, Chris og mange flere venner er her med eventyr og sjov! Du kan ogs\u00e5 v\u00e6re en del af det!  <\/p>\n\n\n\n<p class=\"animate from-bottom\">Hvis du vil v\u00e6re en del af det, kan du kontakte os p\u00e5 Instagram <a rel=\"noreferrer noopener\" href=\"https:\/\/www.instagram.com\/team4jc\/\" data-type=\"URL\" data-id=\"https:\/\/www.instagram.com\/team4jc\/\" target=\"_blank\">@team4jc<\/a> eller via e-mail <a href=\"mailto:info@team4jc.de\">info@team4jc.de<\/a><\/p>\n\n\n\n<figure class=\"wp-block-gallery has-nested-images columns-default is-cropped wp-block-gallery-1 is-layout-flex wp-block-gallery-is-layout-flex\">\n<figure class=\"wp-block-image size-full\"><img loading=\"lazy\" decoding=\"async\" width=\"3614\" height=\"2033\" data-id=\"974\" src=\"https:\/\/team4jc.de\/wp-content\/uploads\/2022\/12\/IMG_1825.00_10_52_19.Standbild002-edited.jpg\" alt=\"\" class=\"wp-image-974\" srcset=\"https:\/\/team4jc.de\/wp-content\/uploads\/2022\/12\/IMG_1825.00_10_52_19.Standbild002-edited.jpg 3614w, https:\/\/team4jc.de\/wp-content\/uploads\/2022\/12\/IMG_1825.00_10_52_19.Standbild002-edited-300x169.jpg 300w, https:\/\/team4jc.de\/wp-content\/uploads\/2022\/12\/IMG_1825.00_10_52_19.Standbild002-edited-1024x576.jpg 1024w, https:\/\/team4jc.de\/wp-content\/uploads\/2022\/12\/IMG_1825.00_10_52_19.Standbild002-edited-768x432.jpg 768w, https:\/\/team4jc.de\/wp-content\/uploads\/2022\/12\/IMG_1825.00_10_52_19.Standbild002-edited-1536x864.jpg 1536w, https:\/\/team4jc.de\/wp-content\/uploads\/2022\/12\/IMG_1825.00_10_52_19.Standbild002-edited-2048x1152.jpg 2048w, https:\/\/team4jc.de\/wp-content\/uploads\/2022\/12\/IMG_1825.00_10_52_19.Standbild002-edited-1980x1114.jpg 1980w\" sizes=\"auto, (max-width: 3614px) 100vw, 3614px\" \/><\/figure>\n<\/figure>\n\n\n\n<p class=\"animate from-bottom\">Du kan finde alle de seneste oplysninger om vores indsats i Ukraine her: <a href=\"https:\/\/team4jc.de\/2022\/03\/20\/ukraine-einsatz\/\" data-type=\"URL\">Ukraine Outreach<\/a> eller p\u00e5 <a rel=\"noreferrer noopener\" href=\"http:\/\/instagram.com\/team4jc\/\" data-type=\"URL\" data-id=\"instagram.com\/team4jc\/\" target=\"_blank\">Instagram<\/a>.<\/p>\n\n\n\n<div class=\"wp-block-cover alignfull is-light has-parallax\" style=\"min-height:80vh;aspect-ratio:unset;\"><span aria-hidden=\"true\" class=\"wp-block-cover__background has-background-dim-0 has-background-dim\"><\/span><div role=\"img\" class=\"wp-block-cover__image-background wp-image-193 has-parallax\" style=\"background-position:50% 50%;background-image:url(https:\/\/team4jc.de\/wp-content\/uploads\/2022\/09\/3-IMG_0881.jpg)\"><\/div><div class=\"wp-block-cover__inner-container is-layout-flow wp-block-cover-is-layout-flow\">\n<p class=\"has-text-align-center has-large-font-size\"><\/p>\n<\/div><\/div>\n","protected":false},"excerpt":{"rendered":"<p>Hej, velkommen til vores eventyrside! Vi, Nico, Simon, Chris og mange flere venner er her med eventyr og sjov! Du kan ogs\u00e5 v\u00e6re en del af det! Hvis du vil v\u00e6re en del af det, kan du kontakte os p\u00e5 Instagram @team4jc eller via e-mail info@team4jc.de Du kan finde alle de seneste oplysninger om vores [&hellip;]<\/p>\n","protected":false},"author":1,"featured_media":0,"parent":0,"menu_order":0,"comment_status":"closed","ping_status":"closed","template":"","meta":{"_eb_attr":"","footnotes":""},"class_list":["post-2082","page","type-page","status-publish","hentry"],"_links":{"self":[{"href":"https:\/\/team4jc.de\/da\/wp-json\/wp\/v2\/pages\/2082","targetHints":{"allow":["GET"]}}],"collection":[{"href":"https:\/\/team4jc.de\/da\/wp-json\/wp\/v2\/pages"}],"about":[{"href":"https:\/\/team4jc.de\/da\/wp-json\/wp\/v2\/types\/page"}],"author":[{"embeddable":true,"href":"https:\/\/team4jc.de\/da\/wp-json\/wp\/v2\/users\/1"}],"replies":[{"embeddable":true,"href":"https:\/\/team4jc.de\/da\/wp-json\/wp\/v2\/comments?post=2082"}],"version-history":[{"count":6,"href":"https:\/\/team4jc.de\/da\/wp-json\/wp\/v2\/pages\/2082\/revisions"}],"predecessor-version":[{"id":2276,"href":"https:\/\/team4jc.de\/da\/wp-json\/wp\/v2\/pages\/2082\/revisions\/2276"}],"wp:attachment":[{"href":"https:\/\/team4jc.de\/da\/wp-json\/wp\/v2\/media?parent=2082"}],"curies":[{"name":"wp","href":"https:\/\/api.w.org\/{rel}","templated":true}]}}