{"id":2059,"date":"2022-07-28T17:05:01","date_gmt":"2022-07-28T15:05:01","guid":{"rendered":"https:\/\/team4jc.de\/hvem-vi-er\/"},"modified":"2023-01-24T17:19:32","modified_gmt":"2023-01-24T16:19:32","slug":"hvem-vi-er","status":"publish","type":"page","link":"https:\/\/team4jc.de\/da\/hvem-vi-er\/","title":{"rendered":"Hvem vi er"},"content":{"rendered":"<h1 class=\"animate from-top wp-block-post-title\">Hvem vi er<\/h1>\n<p class=\"animate from-bottom\">Vi som initiativtagere er 20 og 21 \u00e5r unge, f\u00f8dt og opvokset i Slesvig-Flensborg-distriktet.<\/p>\n\n<p class=\"animate from-bottom\">Vores motto: V\u00e6r \u00e6gte, lev livet, hav det sjovt og hj\u00e6lp unge mennesker, s\u00e5 vidt vi kan.<\/p>\n\n<figure class=\"wp-block-gallery aligncenter has-nested-images columns-default is-cropped animate from-bottom wp-block-gallery-1 is-layout-flex wp-block-gallery-is-layout-flex\">\n<figure class=\"wp-block-image size-full\"><a href=\"https:\/\/team4jc.de\/wp-content\/uploads\/2022\/09\/20220912-IMG_1825.00_10_32_49.Standbild001.png-3.jpg\"><img loading=\"lazy\" decoding=\"async\" width=\"3033\" height=\"2231\" data-id=\"644\" src=\"https:\/\/team4jc.de\/wp-content\/uploads\/2022\/09\/20220912-IMG_1825.00_10_32_49.Standbild001.png-3.jpg\" alt=\"\" class=\"wp-image-644\" srcset=\"https:\/\/team4jc.de\/wp-content\/uploads\/2022\/09\/20220912-IMG_1825.00_10_32_49.Standbild001.png-3.jpg 3033w, https:\/\/team4jc.de\/wp-content\/uploads\/2022\/09\/20220912-IMG_1825.00_10_32_49.Standbild001.png-3-300x221.jpg 300w, https:\/\/team4jc.de\/wp-content\/uploads\/2022\/09\/20220912-IMG_1825.00_10_32_49.Standbild001.png-3-1024x753.jpg 1024w, https:\/\/team4jc.de\/wp-content\/uploads\/2022\/09\/20220912-IMG_1825.00_10_32_49.Standbild001.png-3-768x565.jpg 768w, https:\/\/team4jc.de\/wp-content\/uploads\/2022\/09\/20220912-IMG_1825.00_10_32_49.Standbild001.png-3-1536x1130.jpg 1536w, https:\/\/team4jc.de\/wp-content\/uploads\/2022\/09\/20220912-IMG_1825.00_10_32_49.Standbild001.png-3-2048x1506.jpg 2048w, https:\/\/team4jc.de\/wp-content\/uploads\/2022\/09\/20220912-IMG_1825.00_10_32_49.Standbild001.png-3-1980x1456.jpg 1980w\" sizes=\"auto, (max-width: 3033px) 100vw, 3033px\" \/><\/a><\/figure>\n<figcaption class=\"blocks-gallery-caption\">Aktion: Oprydning (Nico)<\/figcaption><\/figure>\n\n<figure class=\"wp-block-gallery aligncenter has-nested-images columns-default is-cropped animate from-bottom wp-block-gallery-2 is-layout-flex wp-block-gallery-is-layout-flex\">\n<figure class=\"wp-block-image size-full\"><a href=\"https:\/\/team4jc.de\/wp-content\/uploads\/2022\/09\/IMG_1825.00_04_57_36.Standbild008-e1663609550820.jpg\"><img loading=\"lazy\" decoding=\"async\" width=\"3840\" height=\"2700\" data-id=\"577\" src=\"https:\/\/team4jc.de\/wp-content\/uploads\/2022\/09\/IMG_1825.00_04_57_36.Standbild008-e1663609550820.jpg\" alt=\"\" class=\"wp-image-577\" srcset=\"https:\/\/team4jc.de\/wp-content\/uploads\/2022\/09\/IMG_1825.00_04_57_36.Standbild008-e1663609550820.jpg 3840w, https:\/\/team4jc.de\/wp-content\/uploads\/2022\/09\/IMG_1825.00_04_57_36.Standbild008-e1663609550820-300x211.jpg 300w, https:\/\/team4jc.de\/wp-content\/uploads\/2022\/09\/IMG_1825.00_04_57_36.Standbild008-e1663609550820-1024x720.jpg 1024w, https:\/\/team4jc.de\/wp-content\/uploads\/2022\/09\/IMG_1825.00_04_57_36.Standbild008-e1663609550820-768x540.jpg 768w, https:\/\/team4jc.de\/wp-content\/uploads\/2022\/09\/IMG_1825.00_04_57_36.Standbild008-e1663609550820-1536x1080.jpg 1536w, https:\/\/team4jc.de\/wp-content\/uploads\/2022\/09\/IMG_1825.00_04_57_36.Standbild008-e1663609550820-2048x1440.jpg 2048w, https:\/\/team4jc.de\/wp-content\/uploads\/2022\/09\/IMG_1825.00_04_57_36.Standbild008-e1663609550820-1980x1392.jpg 1980w\" sizes=\"auto, (max-width: 3840px) 100vw, 3840px\" \/><\/a><\/figure>\n<figcaption class=\"blocks-gallery-caption\">Nogle gange g\u00e5r tingene anderledes&#8230; (Chris)<\/figcaption><\/figure>\n\n<p class=\"animate from-bottom\">Is\u00e6r i disse vanskelige tider har vi sammen med venner p\u00e5 ny erkendt v\u00e6rdien af venskab og tillid. Et f\u00e6llesskab, der ogs\u00e5 opfordrer os til at forlade vores komfortzone nogle gange. Et f\u00e6llesskab, der inspirerer os til at h\u00e5be igen.<\/p>\n\n<div class=\"wp-block-buttons animate from-bottom is-layout-flex wp-block-buttons-is-layout-flex\">\n<div class=\"wp-block-button animate from-bottom\"><a class=\"wp-block-button__link\" href=\"https:\/\/team4jc.de\/da\/vores-motiv\/\">Vores motiv<\/a><\/div>\n<\/div>\n\n<div class=\"wp-block-cover alignfull is-light has-parallax\" style=\"background-image:url(https:\/\/team4jc.de\/wp-content\/uploads\/2022\/09\/Unter-Slight-WER-WIR-SIND-neu-19.10-uhr.jpg);min-height:80vh;aspect-ratio:unset;\"><span aria-hidden=\"true\" class=\"wp-block-cover__background has-background-dim-0 has-background-dim\"><\/span><div class=\"wp-block-cover__inner-container is-layout-flow wp-block-cover-is-layout-flow\">\n<p class=\"has-text-align-center has-large-font-size\"><\/p>\n<\/div><\/div>\n","protected":false},"excerpt":{"rendered":"<p>Vi som initiativtagere er 20 og 21 \u00e5r unge, f\u00f8dt og opvokset i Slesvig-Flensborg-distriktet. Vores motto: V\u00e6r \u00e6gte, lev livet, hav det sjovt og hj\u00e6lp unge mennesker, s\u00e5 vidt vi kan. Is\u00e6r i disse vanskelige tider har vi sammen med venner p\u00e5 ny erkendt v\u00e6rdien af venskab og tillid. Et f\u00e6llesskab, der ogs\u00e5 opfordrer os [&hellip;]<\/p>\n","protected":false},"author":1,"featured_media":1289,"parent":0,"menu_order":1,"comment_status":"closed","ping_status":"closed","template":"","meta":{"_eb_attr":"","footnotes":""},"class_list":["post-2059","page","type-page","status-publish","has-post-thumbnail","hentry"],"_links":{"self":[{"href":"https:\/\/team4jc.de\/da\/wp-json\/wp\/v2\/pages\/2059","targetHints":{"allow":["GET"]}}],"collection":[{"href":"https:\/\/team4jc.de\/da\/wp-json\/wp\/v2\/pages"}],"about":[{"href":"https:\/\/team4jc.de\/da\/wp-json\/wp\/v2\/types\/page"}],"author":[{"embeddable":true,"href":"https:\/\/team4jc.de\/da\/wp-json\/wp\/v2\/users\/1"}],"replies":[{"embeddable":true,"href":"https:\/\/team4jc.de\/da\/wp-json\/wp\/v2\/comments?post=2059"}],"version-history":[{"count":1,"href":"https:\/\/team4jc.de\/da\/wp-json\/wp\/v2\/pages\/2059\/revisions"}],"predecessor-version":[{"id":2066,"href":"https:\/\/team4jc.de\/da\/wp-json\/wp\/v2\/pages\/2059\/revisions\/2066"}],"wp:featuredmedia":[{"embeddable":true,"href":"https:\/\/team4jc.de\/da\/wp-json\/wp\/v2\/media\/1289"}],"wp:attachment":[{"href":"https:\/\/team4jc.de\/da\/wp-json\/wp\/v2\/media?parent=2059"}],"curies":[{"name":"wp","href":"https:\/\/api.w.org\/{rel}","templated":true}]}}