{"id":2056,"date":"2022-08-30T20:44:49","date_gmt":"2022-08-30T18:44:49","guid":{"rendered":"https:\/\/team4jc.de\/visionen\/"},"modified":"2023-01-24T17:19:30","modified_gmt":"2023-01-24T16:19:30","slug":"visionen","status":"publish","type":"page","link":"https:\/\/team4jc.de\/da\/visionen\/","title":{"rendered":"Visionen"},"content":{"rendered":"<h1 class=\"animate from-top wp-block-post-title\">Visionen<\/h1>\n<p class=\"animate from-bottom\">Vi \u00f8nsker at hj\u00e6lpe unge mennesker med at gribe mulighederne, anerkende deres egne talenter og fremme dem. P\u00e5 en meget praktisk m\u00e5de, ogs\u00e5 gennem f\u00e6lles h\u00e5ndv\u00e6rksprojekter, som det er tilf\u00e6ldet i \u00f8jeblikket med udvidelsen af klubbens bus. Eller nogle gange helt individuelt, s\u00e5 der kan findes tid til den enkelte.<\/p>\n\n<figure class=\"wp-block-image size-full animate from-bottom\"><img loading=\"lazy\" decoding=\"async\" width=\"2817\" height=\"1585\" src=\"https:\/\/team4jc.de\/wp-content\/uploads\/2022\/12\/O530G-Sonnenreflektion-edited.jpg\" alt=\"\" class=\"wp-image-963\" srcset=\"https:\/\/team4jc.de\/wp-content\/uploads\/2022\/12\/O530G-Sonnenreflektion-edited.jpg 2817w, https:\/\/team4jc.de\/wp-content\/uploads\/2022\/12\/O530G-Sonnenreflektion-edited-300x169.jpg 300w, https:\/\/team4jc.de\/wp-content\/uploads\/2022\/12\/O530G-Sonnenreflektion-edited-1024x576.jpg 1024w, https:\/\/team4jc.de\/wp-content\/uploads\/2022\/12\/O530G-Sonnenreflektion-edited-768x432.jpg 768w, https:\/\/team4jc.de\/wp-content\/uploads\/2022\/12\/O530G-Sonnenreflektion-edited-1536x864.jpg 1536w, https:\/\/team4jc.de\/wp-content\/uploads\/2022\/12\/O530G-Sonnenreflektion-edited-2048x1152.jpg 2048w, https:\/\/team4jc.de\/wp-content\/uploads\/2022\/12\/O530G-Sonnenreflektion-edited-1980x1114.jpg 1980w\" sizes=\"auto, (max-width: 2817px) 100vw, 2817px\" \/><\/figure>\n\n<p class=\"animate from-bottom\">Vi \u00f8nsker at skabe et sted for et ungdomsf\u00e6llesskab, hvor unge mennesker kan f\u00f8le sig accepteret, v\u00e6rdsat, beskyttet og elsket. Et sted, hvor de kan dele deres historie og turde v\u00e6re dem, de er, med alle deres styrker og svagheder.<\/p>\n\n<p class=\"animate from-bottom\">Vi \u00f8nsker at formidle, at det at v\u00e6re \u00e6gte og have venskaber har en positiv indvirkning p\u00e5 dig og dit milj\u00f8. Dette f\u00f8rer ogs\u00e5 til, at vi kan dr\u00f8mme og realisere dr\u00f8mme i f\u00e6llesskab. At opleve dette og bygge videre p\u00e5 det sammen er vores motiv: at give anledning til nyt h\u00e5b, ikke kun for os selv, men ogs\u00e5 for andre.<\/p>\n\n<div class=\"wp-block-cover alignfull is-light has-parallax\" style=\"min-height:80vh;aspect-ratio:unset;\"><span aria-hidden=\"true\" class=\"wp-block-cover__background has-background-dim-0 has-background-dim\"><\/span><div role=\"img\" class=\"wp-block-cover__image-background wp-image-303 has-parallax\" style=\"background-position:50% 50%;background-image:url(https:\/\/team4jc.de\/wp-content\/uploads\/2022\/09\/Slide-\u25ba-WER-WIR-SIND-\u25ba-neu-20220912-DSC01409_2.jpg)\"><\/div><div class=\"wp-block-cover__inner-container is-layout-flow wp-block-cover-is-layout-flow\">\n<p class=\"has-text-align-center has-large-font-size\"><\/p>\n<\/div><\/div>\n","protected":false},"excerpt":{"rendered":"<p>Vi \u00f8nsker at hj\u00e6lpe unge mennesker med at gribe mulighederne, anerkende deres egne talenter og fremme dem. P\u00e5 en meget praktisk m\u00e5de, ogs\u00e5 gennem f\u00e6lles h\u00e5ndv\u00e6rksprojekter, som det er tilf\u00e6ldet i \u00f8jeblikket med udvidelsen af klubbens bus. Eller nogle gange helt individuelt, s\u00e5 der kan findes tid til den enkelte. Vi \u00f8nsker at skabe et [&hellip;]<\/p>\n","protected":false},"author":1,"featured_media":1281,"parent":0,"menu_order":2,"comment_status":"closed","ping_status":"closed","template":"","meta":{"_eb_attr":"","footnotes":""},"class_list":["post-2056","page","type-page","status-publish","has-post-thumbnail","hentry"],"_links":{"self":[{"href":"https:\/\/team4jc.de\/da\/wp-json\/wp\/v2\/pages\/2056","targetHints":{"allow":["GET"]}}],"collection":[{"href":"https:\/\/team4jc.de\/da\/wp-json\/wp\/v2\/pages"}],"about":[{"href":"https:\/\/team4jc.de\/da\/wp-json\/wp\/v2\/types\/page"}],"author":[{"embeddable":true,"href":"https:\/\/team4jc.de\/da\/wp-json\/wp\/v2\/users\/1"}],"replies":[{"embeddable":true,"href":"https:\/\/team4jc.de\/da\/wp-json\/wp\/v2\/comments?post=2056"}],"version-history":[{"count":1,"href":"https:\/\/team4jc.de\/da\/wp-json\/wp\/v2\/pages\/2056\/revisions"}],"predecessor-version":[{"id":2063,"href":"https:\/\/team4jc.de\/da\/wp-json\/wp\/v2\/pages\/2056\/revisions\/2063"}],"wp:featuredmedia":[{"embeddable":true,"href":"https:\/\/team4jc.de\/da\/wp-json\/wp\/v2\/media\/1281"}],"wp:attachment":[{"href":"https:\/\/team4jc.de\/da\/wp-json\/wp\/v2\/media?parent=2056"}],"curies":[{"name":"wp","href":"https:\/\/api.w.org\/{rel}","templated":true}]}}