{"id":2035,"date":"2022-08-30T20:44:25","date_gmt":"2022-08-30T18:44:25","guid":{"rendered":"https:\/\/team4jc.de\/vores-motiv\/"},"modified":"2024-07-11T15:22:44","modified_gmt":"2024-07-11T13:22:44","slug":"vores-motiv","status":"publish","type":"page","link":"https:\/\/team4jc.de\/da\/hvem-vi-er\/vores-motiv\/","title":{"rendered":"Vores motiv"},"content":{"rendered":"<h1 class=\"animate from-top wp-block-post-title\">Vores motiv<\/h1>\n<p class=\"animate from-bottom\">Venskab. Anerkendelse. Godkendelse. Godkendelse. Oprigtighed. Hj\u00e6lpe andre. L\u00e6ring. K\u00e6rlighed. Latter. Livet.<\/p>\n\n<figure class=\"wp-block-gallery aligncenter has-nested-images columns-default is-cropped animate from-bottom wp-block-gallery-1 is-layout-flex wp-block-gallery-is-layout-flex\">\n<figure class=\"wp-block-image size-full is-style-default\"><a href=\"https:\/\/team4jc.de\/wp-content\/uploads\/2022\/09\/IMG_1825.00_10_52_19.Standbild002.jpg\"><img loading=\"lazy\" decoding=\"async\" width=\"3840\" height=\"2700\" data-id=\"579\" src=\"https:\/\/team4jc.de\/wp-content\/uploads\/2022\/09\/IMG_1825.00_10_52_19.Standbild002.jpg\" alt=\"\" class=\"wp-image-579\" srcset=\"https:\/\/team4jc.de\/wp-content\/uploads\/2022\/09\/IMG_1825.00_10_52_19.Standbild002.jpg 3840w, https:\/\/team4jc.de\/wp-content\/uploads\/2022\/09\/IMG_1825.00_10_52_19.Standbild002-300x211.jpg 300w, https:\/\/team4jc.de\/wp-content\/uploads\/2022\/09\/IMG_1825.00_10_52_19.Standbild002-1024x720.jpg 1024w, https:\/\/team4jc.de\/wp-content\/uploads\/2022\/09\/IMG_1825.00_10_52_19.Standbild002-768x540.jpg 768w, https:\/\/team4jc.de\/wp-content\/uploads\/2022\/09\/IMG_1825.00_10_52_19.Standbild002-1536x1080.jpg 1536w, https:\/\/team4jc.de\/wp-content\/uploads\/2022\/09\/IMG_1825.00_10_52_19.Standbild002-2048x1440.jpg 2048w, https:\/\/team4jc.de\/wp-content\/uploads\/2022\/09\/IMG_1825.00_10_52_19.Standbild002-1980x1392.jpg 1980w\" sizes=\"auto, (max-width: 3840px) 100vw, 3840px\" \/><\/a><\/figure>\n<\/figure>\n\n<p class=\"animate from-bottom\">Disse og andre v\u00e6rdier har formet os i vores ungdom. Derfor er den kristne tro ogs\u00e5 vigtig for os. Vi har oplevet, hvad det vil sige at f\u00e5 nyt mod til at leve ud fra et trosforhold til Gud gennem Jesus Kristus.<\/p>\n\n<p class=\"animate from-bottom\">Det har givet os h\u00e5b og stabilitet i vores dagligdag i de sidste par \u00e5r.<\/p>\n\n<p class=\"animate from-bottom\">Det er det, vi er, det er vores motiver, det er det, der er vigtigt for os, og vi \u00f8nsker at dele alt det med folk.<\/p>\n\n<p class=\"animate from-bottom has-primary-color has-text-color\">Noget, der er meget bev\u00e6gende for os i teamet i \u00f8jeblikket, er vores <a href=\"https:\/\/team4jc.de\/ukraine-einsatz\/\">Ukraine-mission<\/a> fra marts 2022 og det, der kom ud af den. P\u00e5 vores rejse fra Ukraine til Flensborg fik vi nogle af de 49 personers historier om bord, lyttede til dem og tilbragte 33 timer med dem i bussen. Mennesker, der har mistet alt, til dels ogs\u00e5 sl\u00e6gtninge, alle sammen, kunne dog acceptere \u00e9n ting p\u00e5 trods af dramatiske oplevelser, som de havde oplevet direkte forudg\u00e5ende i deres egen krop: Tr\u00f8st og h\u00e5b! Det har vi alle brug for! Der er opst\u00e5et venskaber med mange af dem i l\u00f8bet af m\u00e5nederne, og vi kan fortsat hj\u00e6lpe mange af dem.  <\/p>\n\n<div class=\"wp-block-cover alignfull is-light has-parallax cover-contain\" style=\"min-height:80vh;aspect-ratio:unset;\"><span aria-hidden=\"true\" class=\"wp-block-cover__background has-background-dim-0 has-background-dim\"><\/span><div class=\"wp-block-cover__image-background wp-image-242 has-parallax\" style=\"background-position:50% 50%;background-image:url(https:\/\/team4jc.de\/wp-content\/uploads\/2022\/09\/Slight-Ersatz-01-fur-Zeitungsartikel-IMG-20220318-WA0011_2.jpg)\"><\/div><div class=\"wp-block-cover__inner-container is-layout-flow wp-block-cover-is-layout-flow\">\n<p class=\"has-text-align-center has-large-font-size\"><\/p>\n<\/div><\/div>\n\n<figure class=\"wp-block-gallery has-nested-images columns-default is-cropped aligncenter animate from-bottom wp-block-gallery-2 is-layout-flex wp-block-gallery-is-layout-flex\">\n<figure class=\"wp-block-image size-full is-style-default\"><a href=\"https:\/\/team4jc.de\/wer-wir-sind\/unser-motiv\/nieharde-brief-2022-pdf-seiten-67-ukraine\/\" target=\"_blank\" rel=\"noopener\"><img loading=\"lazy\" decoding=\"async\" width=\"3509\" height=\"2484\" data-id=\"315\" src=\"https:\/\/team4jc.de\/wp-content\/uploads\/2022\/09\/Nieharde-Brief-2022-PDF-Seiten-67-Ukraine.png\" alt=\"\" class=\"wp-image-315\" srcset=\"https:\/\/team4jc.de\/wp-content\/uploads\/2022\/09\/Nieharde-Brief-2022-PDF-Seiten-67-Ukraine.png 3509w, https:\/\/team4jc.de\/wp-content\/uploads\/2022\/09\/Nieharde-Brief-2022-PDF-Seiten-67-Ukraine-300x212.png 300w, https:\/\/team4jc.de\/wp-content\/uploads\/2022\/09\/Nieharde-Brief-2022-PDF-Seiten-67-Ukraine-1024x725.png 1024w, https:\/\/team4jc.de\/wp-content\/uploads\/2022\/09\/Nieharde-Brief-2022-PDF-Seiten-67-Ukraine-768x544.png 768w, https:\/\/team4jc.de\/wp-content\/uploads\/2022\/09\/Nieharde-Brief-2022-PDF-Seiten-67-Ukraine-1536x1087.png 1536w, https:\/\/team4jc.de\/wp-content\/uploads\/2022\/09\/Nieharde-Brief-2022-PDF-Seiten-67-Ukraine-2048x1450.png 2048w, https:\/\/team4jc.de\/wp-content\/uploads\/2022\/09\/Nieharde-Brief-2022-PDF-Seiten-67-Ukraine-1980x1402.png 1980w\" sizes=\"auto, (max-width: 3509px) 100vw, 3509px\" \/><\/a><\/figure>\n<figcaption class=\"blocks-gallery-caption wp-element-caption\">Nieharde Brev 2022 Side 6+7 Ukraine<\/figcaption><\/figure>\n\n<figure class=\"wp-block-gallery has-nested-images columns-default is-cropped animate from-bottom wp-block-gallery-3 is-layout-flex wp-block-gallery-is-layout-flex\">\n<figure class=\"wp-block-image size-full\"><a href=\"https:\/\/team4jc.de\/wer-wir-sind\/unser-motiv\/screenshot-2022-09-13-at-17-48-08-amtskurier-2022-03-_februar_marz_2022-pdf-%e2%96%ba-amtskurier-2022-03-seite-1-22-pdf\/\" target=\"_blank\" rel=\"noopener\"><img decoding=\"async\" data-id=\"290\" src=\"https:\/\/team4jc.de\/wp-content\/uploads\/2022\/09\/Screenshot-2022-09-13-at-17-48-08-Amtskurier-2022-03-_Februar_Marz_2022.pdf-&#x25BA;-Amtskurier-2022-03-Seite-1-22.pdf.png\" alt=\"\" class=\"wp-image-290\"\/><\/a><\/figure>\n\n\n\n<figure class=\"wp-block-image size-full\"><a href=\"https:\/\/team4jc.de\/wer-wir-sind\/unser-motiv\/%e2%96%ba-amtskurier-2022-03-seite-122_seite_2\/\" target=\"_blank\" rel=\"noopener\"><img decoding=\"async\" data-id=\"381\" src=\"https:\/\/team4jc.de\/wp-content\/uploads\/2022\/09\/&#x25BA;-Amtskurier-2022-03-Seite-122_Seite_2.png\" alt=\"\" class=\"wp-image-381\"\/><\/a><\/figure>\n<figcaption class=\"blocks-gallery-caption wp-element-caption\">Statstidende 2022-03 (side 1, 22)<\/figcaption><\/figure>\n\n<figure class=\"wp-block-gallery has-nested-images columns-default is-cropped animate from-bottom wp-block-gallery-4 is-layout-flex wp-block-gallery-is-layout-flex\">\n<figure class=\"wp-block-image size-full\"><a href=\"https:\/\/team4jc.de\/screenshot-2022-09-13-at-17-51-10-amtskurier-2022-05-3-seiten-pdf-%e2%96%ba-amtskurier-2022-05-seite-1-25-26-pdf\/\" target=\"_blank\" rel=\"noopener\"><img decoding=\"async\" data-id=\"295\" src=\"https:\/\/team4jc.de\/wp-content\/uploads\/2022\/09\/Screenshot-2022-09-13-at-17-51-10-Amtskurier-2022-05-3-Seiten.pdf-&#x25BA;-Amtskurier-2022-05-Seite-1-25-26.pdf.png\" alt=\"\" class=\"wp-image-295\"\/><\/a><\/figure>\n\n\n\n<figure class=\"wp-block-image size-full\"><a href=\"https:\/\/team4jc.de\/wer-wir-sind\/unser-motiv\/%e2%96%ba-amtskurier-2022-05-seite-12526_seite_2\/\" target=\"_blank\" rel=\"noopener\"><img decoding=\"async\" data-id=\"383\" src=\"https:\/\/team4jc.de\/wp-content\/uploads\/2022\/09\/&#x25BA;-Amtskurier-2022-05-Seite-12526_Seite_2.png\" alt=\"\" class=\"wp-image-383\"\/><\/a><\/figure>\n\n\n\n<figure class=\"wp-block-image size-full\"><a href=\"https:\/\/team4jc.de\/wer-wir-sind\/unser-motiv\/%e2%96%ba-amtskurier-2022-05-seite-12526_seite_3\/\" target=\"_blank\" rel=\"noopener\"><img decoding=\"async\" data-id=\"382\" src=\"https:\/\/team4jc.de\/wp-content\/uploads\/2022\/09\/&#x25BA;-Amtskurier-2022-05-Seite-12526_Seite_3.png\" alt=\"\" class=\"wp-image-382\"\/><\/a><\/figure>\n<figcaption class=\"blocks-gallery-caption wp-element-caption\">Statstidende 2022-05 (side 1, 25, 26)<\/figcaption><\/figure>\n\n<figure class=\"wp-block-gallery has-nested-images columns-4 is-cropped animate from-bottom wp-block-gallery-5 is-layout-flex wp-block-gallery-is-layout-flex\">\n<figure class=\"wp-block-image size-full\"><a href=\"https:\/\/team4jc.de\/screenshot-2022-09-13-at-17-52-57-amtskurier-2022-07-_juni___juli_2022-pdf-%e2%96%ba-amtskurier-2022-07-seite-1-29-32-33-pdf\/\" target=\"_blank\" rel=\"noopener\"><img decoding=\"async\" data-id=\"297\" src=\"https:\/\/team4jc.de\/wp-content\/uploads\/2022\/09\/Screenshot-2022-09-13-at-17-52-57-Amtskurier-2022-07-_Juni___Juli_2022.pdf-&#x25BA;-Amtskurier-2022-07-Seite-1-29-32-33.pdf.png\" alt=\"\" class=\"wp-image-297\"\/><\/a><\/figure>\n\n\n\n<figure class=\"wp-block-image size-full\"><a href=\"https:\/\/team4jc.de\/wer-wir-sind\/unser-motiv\/%e2%96%ba-amtskurier-2022-07-seite-1293233_seite_2\/\" target=\"_blank\" rel=\"noopener\"><img decoding=\"async\" data-id=\"387\" src=\"https:\/\/team4jc.de\/wp-content\/uploads\/2022\/09\/&#x25BA;-Amtskurier-2022-07-Seite-1293233_Seite_2.png\" alt=\"\" class=\"wp-image-387\"\/><\/a><\/figure>\n\n\n\n<figure class=\"wp-block-image size-full\"><a href=\"https:\/\/team4jc.de\/wer-wir-sind\/unser-motiv\/%e2%96%ba-amtskurier-2022-07-seite-1293233_seite_3\/\" target=\"_blank\" rel=\"noopener\"><img decoding=\"async\" data-id=\"386\" src=\"https:\/\/team4jc.de\/wp-content\/uploads\/2022\/09\/&#x25BA;-Amtskurier-2022-07-Seite-1293233_Seite_3.png\" alt=\"\" class=\"wp-image-386\"\/><\/a><\/figure>\n\n\n\n<figure class=\"wp-block-image size-full\"><a href=\"https:\/\/team4jc.de\/wer-wir-sind\/unser-motiv\/%e2%96%ba-amtskurier-2022-07-seite-1293233_seite_4\/\" target=\"_blank\" rel=\"noopener\"><img decoding=\"async\" data-id=\"385\" src=\"https:\/\/team4jc.de\/wp-content\/uploads\/2022\/09\/&#x25BA;-Amtskurier-2022-07-Seite-1293233_Seite_4.png\" alt=\"\" class=\"wp-image-385\"\/><\/a><\/figure>\n<figcaption class=\"blocks-gallery-caption wp-element-caption\">Statstidende 2022-07 (side 1, 29, 32, 33)<\/figcaption><\/figure>\n\n<figure class=\"wp-block-gallery has-nested-images columns-4 is-cropped animate from-bottom wp-block-gallery-6 is-layout-flex wp-block-gallery-is-layout-flex\">\n<figure class=\"wp-block-image size-full\"><a href=\"https:\/\/team4jc.de\/screenshot-2022-09-13-at-17-54-38-amtskurier-2022-09-_august_september_2022-pdf-%e2%96%ba-amtskurier-2022-09-seite-1-20-pdf\/\" target=\"_blank\" rel=\"noopener\"><img decoding=\"async\" data-id=\"299\" src=\"https:\/\/team4jc.de\/wp-content\/uploads\/2022\/09\/Screenshot-2022-09-13-at-17-54-38-Amtskurier-2022-09-_August_September_2022.pdf-&#x25BA;-Amtskurier-2022-09-Seite-1-20.pdf.png\" alt=\"\" class=\"wp-image-299\"\/><\/a><\/figure>\n\n\n\n<figure class=\"wp-block-image size-full\"><a href=\"https:\/\/team4jc.de\/wer-wir-sind\/unser-motiv\/%e2%96%ba-amtskurier-2022-09-seite-120_seite_2\/\" target=\"_blank\" rel=\"noopener\"><img decoding=\"async\" data-id=\"389\" src=\"https:\/\/team4jc.de\/wp-content\/uploads\/2022\/09\/&#x25BA;-Amtskurier-2022-09-Seite-120_Seite_2.png\" alt=\"\" class=\"wp-image-389\"\/><\/a><\/figure>\n<figcaption class=\"blocks-gallery-caption wp-element-caption\">Statstidende 2022-09 (side 1, 20)<\/figcaption><\/figure>\n\n<figure class=\"wp-block-gallery has-nested-images columns-4 is-cropped animate from-bottom wp-block-gallery-7 is-layout-flex wp-block-gallery-is-layout-flex\">\n<figure class=\"wp-block-image size-full\"><a href=\"https:\/\/team4jc.de\/wer-wir-sind\/unser-motiv\/flensburger-tageblatt-21-maerz-2022\/\" target=\"_blank\" rel=\"noopener\"><img loading=\"lazy\" decoding=\"async\" width=\"1600\" height=\"954\" data-id=\"391\" src=\"https:\/\/team4jc.de\/wp-content\/uploads\/2022\/09\/Flensburger-Tageblatt-21-Maerz-2022.jpg\" alt=\"\" class=\"wp-image-391\" srcset=\"https:\/\/team4jc.de\/wp-content\/uploads\/2022\/09\/Flensburger-Tageblatt-21-Maerz-2022.jpg 1600w, https:\/\/team4jc.de\/wp-content\/uploads\/2022\/09\/Flensburger-Tageblatt-21-Maerz-2022-300x179.jpg 300w, https:\/\/team4jc.de\/wp-content\/uploads\/2022\/09\/Flensburger-Tageblatt-21-Maerz-2022-1024x611.jpg 1024w, https:\/\/team4jc.de\/wp-content\/uploads\/2022\/09\/Flensburger-Tageblatt-21-Maerz-2022-768x458.jpg 768w, https:\/\/team4jc.de\/wp-content\/uploads\/2022\/09\/Flensburger-Tageblatt-21-Maerz-2022-1536x916.jpg 1536w\" sizes=\"auto, (max-width: 1600px) 100vw, 1600px\" \/><\/a><\/figure>\n<figcaption class=\"blocks-gallery-caption wp-element-caption\">Flensburger Tageblatt, 21. marts 2022<\/figcaption><\/figure>\n","protected":false},"excerpt":{"rendered":"<p>Venskab. Anerkendelse. Godkendelse. Godkendelse. Oprigtighed. Hj\u00e6lpe andre. L\u00e6ring. K\u00e6rlighed. Latter. Livet. Disse og andre v\u00e6rdier har formet os i vores ungdom. Derfor er den kristne tro ogs\u00e5 vigtig for os. Vi har oplevet, hvad det vil sige at f\u00e5 nyt mod til at leve ud fra et trosforhold til Gud gennem Jesus Kristus. Det har [&hellip;]<\/p>\n","protected":false},"author":1,"featured_media":1285,"parent":2059,"menu_order":0,"comment_status":"closed","ping_status":"closed","template":"","meta":{"_eb_attr":"","footnotes":""},"class_list":["post-2035","page","type-page","status-publish","has-post-thumbnail","hentry"],"_links":{"self":[{"href":"https:\/\/team4jc.de\/da\/wp-json\/wp\/v2\/pages\/2035","targetHints":{"allow":["GET"]}}],"collection":[{"href":"https:\/\/team4jc.de\/da\/wp-json\/wp\/v2\/pages"}],"about":[{"href":"https:\/\/team4jc.de\/da\/wp-json\/wp\/v2\/types\/page"}],"author":[{"embeddable":true,"href":"https:\/\/team4jc.de\/da\/wp-json\/wp\/v2\/users\/1"}],"replies":[{"embeddable":true,"href":"https:\/\/team4jc.de\/da\/wp-json\/wp\/v2\/comments?post=2035"}],"version-history":[{"count":2,"href":"https:\/\/team4jc.de\/da\/wp-json\/wp\/v2\/pages\/2035\/revisions"}],"predecessor-version":[{"id":2541,"href":"https:\/\/team4jc.de\/da\/wp-json\/wp\/v2\/pages\/2035\/revisions\/2541"}],"up":[{"embeddable":true,"href":"https:\/\/team4jc.de\/da\/wp-json\/wp\/v2\/pages\/2059"}],"wp:featuredmedia":[{"embeddable":true,"href":"https:\/\/team4jc.de\/da\/wp-json\/wp\/v2\/media\/1285"}],"wp:attachment":[{"href":"https:\/\/team4jc.de\/da\/wp-json\/wp\/v2\/media?parent=2035"}],"curies":[{"name":"wp","href":"https:\/\/api.w.org\/{rel}","templated":true}]}}